{"id":410468,"date":"2025-05-18T23:31:00","date_gmt":"2025-05-18T23:31:00","guid":{"rendered":"https:\/\/staging2.stylingagenten.com\/no\/produkt\/toppik-hair-building-fibers-large-27-5g-auburn\/"},"modified":"2026-04-09T06:47:32","modified_gmt":"2026-04-09T06:47:32","slug":"toppik-hair-building-fibers-large-27-5g-auburn","status":"publish","type":"product","link":"https:\/\/stylingagenten.com\/no\/produkt\/toppik-hair-building-fibers-large-27-5g-auburn\/","title":{"rendered":"Toppik Hair Building Fibers Large 27.5g &#8211; Auburn"},"content":{"rendered":"<p id=\"isPasted\" style=\"line-height:normal\">Verdens bestselgende stylingprodukt for tynt h\u00e5r. Endelig er det n\u00e5 en trygg, enkel og naturlig m\u00e5te \u00e5 skjule h\u00e5rtapet p\u00e5.<br \/>&nbsp; Toppiks avanserte produksjonsprosess lar h\u00e5ret gjenvinne tettheten og volumet det en gang hadde, uten transplantasjon eller andre kostbare behandlinger.<br \/>&nbsp;<br \/>&nbsp;Toppik er et produkt for de med tynt h\u00e5r. Toppik er sm\u00e5 mikrofibre som enkelt p\u00e5f\u00f8res h\u00e5ret ditt og takket v\u00e6re en avansert produksjonsprosess fester de seg til h\u00e5rstr\u00e5ene dine ved hjelp av dets statiske elektrisitet. Ettersom Toppik er helt naturlige h\u00e5rfibre laget av organisk keratinprotein, det samme som h\u00e5ret ditt, er det helt ufarlig og kan ikke skade h\u00e5ret ditt.<\/p>\n","protected":false},"excerpt":{"rendered":"<p>Verdens bestselgende stylingprodukt for tynt h\u00e5r. Endelig er det n\u00e5 en trygg, enkel og naturlig m\u00e5te \u00e5 skjule h\u00e5rtapet p\u00e5.&nbsp; Toppiks avanserte produksjonsprosess lar h\u00e5ret gjenvinne tettheten og volumet det en gang hadde, uten transplantasjon eller andre kostbare behandlinger.&nbsp;&nbsp;Toppik er et produkt for de med tynt h\u00e5r. Toppik er sm\u00e5 mikrofibre som enkelt p\u00e5f\u00f8res h\u00e5ret [&hellip;]<\/p>\n","protected":false},"featured_media":410467,"comment_status":"open","ping_status":"closed","template":"","meta":{"_trash_the_other_posts":false},"product_brand":[],"product_cat":[1003,640],"product_tag":[4019],"berocket_brand":[1207],"class_list":{"0":"post-410468","1":"product","2":"type-product","3":"status-publish","4":"has-post-thumbnail","6":"product_cat-bestselgere","7":"product_cat-utvekst","8":"product_tag-toppik-hair-building-fibers-large-27-5g","9":"pa_brand-toppik","10":"pa_variant-auburn","11":"berocket_brand-toppik","13":"first","14":"instock","15":"sale","16":"taxable","17":"shipping-taxable","18":"purchasable","19":"product-type-simple"},"_links":{"self":[{"href":"https:\/\/stylingagenten.com\/no\/wp-json\/wp\/v2\/product\/410468","targetHints":{"allow":["GET"]}}],"collection":[{"href":"https:\/\/stylingagenten.com\/no\/wp-json\/wp\/v2\/product"}],"about":[{"href":"https:\/\/stylingagenten.com\/no\/wp-json\/wp\/v2\/types\/product"}],"replies":[{"embeddable":true,"href":"https:\/\/stylingagenten.com\/no\/wp-json\/wp\/v2\/comments?post=410468"}],"version-history":[{"count":0,"href":"https:\/\/stylingagenten.com\/no\/wp-json\/wp\/v2\/product\/410468\/revisions"}],"wp:featuredmedia":[{"embeddable":true,"href":"https:\/\/stylingagenten.com\/no\/wp-json\/wp\/v2\/media\/410467"}],"wp:attachment":[{"href":"https:\/\/stylingagenten.com\/no\/wp-json\/wp\/v2\/media?parent=410468"}],"wp:term":[{"taxonomy":"product_brand","embeddable":true,"href":"https:\/\/stylingagenten.com\/no\/wp-json\/wp\/v2\/product_brand?post=410468"},{"taxonomy":"product_cat","embeddable":true,"href":"https:\/\/stylingagenten.com\/no\/wp-json\/wp\/v2\/product_cat?post=410468"},{"taxonomy":"product_tag","embeddable":true,"href":"https:\/\/stylingagenten.com\/no\/wp-json\/wp\/v2\/product_tag?post=410468"},{"taxonomy":"berocket_brand","embeddable":true,"href":"https:\/\/stylingagenten.com\/no\/wp-json\/wp\/v2\/berocket_brand?post=410468"}],"curies":[{"name":"wp","href":"https:\/\/api.w.org\/{rel}","templated":true}]}}