{"id":410445,"date":"2025-05-18T23:30:56","date_gmt":"2025-05-18T23:30:56","guid":{"rendered":"https:\/\/staging2.stylingagenten.com\/no\/produkt\/babyliss-for-men-multi-trimmer-nose-and-ear\/"},"modified":"2026-03-30T07:58:29","modified_gmt":"2026-03-30T07:58:29","slug":"babyliss-for-men-multi-trimmer-nose-and-ear","status":"publish","type":"product","link":"https:\/\/stylingagenten.com\/no\/produkt\/babyliss-for-men-multi-trimmer-nose-and-ear\/","title":{"rendered":"Babyliss for Men Multi Trimmer &#8211; Nose and Ear"},"content":{"rendered":"<div style=\"margin: 0px;padding: 0px;max-width: none;width: 980px;float: none;font-family: Muli, sans-serif;font-size: 12px;font-style: normal;font-weight: 400;text-indent: 0px;text-transform: none;white-space: normal\">\n<p><strong>Fjern nese- og brynh\u00e5r med en sikker, rask og sk\u00e5nsom trimmer<\/strong><\/p>\n<p>L&amp;ouml Avtakbart og vaskbart hode som letter rengj\u00f8ringen.<\/p>\n<p>&#8211; Batteridrevet strengtrimmer<br \/>&#8211; 1 AA-batteri inkludert<br \/>&#8211; Avtakbart hode som letter reng&ouml;ring<br \/>&#8211; 3 \u00e5rs garanti<\/p>\n<p><\/p>\n<\/div>\n<p><\/p>\n<div style=\"margin: 0px -0.625rem;max-width: ingen\">\n<div style=\"margin: 0px;float: left\">\n<div style=\"margin: 0px -0,625rem;max-width: none\">\n<div style=\"margin: 0px;float: left\">\n<div style=\"margin: 0px;padding: 0px\"><\/div>\n<\/div>\n<\/div>\n<\/div>\n<\/div>\n<p><\/p>\n","protected":false},"excerpt":{"rendered":"<p>Fjern nese- og brynh\u00e5r med en sikker, rask og sk\u00e5nsom trimmer L&amp;ouml Avtakbart og vaskbart hode som letter rengj\u00f8ringen. &#8211; Batteridrevet strengtrimmer&#8211; 1 AA-batteri inkludert&#8211; Avtakbart hode som letter reng&ouml;ring&#8211; 3 \u00e5rs garanti<\/p>\n","protected":false},"featured_media":410444,"comment_status":"open","ping_status":"closed","template":"","meta":{"_trash_the_other_posts":false},"product_brand":[],"product_cat":[604],"product_tag":[],"berocket_brand":[1166],"class_list":{"0":"post-410445","1":"product","2":"type-product","3":"status-publish","4":"has-post-thumbnail","6":"product_cat-skjeggtrimmer","7":"pa_brand-babyliss","8":"berocket_brand-babyliss","10":"first","11":"instock","12":"taxable","13":"shipping-taxable","14":"purchasable","15":"product-type-simple"},"_links":{"self":[{"href":"https:\/\/stylingagenten.com\/no\/wp-json\/wp\/v2\/product\/410445","targetHints":{"allow":["GET"]}}],"collection":[{"href":"https:\/\/stylingagenten.com\/no\/wp-json\/wp\/v2\/product"}],"about":[{"href":"https:\/\/stylingagenten.com\/no\/wp-json\/wp\/v2\/types\/product"}],"replies":[{"embeddable":true,"href":"https:\/\/stylingagenten.com\/no\/wp-json\/wp\/v2\/comments?post=410445"}],"version-history":[{"count":0,"href":"https:\/\/stylingagenten.com\/no\/wp-json\/wp\/v2\/product\/410445\/revisions"}],"wp:featuredmedia":[{"embeddable":true,"href":"https:\/\/stylingagenten.com\/no\/wp-json\/wp\/v2\/media\/410444"}],"wp:attachment":[{"href":"https:\/\/stylingagenten.com\/no\/wp-json\/wp\/v2\/media?parent=410445"}],"wp:term":[{"taxonomy":"product_brand","embeddable":true,"href":"https:\/\/stylingagenten.com\/no\/wp-json\/wp\/v2\/product_brand?post=410445"},{"taxonomy":"product_cat","embeddable":true,"href":"https:\/\/stylingagenten.com\/no\/wp-json\/wp\/v2\/product_cat?post=410445"},{"taxonomy":"product_tag","embeddable":true,"href":"https:\/\/stylingagenten.com\/no\/wp-json\/wp\/v2\/product_tag?post=410445"},{"taxonomy":"berocket_brand","embeddable":true,"href":"https:\/\/stylingagenten.com\/no\/wp-json\/wp\/v2\/berocket_brand?post=410445"}],"curies":[{"name":"wp","href":"https:\/\/api.w.org\/{rel}","templated":true}]}}