{"id":410430,"date":"2025-05-18T23:30:53","date_gmt":"2025-05-18T23:30:53","guid":{"rendered":"https:\/\/staging2.stylingagenten.com\/no\/produkt\/wahl-magic-clip-cordless\/"},"modified":"2026-01-26T08:07:10","modified_gmt":"2026-01-26T08:07:10","slug":"wahl-magic-clip-cordless","status":"publish","type":"product","link":"https:\/\/stylingagenten.com\/no\/produkt\/wahl-magic-clip-cordless\/","title":{"rendered":"Wahl Magic Clip Cordless"},"content":{"rendered":"<div class=\"ajax__tab_body\" id=\"ctl00_main_ctl00_ctl00_tabContent_body\">&gt;&gt; Den 5-stjerners Cordless Magic Clip er designet for \u00e5 levere den skarpe ytelsen som eksperter krever med friheten til en tr\u00e5dl\u00f8s klipper. Magien er i bladene! Cordless Magic Clip har et h\u00f8ypresisjons stagger-tooth 2161-blad med crunch-teknologi. Dette tr\u00e5dl\u00f8se verkt\u00f8yet tilbyr hastighet og brukervennlighet i verdensklasse, en praktisk avsmalnende spak for enkel uttoning, og et litium-ion-batteri for 100 minutters driftstid per lading. Den har ogs\u00e5&aring; en lednings\/lednings klippekapasitet.&nbsp;<\/p>\n<\/div>\n<\/div>\n<\/div>\n","protected":false},"excerpt":{"rendered":"<p>&gt;&gt; Den 5-stjerners Cordless Magic Clip er designet for \u00e5 levere den skarpe ytelsen som eksperter krever med friheten til en tr\u00e5dl\u00f8s klipper. Magien er i bladene! Cordless Magic Clip har et h\u00f8ypresisjons stagger-tooth 2161-blad med crunch-teknologi. Dette tr\u00e5dl\u00f8se verkt\u00f8yet tilbyr hastighet og brukervennlighet i verdensklasse, en praktisk avsmalnende spak for enkel uttoning, og et [&hellip;]<\/p>\n","protected":false},"featured_media":410414,"comment_status":"open","ping_status":"closed","template":"","meta":{"_trash_the_other_posts":false},"product_brand":[],"product_cat":[1003,604],"product_tag":[],"berocket_brand":[1145],"class_list":{"0":"post-410430","1":"product","2":"type-product","3":"status-publish","4":"has-post-thumbnail","6":"product_cat-bestselgere","7":"product_cat-skjeggtrimmer","8":"pa_brand-wahl","9":"berocket_brand-wahl","11":"first","12":"instock","13":"sale","14":"taxable","15":"shipping-taxable","16":"purchasable","17":"product-type-simple"},"_links":{"self":[{"href":"https:\/\/stylingagenten.com\/no\/wp-json\/wp\/v2\/product\/410430","targetHints":{"allow":["GET"]}}],"collection":[{"href":"https:\/\/stylingagenten.com\/no\/wp-json\/wp\/v2\/product"}],"about":[{"href":"https:\/\/stylingagenten.com\/no\/wp-json\/wp\/v2\/types\/product"}],"replies":[{"embeddable":true,"href":"https:\/\/stylingagenten.com\/no\/wp-json\/wp\/v2\/comments?post=410430"}],"version-history":[{"count":0,"href":"https:\/\/stylingagenten.com\/no\/wp-json\/wp\/v2\/product\/410430\/revisions"}],"wp:featuredmedia":[{"embeddable":true,"href":"https:\/\/stylingagenten.com\/no\/wp-json\/wp\/v2\/media\/410414"}],"wp:attachment":[{"href":"https:\/\/stylingagenten.com\/no\/wp-json\/wp\/v2\/media?parent=410430"}],"wp:term":[{"taxonomy":"product_brand","embeddable":true,"href":"https:\/\/stylingagenten.com\/no\/wp-json\/wp\/v2\/product_brand?post=410430"},{"taxonomy":"product_cat","embeddable":true,"href":"https:\/\/stylingagenten.com\/no\/wp-json\/wp\/v2\/product_cat?post=410430"},{"taxonomy":"product_tag","embeddable":true,"href":"https:\/\/stylingagenten.com\/no\/wp-json\/wp\/v2\/product_tag?post=410430"},{"taxonomy":"berocket_brand","embeddable":true,"href":"https:\/\/stylingagenten.com\/no\/wp-json\/wp\/v2\/berocket_brand?post=410430"}],"curies":[{"name":"wp","href":"https:\/\/api.w.org\/{rel}","templated":true}]}}