{"id":410399,"date":"2025-05-18T23:30:47","date_gmt":"2025-05-18T23:30:47","guid":{"rendered":"https:\/\/staging2.stylingagenten.com\/no\/produkt\/wahl-t-wide-detailer-trimmer-red\/"},"modified":"2026-01-14T06:56:39","modified_gmt":"2026-01-14T06:56:39","slug":"wahl-t-wide-detailer-trimmer-red","status":"publish","type":"product","link":"https:\/\/stylingagenten.com\/no\/produkt\/wahl-t-wide-detailer-trimmer-red\/","title":{"rendered":"Wahl T-Wide Detailer Trimmer Red"},"content":{"rendered":"<p>Wahl Professional Wide Detailer er en kraftig tr\u00e5dtrimmer, perfekt for kontinuerlig bruk. <br \/>Profesjonell rotasjonsmotor for holdbarhet og lang levetid. H\u00f8y presisjon ekstra bred 38mm WAHL \u00ae T-BLADE. Justert til &laquo;0&raquo; overlapping (kan klippes ekstremt kort)<br \/>Vedlikehold:<br \/>Maskinen leveres med en liten oljeflaske og en liten b\u00f8rste som brukes til \u00e5 sm\u00f8re og fjerne h\u00e5r fra maskinen etter behov.<br \/>I Hvis avisen gir seg etter mange \u00e5rs forbruk, er det superenkelt \u00e5 erstatte den.<br \/>Funksjoner:<br \/>3 avstandskammer laget av plast nr. 1 (1,5 mm), nr. 2 (4,5 mm) og nr. 3 (6 mm)<br \/>Blade: fast, kromblad<br \/>Kuttlengde: 0,2 mm<br \/>Kuttbredde: 38 mm<br \/>Tekniske spesifikasjoner:<br \/>Driving: Roterende motor, 5000 rpm<br \/>Kontinuerlig Drift<br \/>Kabellengde: 2,9 m<br \/>Nettspenning: 100-240 V, 50\/60 H<\/p>\n","protected":false},"excerpt":{"rendered":"<p>Wahl Professional Wide Detailer er en kraftig tr\u00e5dtrimmer, perfekt for kontinuerlig bruk. Profesjonell rotasjonsmotor for holdbarhet og lang levetid. H\u00f8y presisjon ekstra bred 38mm WAHL \u00ae T-BLADE. Justert til &laquo;0&raquo; overlapping (kan klippes ekstremt kort)Vedlikehold:Maskinen leveres med en liten oljeflaske og en liten b\u00f8rste som brukes til \u00e5 sm\u00f8re og fjerne h\u00e5r fra maskinen etter [&hellip;]<\/p>\n","protected":false},"featured_media":410378,"comment_status":"open","ping_status":"closed","template":"","meta":{"_trash_the_other_posts":false},"product_brand":[],"product_cat":[1003,604],"product_tag":[],"berocket_brand":[1145],"class_list":{"0":"post-410399","1":"product","2":"type-product","3":"status-publish","4":"has-post-thumbnail","6":"product_cat-bestselgere","7":"product_cat-skjeggtrimmer","8":"pa_brand-wahl","9":"berocket_brand-wahl","11":"first","12":"instock","13":"sale","14":"taxable","15":"shipping-taxable","16":"purchasable","17":"product-type-simple"},"_links":{"self":[{"href":"https:\/\/stylingagenten.com\/no\/wp-json\/wp\/v2\/product\/410399","targetHints":{"allow":["GET"]}}],"collection":[{"href":"https:\/\/stylingagenten.com\/no\/wp-json\/wp\/v2\/product"}],"about":[{"href":"https:\/\/stylingagenten.com\/no\/wp-json\/wp\/v2\/types\/product"}],"replies":[{"embeddable":true,"href":"https:\/\/stylingagenten.com\/no\/wp-json\/wp\/v2\/comments?post=410399"}],"version-history":[{"count":0,"href":"https:\/\/stylingagenten.com\/no\/wp-json\/wp\/v2\/product\/410399\/revisions"}],"wp:featuredmedia":[{"embeddable":true,"href":"https:\/\/stylingagenten.com\/no\/wp-json\/wp\/v2\/media\/410378"}],"wp:attachment":[{"href":"https:\/\/stylingagenten.com\/no\/wp-json\/wp\/v2\/media?parent=410399"}],"wp:term":[{"taxonomy":"product_brand","embeddable":true,"href":"https:\/\/stylingagenten.com\/no\/wp-json\/wp\/v2\/product_brand?post=410399"},{"taxonomy":"product_cat","embeddable":true,"href":"https:\/\/stylingagenten.com\/no\/wp-json\/wp\/v2\/product_cat?post=410399"},{"taxonomy":"product_tag","embeddable":true,"href":"https:\/\/stylingagenten.com\/no\/wp-json\/wp\/v2\/product_tag?post=410399"},{"taxonomy":"berocket_brand","embeddable":true,"href":"https:\/\/stylingagenten.com\/no\/wp-json\/wp\/v2\/berocket_brand?post=410399"}],"curies":[{"name":"wp","href":"https:\/\/api.w.org\/{rel}","templated":true}]}}