{"id":410367,"date":"2025-05-18T23:30:42","date_gmt":"2025-05-18T23:30:42","guid":{"rendered":"https:\/\/staging2.stylingagenten.com\/no\/produkt\/jean-louis-david-pro-hair-clipper-nordic\/"},"modified":"2026-03-27T15:08:34","modified_gmt":"2026-03-27T15:08:34","slug":"jean-louis-david-pro-hair-clipper-nordic","status":"publish","type":"product","link":"https:\/\/stylingagenten.com\/no\/produkt\/jean-louis-david-pro-hair-clipper-nordic\/","title":{"rendered":"Jean Louis David Pro Hair Clipper Nordic"},"content":{"rendered":"<p>JLD PRO HAIR CLIPER \u2013 Profesjonell h\u00e5rklipper med 37 mm avtagbart og vaskbart blad i rustfritt st\u00e5l med et keramisk titanbelegg som ikke blir like varmt som tradisjonelle st\u00e5lblader eller titanblader og som ogs\u00e5 gir en forbedret klippeytelse og lengre holdbarhet.<\/p>\n<p>Velg mellom 4 faste kammer p\u00e5 3, 6, 9, 12 mm og uavhengig av valg av kam kan du justere niv\u00e5spaken for ytterligere lengder for \u00e5 skreddersy lengden du \u00f8nsker og kan gi opptil 20 forskjellige lengdeinnstillinger. Niv\u00e5spaken kan justeres i 4 niv\u00e5er mellom 0,5 til 2 mm (0,5, 1, 1,5 og 2 mm)<\/p>\n<p>Med et kraftig litiumbatteri for langvarig ytelse, har h\u00e5rklipperen en brukstid p\u00e5 120 minutter og den digitale LED-displayet viser gjenv\u00e6rende batteritid. En full lading tar kun 90 minutter og lades praktisk i den medf\u00f8lgende ladestasjonen. Pakken inneholder ogs\u00e5 en olje for bladene og en renseb\u00f8rste for \u00e5 holde klipperen hygienisk og ren.<\/p>\n<p>Teknisk informasjon<br \/>\u2022 IPX6-beskyttelse <br \/>\u2022 Avtakbart og vaskbart blad <br \/>\u2022 Presisjons rustfritt st\u00e5l blad med keramisk titanbelegg<br \/>\u2022 Klippebredde: 37 mm.<br \/>\u2022 Niv\u00e5spak: 0,5 til 2 mm i 4 niv\u00e5er (0,5, 1, 1,5 og 2 mm).<br \/>\u2022 4 kammer: 3, 6, 9, 12 mm.<br \/>\u2022 Niv\u00e5spak<br \/>\u2022 Litiumbatteri<br \/>\u2022 Brukstid: 120 min<br \/>\u2022 Ladetid: 90 min.<br \/>\u2022 LED-display med batteriniv\u00e5indikator.<br \/> \u2022 Ekstra tilbeh\u00f8r : Rengj\u00f8ringsb\u00f8rste, olje, lader og ladestasjon.<br \/>\u2022 Vekt: 554 gr.<\/p>\n","protected":false},"excerpt":{"rendered":"<p>JLD PRO HAIR CLIPER \u2013 Profesjonell h\u00e5rklipper med 37 mm avtagbart og vaskbart blad i rustfritt st\u00e5l med et keramisk titanbelegg som ikke blir like varmt som tradisjonelle st\u00e5lblader eller titanblader og som ogs\u00e5 gir en forbedret klippeytelse og lengre holdbarhet. Velg mellom 4 faste kammer p\u00e5 3, 6, 9, 12 mm og uavhengig av [&hellip;]<\/p>\n","protected":false},"featured_media":410338,"comment_status":"open","ping_status":"closed","template":"","meta":{"_trash_the_other_posts":false},"product_brand":[],"product_cat":[604],"product_tag":[],"berocket_brand":[1390],"class_list":{"0":"post-410367","1":"product","2":"type-product","3":"status-publish","4":"has-post-thumbnail","6":"product_cat-skjeggtrimmer","7":"pa_brand-jean-louis-david","8":"berocket_brand-jean-louis-david","10":"first","11":"instock","12":"sale","13":"taxable","14":"shipping-taxable","15":"purchasable","16":"product-type-simple"},"_links":{"self":[{"href":"https:\/\/stylingagenten.com\/no\/wp-json\/wp\/v2\/product\/410367","targetHints":{"allow":["GET"]}}],"collection":[{"href":"https:\/\/stylingagenten.com\/no\/wp-json\/wp\/v2\/product"}],"about":[{"href":"https:\/\/stylingagenten.com\/no\/wp-json\/wp\/v2\/types\/product"}],"replies":[{"embeddable":true,"href":"https:\/\/stylingagenten.com\/no\/wp-json\/wp\/v2\/comments?post=410367"}],"version-history":[{"count":0,"href":"https:\/\/stylingagenten.com\/no\/wp-json\/wp\/v2\/product\/410367\/revisions"}],"wp:featuredmedia":[{"embeddable":true,"href":"https:\/\/stylingagenten.com\/no\/wp-json\/wp\/v2\/media\/410338"}],"wp:attachment":[{"href":"https:\/\/stylingagenten.com\/no\/wp-json\/wp\/v2\/media?parent=410367"}],"wp:term":[{"taxonomy":"product_brand","embeddable":true,"href":"https:\/\/stylingagenten.com\/no\/wp-json\/wp\/v2\/product_brand?post=410367"},{"taxonomy":"product_cat","embeddable":true,"href":"https:\/\/stylingagenten.com\/no\/wp-json\/wp\/v2\/product_cat?post=410367"},{"taxonomy":"product_tag","embeddable":true,"href":"https:\/\/stylingagenten.com\/no\/wp-json\/wp\/v2\/product_tag?post=410367"},{"taxonomy":"berocket_brand","embeddable":true,"href":"https:\/\/stylingagenten.com\/no\/wp-json\/wp\/v2\/berocket_brand?post=410367"}],"curies":[{"name":"wp","href":"https:\/\/api.w.org\/{rel}","templated":true}]}}