{"id":410357,"date":"2025-05-18T23:30:41","date_gmt":"2025-05-18T23:30:41","guid":{"rendered":"https:\/\/staging2.stylingagenten.com\/no\/produkt\/remington-t-series-ultimate-precision-trimmer\/"},"modified":"2026-03-11T22:00:54","modified_gmt":"2026-03-11T22:00:54","slug":"remington-t-series-ultimate-precision-trimmer","status":"publish","type":"product","link":"https:\/\/stylingagenten.com\/no\/produkt\/remington-t-series-ultimate-precision-trimmer\/","title":{"rendered":"Remington T-Series Ultimate Precision Trimmer"},"content":{"rendered":"<p>MB7000: T-SERIEN ULTIMATE PRESISION TRIMMER<br \/>Tilbyr en nyskapende design, allsidig tilbeh\u00f8r og vendbart skj\u00e6rehode: for ultimat presisjon og skjeggkontroll<\/p>\n<p>Hvis du \u00f8nsker \u00e5 oppn\u00e5 detaljerte kanter og tett trimming av skjegget, nakken og h\u00e5rfestet, vil du elske T Series Ultimate Precision Trimmer. De modifiserte, utsk\u00e5rne vendbare bladene justerer enkelt trimmevinkelen for forbedret klippeytelse.<\/p>\n<p>Det 30 mm brede bladet skj\u00e6rer komfortabelt gjennom alle h\u00e5rtyper fra 0,4 mm. Den justerbare kammen kan stilles inn til spesifikke trimlengder fra 1 mm til 5 mm, i trinn p\u00e5 0,5 mm. De 6 kammene med fast lengde er merket fra 1,5 mm til 15 mm. I tillegg til den brede skj\u00e6rekanten, er det ogs\u00e5 inkludert et 7 mm mikrodetaljeringsblad for presis presisjon og detaljering.<\/p>\n<p>En brukstid p\u00e5 60 minutter gir deg god tid til \u00e5 fikse til \u00f8nsket resultat. Den lades p\u00e5 4H og LED-indikatoren varsler skjeggtrimmeren n\u00e5r den m\u00e5 lades. 100 % vanntett lar deg ta trimmeren med inn i dusjen og gj\u00f8r deretter rengj\u00f8ringen enklere.<\/p>\n<p>Spesifikasjoner:<br \/>\u2022Selvslipende rustfritt st\u00e5lblad<br \/>\u2022Vendbart blad for \u00e5 forme allsidighet.<br \/>\u2022 30 mm T-formet skj\u00e6reblad, g\u00e5r ned til 0,4 mm for skarpe linjer og detaljer<br \/>\u20227 mm presisjonsblad<br \/>\u20221 x justerbar kam (1 mm &#8211; 5 mm)<br \/>\u20226 faste kammer (1,5 mm &#8211; 15 mm) )<br \/>\u2022Tr\u00e5dl\u00f8s opptil 60 minutter<br \/>\u20224 timers ladetid<br \/>\u2022LED-indikator<br \/>\u2022Vanntett<br \/>\u2022Oppbevaringsveske<br \/>\u20223+ 1 garanti\u00e5r ved nettregistrering<\/p>\n","protected":false},"excerpt":{"rendered":"<p>MB7000: T-SERIEN ULTIMATE PRESISION TRIMMERTilbyr en nyskapende design, allsidig tilbeh\u00f8r og vendbart skj\u00e6rehode: for ultimat presisjon og skjeggkontroll Hvis du \u00f8nsker \u00e5 oppn\u00e5 detaljerte kanter og tett trimming av skjegget, nakken og h\u00e5rfestet, vil du elske T Series Ultimate Precision Trimmer. De modifiserte, utsk\u00e5rne vendbare bladene justerer enkelt trimmevinkelen for forbedret klippeytelse. Det 30 mm [&hellip;]<\/p>\n","protected":false},"featured_media":410308,"comment_status":"open","ping_status":"closed","template":"","meta":{"_trash_the_other_posts":false},"product_brand":[],"product_cat":[1003,604],"product_tag":[],"berocket_brand":[1272],"class_list":{"0":"post-410357","1":"product","2":"type-product","3":"status-publish","4":"has-post-thumbnail","6":"product_cat-bestselgere","7":"product_cat-skjeggtrimmer","8":"pa_brand-remington","9":"berocket_brand-remington","11":"first","12":"instock","13":"taxable","14":"shipping-taxable","15":"purchasable","16":"product-type-simple"},"_links":{"self":[{"href":"https:\/\/stylingagenten.com\/no\/wp-json\/wp\/v2\/product\/410357","targetHints":{"allow":["GET"]}}],"collection":[{"href":"https:\/\/stylingagenten.com\/no\/wp-json\/wp\/v2\/product"}],"about":[{"href":"https:\/\/stylingagenten.com\/no\/wp-json\/wp\/v2\/types\/product"}],"replies":[{"embeddable":true,"href":"https:\/\/stylingagenten.com\/no\/wp-json\/wp\/v2\/comments?post=410357"}],"version-history":[{"count":0,"href":"https:\/\/stylingagenten.com\/no\/wp-json\/wp\/v2\/product\/410357\/revisions"}],"wp:featuredmedia":[{"embeddable":true,"href":"https:\/\/stylingagenten.com\/no\/wp-json\/wp\/v2\/media\/410308"}],"wp:attachment":[{"href":"https:\/\/stylingagenten.com\/no\/wp-json\/wp\/v2\/media?parent=410357"}],"wp:term":[{"taxonomy":"product_brand","embeddable":true,"href":"https:\/\/stylingagenten.com\/no\/wp-json\/wp\/v2\/product_brand?post=410357"},{"taxonomy":"product_cat","embeddable":true,"href":"https:\/\/stylingagenten.com\/no\/wp-json\/wp\/v2\/product_cat?post=410357"},{"taxonomy":"product_tag","embeddable":true,"href":"https:\/\/stylingagenten.com\/no\/wp-json\/wp\/v2\/product_tag?post=410357"},{"taxonomy":"berocket_brand","embeddable":true,"href":"https:\/\/stylingagenten.com\/no\/wp-json\/wp\/v2\/berocket_brand?post=410357"}],"curies":[{"name":"wp","href":"https:\/\/api.w.org\/{rel}","templated":true}]}}