{"id":410317,"date":"2025-05-18T23:30:35","date_gmt":"2025-05-18T23:30:35","guid":{"rendered":"https:\/\/staging2.stylingagenten.com\/no\/produkt\/remington-x3-power-x-series-hair-clipper\/"},"modified":"2026-03-11T21:58:33","modified_gmt":"2026-03-11T21:58:33","slug":"remington-x3-power-x-series-hair-clipper","status":"publish","type":"product","link":"https:\/\/stylingagenten.com\/no\/produkt\/remington-x3-power-x-series-hair-clipper\/","title":{"rendered":"Remington X3 Power-X Series Hair Clipper"},"content":{"rendered":"<p>Remington Power X Series X3 h\u00e5rklipperen HC3000 tar vare p\u00e5 h\u00e5ret ditt og gir deg et godt utseende, takket v\u00e6re de justerbare kammene med 22 lengdeinnstillinger og japanske kniver i rustfritt st\u00e5l. Den ladede enheten gir 45 minutters brukstid, og LED-displayet informerer deg om gjeldende batteristatus.<\/p>\n<p>Brukstid<br \/>Du f\u00e5r 45 minutters brukstid etter bare 1 times lading<\/p>\n<p>Japanske selvslipende kniver<br \/>Klinger i japansk rustfritt st\u00e5l sikrer langvarig kvalitet og kraftig ytelse. De skjerper seg under trimming.<\/p>\n<p>Lengdeinnstillinger<br \/>Du kan enkelt velge lengden du \u00f8nsker med det fleksible hjulet og trimme fra 1 mm til 35 mm n\u00e5r du styler skjegget og h\u00e5ret, takket v\u00e6re den justerbare kammer.<\/p>\n<p>Enkel \u00e5 rengj\u00f8re<br \/>Rengj\u00f8r trimmeren for langvarig ytelse. H\u00e5rklipperen er enkel \u00e5 rengj\u00f8re.<\/p>\n<p>LED-skjerm<br \/>Med LED-skjermen kan du enkelt sjekke ladeprosessen.<\/p>\n","protected":false},"excerpt":{"rendered":"<p>Remington Power X Series X3 h\u00e5rklipperen HC3000 tar vare p\u00e5 h\u00e5ret ditt og gir deg et godt utseende, takket v\u00e6re de justerbare kammene med 22 lengdeinnstillinger og japanske kniver i rustfritt st\u00e5l. Den ladede enheten gir 45 minutters brukstid, og LED-displayet informerer deg om gjeldende batteristatus. BrukstidDu f\u00e5r 45 minutters brukstid etter bare 1 times [&hellip;]<\/p>\n","protected":false},"featured_media":410300,"comment_status":"open","ping_status":"closed","template":"","meta":{"_trash_the_other_posts":false},"product_brand":[],"product_cat":[604],"product_tag":[],"berocket_brand":[1272],"class_list":{"0":"post-410317","1":"product","2":"type-product","3":"status-publish","4":"has-post-thumbnail","6":"product_cat-skjeggtrimmer","7":"pa_brand-remington","8":"berocket_brand-remington","10":"first","11":"instock","12":"sale","13":"taxable","14":"shipping-taxable","15":"purchasable","16":"product-type-simple"},"_links":{"self":[{"href":"https:\/\/stylingagenten.com\/no\/wp-json\/wp\/v2\/product\/410317","targetHints":{"allow":["GET"]}}],"collection":[{"href":"https:\/\/stylingagenten.com\/no\/wp-json\/wp\/v2\/product"}],"about":[{"href":"https:\/\/stylingagenten.com\/no\/wp-json\/wp\/v2\/types\/product"}],"replies":[{"embeddable":true,"href":"https:\/\/stylingagenten.com\/no\/wp-json\/wp\/v2\/comments?post=410317"}],"version-history":[{"count":0,"href":"https:\/\/stylingagenten.com\/no\/wp-json\/wp\/v2\/product\/410317\/revisions"}],"wp:featuredmedia":[{"embeddable":true,"href":"https:\/\/stylingagenten.com\/no\/wp-json\/wp\/v2\/media\/410300"}],"wp:attachment":[{"href":"https:\/\/stylingagenten.com\/no\/wp-json\/wp\/v2\/media?parent=410317"}],"wp:term":[{"taxonomy":"product_brand","embeddable":true,"href":"https:\/\/stylingagenten.com\/no\/wp-json\/wp\/v2\/product_brand?post=410317"},{"taxonomy":"product_cat","embeddable":true,"href":"https:\/\/stylingagenten.com\/no\/wp-json\/wp\/v2\/product_cat?post=410317"},{"taxonomy":"product_tag","embeddable":true,"href":"https:\/\/stylingagenten.com\/no\/wp-json\/wp\/v2\/product_tag?post=410317"},{"taxonomy":"berocket_brand","embeddable":true,"href":"https:\/\/stylingagenten.com\/no\/wp-json\/wp\/v2\/berocket_brand?post=410317"}],"curies":[{"name":"wp","href":"https:\/\/api.w.org\/{rel}","templated":true}]}}