{"id":410303,"date":"2025-05-18T23:30:33","date_gmt":"2025-05-18T23:30:33","guid":{"rendered":"https:\/\/staging2.stylingagenten.com\/no\/produkt\/remington-x4-power-x-series-hair-clipper\/"},"modified":"2026-03-11T21:59:54","modified_gmt":"2026-03-11T21:59:54","slug":"remington-x4-power-x-series-hair-clipper","status":"publish","type":"product","link":"https:\/\/stylingagenten.com\/no\/produkt\/remington-x4-power-x-series-hair-clipper\/","title":{"rendered":"Remington X4 Power-X Series Hair Clipper"},"content":{"rendered":"<p>H\u00e5rklipperen Power X Series X4 med opptil 60 min tr\u00e5dl\u00f8s brukstid kommer med tre justerbare kammer som lar deg velge mellom 33 forskjellige lengder med 1 mm intervaller. Det selvslipende bladet i japansk rustfritt st\u00e5l gir deg et rent og skarpt klipperesultat og den kraftige motoren gir deg 3x forbedret klippeytelse sammenlignet med en standard Remington-klipper.<\/p>\n","protected":false},"excerpt":{"rendered":"<p>H\u00e5rklipperen Power X Series X4 med opptil 60 min tr\u00e5dl\u00f8s brukstid kommer med tre justerbare kammer som lar deg velge mellom 33 forskjellige lengder med 1 mm intervaller. Det selvslipende bladet i japansk rustfritt st\u00e5l gir deg et rent og skarpt klipperesultat og den kraftige motoren gir deg 3x forbedret klippeytelse sammenlignet med en standard [&hellip;]<\/p>\n","protected":false},"featured_media":410290,"comment_status":"open","ping_status":"closed","template":"","meta":{"_trash_the_other_posts":false},"product_brand":[],"product_cat":[604],"product_tag":[],"berocket_brand":[1272],"class_list":{"0":"post-410303","1":"product","2":"type-product","3":"status-publish","4":"has-post-thumbnail","6":"product_cat-skjeggtrimmer","7":"pa_brand-remington","8":"berocket_brand-remington","10":"first","11":"instock","12":"sale","13":"taxable","14":"shipping-taxable","15":"purchasable","16":"product-type-simple"},"_links":{"self":[{"href":"https:\/\/stylingagenten.com\/no\/wp-json\/wp\/v2\/product\/410303","targetHints":{"allow":["GET"]}}],"collection":[{"href":"https:\/\/stylingagenten.com\/no\/wp-json\/wp\/v2\/product"}],"about":[{"href":"https:\/\/stylingagenten.com\/no\/wp-json\/wp\/v2\/types\/product"}],"replies":[{"embeddable":true,"href":"https:\/\/stylingagenten.com\/no\/wp-json\/wp\/v2\/comments?post=410303"}],"version-history":[{"count":0,"href":"https:\/\/stylingagenten.com\/no\/wp-json\/wp\/v2\/product\/410303\/revisions"}],"wp:featuredmedia":[{"embeddable":true,"href":"https:\/\/stylingagenten.com\/no\/wp-json\/wp\/v2\/media\/410290"}],"wp:attachment":[{"href":"https:\/\/stylingagenten.com\/no\/wp-json\/wp\/v2\/media?parent=410303"}],"wp:term":[{"taxonomy":"product_brand","embeddable":true,"href":"https:\/\/stylingagenten.com\/no\/wp-json\/wp\/v2\/product_brand?post=410303"},{"taxonomy":"product_cat","embeddable":true,"href":"https:\/\/stylingagenten.com\/no\/wp-json\/wp\/v2\/product_cat?post=410303"},{"taxonomy":"product_tag","embeddable":true,"href":"https:\/\/stylingagenten.com\/no\/wp-json\/wp\/v2\/product_tag?post=410303"},{"taxonomy":"berocket_brand","embeddable":true,"href":"https:\/\/stylingagenten.com\/no\/wp-json\/wp\/v2\/berocket_brand?post=410303"}],"curies":[{"name":"wp","href":"https:\/\/api.w.org\/{rel}","templated":true}]}}