{"id":410299,"date":"2025-05-18T23:30:33","date_gmt":"2025-05-18T23:30:33","guid":{"rendered":"https:\/\/staging2.stylingagenten.com\/no\/produkt\/remington-quickcut-hairclipper\/"},"modified":"2026-02-12T18:36:39","modified_gmt":"2026-02-12T18:36:39","slug":"remington-quickcut-hairclipper","status":"publish","type":"product","link":"https:\/\/stylingagenten.com\/no\/produkt\/remington-quickcut-hairclipper\/","title":{"rendered":"Remington QuickCut Hairclipper"},"content":{"rendered":"<p>Remington QuickCut har et kompakt og ergonomisk design som gj\u00f8r det b\u00e5de raskt, komfortabelt og enkelt \u00e5 klippe selv.<\/p>\n<p>H\u00e5rklipperen har 9 forskjellige lengdeinnstillinger mellom 1,5-15 mm. Full ladning gir 40 minutters brukstid og har 10 minutters hurtiglading som gir deg all kraften du trenger til en trim, men fungerer ogs\u00e5 med ledningen i. Praktisk oppbevaringspose medf\u00f8lger hvor du kan oppbevare produktet og alt tilbeh\u00f8r.<\/p>\n<p> \u2022Blade som dekker 57 % mer *<br \/>\u2022CurveCut-bladteknologi \u2013 for et jevnere snitt<br \/>\u2022Ergonomisk design for mer komfortabel bruk<br \/>\u2022Design som enkelt kutter kinnskjegg og nakke<br \/>\u2022 Blad i rustfritt st\u00e5l<br \/>\u2022Lithiumdrevet i opptil 40 min brukstid<br \/>\u20224 timers full ladetid<br \/>\u2022Tr\u00e5dl\u00f8s\/tr\u00e5dl\u00f8s<br \/>\u202210 min hurtiglading<br \/>\u2022Vaskbar<br \/>\u20229 kammer<br \/>\u2022Oppbevaringsveske<br \/> \u2022Rengj\u00f8ringsb\u00f8rste<br \/>\u20223+1 \u00e5rs garanti (registrer deg innen 28 dager etter kj\u00f8p her for \u00e5 motta 4 \u00e5rs garanti)<\/p>\n<p>*Sammenlignet med en standard Remington-klipper<\/p>\n","protected":false},"excerpt":{"rendered":"<p>Remington QuickCut har et kompakt og ergonomisk design som gj\u00f8r det b\u00e5de raskt, komfortabelt og enkelt \u00e5 klippe selv. H\u00e5rklipperen har 9 forskjellige lengdeinnstillinger mellom 1,5-15 mm. Full ladning gir 40 minutters brukstid og har 10 minutters hurtiglading som gir deg all kraften du trenger til en trim, men fungerer ogs\u00e5 med ledningen i. Praktisk [&hellip;]<\/p>\n","protected":false},"featured_media":410292,"comment_status":"open","ping_status":"closed","template":"","meta":{"_trash_the_other_posts":false},"product_brand":[],"product_cat":[604],"product_tag":[],"berocket_brand":[1272],"class_list":{"0":"post-410299","1":"product","2":"type-product","3":"status-publish","4":"has-post-thumbnail","6":"product_cat-skjeggtrimmer","7":"pa_brand-remington","8":"berocket_brand-remington","10":"first","11":"instock","12":"taxable","13":"shipping-taxable","14":"purchasable","15":"product-type-simple"},"_links":{"self":[{"href":"https:\/\/stylingagenten.com\/no\/wp-json\/wp\/v2\/product\/410299","targetHints":{"allow":["GET"]}}],"collection":[{"href":"https:\/\/stylingagenten.com\/no\/wp-json\/wp\/v2\/product"}],"about":[{"href":"https:\/\/stylingagenten.com\/no\/wp-json\/wp\/v2\/types\/product"}],"replies":[{"embeddable":true,"href":"https:\/\/stylingagenten.com\/no\/wp-json\/wp\/v2\/comments?post=410299"}],"version-history":[{"count":0,"href":"https:\/\/stylingagenten.com\/no\/wp-json\/wp\/v2\/product\/410299\/revisions"}],"wp:featuredmedia":[{"embeddable":true,"href":"https:\/\/stylingagenten.com\/no\/wp-json\/wp\/v2\/media\/410292"}],"wp:attachment":[{"href":"https:\/\/stylingagenten.com\/no\/wp-json\/wp\/v2\/media?parent=410299"}],"wp:term":[{"taxonomy":"product_brand","embeddable":true,"href":"https:\/\/stylingagenten.com\/no\/wp-json\/wp\/v2\/product_brand?post=410299"},{"taxonomy":"product_cat","embeddable":true,"href":"https:\/\/stylingagenten.com\/no\/wp-json\/wp\/v2\/product_cat?post=410299"},{"taxonomy":"product_tag","embeddable":true,"href":"https:\/\/stylingagenten.com\/no\/wp-json\/wp\/v2\/product_tag?post=410299"},{"taxonomy":"berocket_brand","embeddable":true,"href":"https:\/\/stylingagenten.com\/no\/wp-json\/wp\/v2\/berocket_brand?post=410299"}],"curies":[{"name":"wp","href":"https:\/\/api.w.org\/{rel}","templated":true}]}}