{"id":410281,"date":"2025-05-18T23:30:30","date_gmt":"2025-05-18T23:30:30","guid":{"rendered":"https:\/\/staging2.stylingagenten.com\/no\/produkt\/remington-graphite-series-personal-groomer-g5\/"},"modified":"2026-04-06T16:08:51","modified_gmt":"2026-04-06T16:08:51","slug":"remington-graphite-series-personal-groomer-g5","status":"publish","type":"product","link":"https:\/\/stylingagenten.com\/no\/produkt\/remington-graphite-series-personal-groomer-g5\/","title":{"rendered":"Remington Graphite Series Personal Groomer G5"},"content":{"rendered":"<p>Remington Graphite Series Personal Groomer G5<br \/>N\u00e5 gir vi deg det optimale pleieproduktet, style deg til perfeksjon med Graphite G5 og dens ni tilbeh\u00f8r. N\u00e5 kan du ha barbermaskiner, skjeggtrimmere, h\u00e5rtrimmere, nesetrimmere, kinnskjeggtrimmere og mer med deg uansett hvor du g\u00e5r i verden, alt enkelt oppbevart i den medf\u00f8lgende premium oppbevaringsvesken. <br \/>Graphite G5 har en imponerende brukstid p\u00e5 90 minutter som gir deg god tid til \u00e5 fikse \u00f8nsket resultat fra topp til t\u00e5. Graphite G5 er 100 % vanntett, ta med stellerutinen din inn i dusjen for ultimat letthet og hastighet. Vanntette kniver gj\u00f8r at trimmeren din enkelt kan rengj\u00f8res, og du kan holde den i topp stand mellom bruk. De selvslipende og grafittbelagte knivene gir deg maksimal glatthet og gj\u00f8r alle former for barbering til en hyggelig opplevelse.<\/p>\n<p>Funksjoner <br \/>\u2022Grafittbelagte kniver designet for ekstra komfort<br \/>\u2022Selvslipende kniver<br \/>\u2022Tr\u00e5dl\u00f8s<br \/>\u20224 timers lading <br \/>\u202290 min brukstid<br \/>\u2022100 % vanntett<br \/>\u2022 2-trinns LED-indikator<br \/>\u2022Oppbevaringsveske<br \/>\u20223 \u00e5rs garanti + 1 \u00e5r ved nettregistrering<br \/>\u2022TILBEH\u00d8R:<br \/>\u2022H\u00e5r- og skjeggtrimmer<br \/>\u2022Vertikal dobbeltsidig nesetrimmer<br \/>\u2022TST Presisjonstrimmer <br \/>\u2022Minifolie-skj\u00e6rehode <br \/>\u2022Kroppstrimmer med kam 0,5,3,6,9 mm<br \/>\u2022Justerbar kam (2-20 mm)<br \/>\u2022Faste kammer: 1,5 og 3 mm<\/p>\n","protected":false},"excerpt":{"rendered":"<p>Remington Graphite Series Personal Groomer G5N\u00e5 gir vi deg det optimale pleieproduktet, style deg til perfeksjon med Graphite G5 og dens ni tilbeh\u00f8r. N\u00e5 kan du ha barbermaskiner, skjeggtrimmere, h\u00e5rtrimmere, nesetrimmere, kinnskjeggtrimmere og mer med deg uansett hvor du g\u00e5r i verden, alt enkelt oppbevart i den medf\u00f8lgende premium oppbevaringsvesken. Graphite G5 har en imponerende [&hellip;]<\/p>\n","protected":false},"featured_media":410264,"comment_status":"open","ping_status":"closed","template":"","meta":{"_trash_the_other_posts":false},"product_brand":[],"product_cat":[687],"product_tag":[],"berocket_brand":[1272],"class_list":{"0":"post-410281","1":"product","2":"type-product","3":"status-publish","4":"has-post-thumbnail","6":"product_cat-skjeggverktoy","7":"pa_brand-remington","8":"berocket_brand-remington","10":"first","11":"instock","12":"sale","13":"taxable","14":"shipping-taxable","15":"purchasable","16":"product-type-simple"},"_links":{"self":[{"href":"https:\/\/stylingagenten.com\/no\/wp-json\/wp\/v2\/product\/410281","targetHints":{"allow":["GET"]}}],"collection":[{"href":"https:\/\/stylingagenten.com\/no\/wp-json\/wp\/v2\/product"}],"about":[{"href":"https:\/\/stylingagenten.com\/no\/wp-json\/wp\/v2\/types\/product"}],"replies":[{"embeddable":true,"href":"https:\/\/stylingagenten.com\/no\/wp-json\/wp\/v2\/comments?post=410281"}],"version-history":[{"count":0,"href":"https:\/\/stylingagenten.com\/no\/wp-json\/wp\/v2\/product\/410281\/revisions"}],"wp:featuredmedia":[{"embeddable":true,"href":"https:\/\/stylingagenten.com\/no\/wp-json\/wp\/v2\/media\/410264"}],"wp:attachment":[{"href":"https:\/\/stylingagenten.com\/no\/wp-json\/wp\/v2\/media?parent=410281"}],"wp:term":[{"taxonomy":"product_brand","embeddable":true,"href":"https:\/\/stylingagenten.com\/no\/wp-json\/wp\/v2\/product_brand?post=410281"},{"taxonomy":"product_cat","embeddable":true,"href":"https:\/\/stylingagenten.com\/no\/wp-json\/wp\/v2\/product_cat?post=410281"},{"taxonomy":"product_tag","embeddable":true,"href":"https:\/\/stylingagenten.com\/no\/wp-json\/wp\/v2\/product_tag?post=410281"},{"taxonomy":"berocket_brand","embeddable":true,"href":"https:\/\/stylingagenten.com\/no\/wp-json\/wp\/v2\/berocket_brand?post=410281"}],"curies":[{"name":"wp","href":"https:\/\/api.w.org\/{rel}","templated":true}]}}