{"id":410257,"date":"2025-05-18T23:30:26","date_gmt":"2025-05-18T23:30:26","guid":{"rendered":"https:\/\/staging2.stylingagenten.com\/no\/produkt\/remington-style-series-beard-trimmer-b3\/"},"modified":"2026-03-25T10:38:30","modified_gmt":"2026-03-25T10:38:30","slug":"remington-style-series-beard-trimmer-b3","status":"publish","type":"product","link":"https:\/\/stylingagenten.com\/no\/produkt\/remington-style-series-beard-trimmer-b3\/","title":{"rendered":"Remington Style Series Beard Trimmer B3"},"content":{"rendered":"<p>MB3000: STYLE SERIES B3 BEARD TRIMMER<\/p>\n<p>Style Series B3 skjeggtrimmer har selvslipende kniver og er designet for \u00e5 f\u00f8les glatt mot huden. Med 17 lengdeinnstillinger kan du justere lengden fra 0,4 mm til 18 mm. Lengdene er som f\u00f8lger, Uten kam: 0,4 mm, 10 trinn med 0,5 mm intervaller opp til 5 mm, 1 trinn med 1 mm mellom 5-6 mm og 6 trinn med 2 mm intervaller fra 6-18 mm.<\/p>\n<p>Avtakbar og vaskbar blad for enkel rengj\u00f8ring og vedlikehold. Skjeggtrimmeren er batteridrevet (2 x AAA-batterier inkludert)<\/p>\n<p>Produktinfo:<br \/>\u2022Selvslipende blad<br \/>\u2022Komfortkniver<br \/>\u20221 x justerbar kam<br \/>\u2022Trimmelengder (0,4 mm &#8211; 18 mm )<br \/>\u20220,5 trinn opp til 5 mm<br \/>\u20222 mm trinn fra 6-18 mm<br \/>\u2022Tr\u00e5dl\u00f8s<br \/>\u2022Batteridrift inkluderer 2x AAA-batterier<br \/>\u2022Vaskbart hode<br \/>\u2022 Zoomhjul for lengdejustering<br \/>\u20222 \u00e5rs garanti + 1<\/p>\n","protected":false},"excerpt":{"rendered":"<p>MB3000: STYLE SERIES B3 BEARD TRIMMER Style Series B3 skjeggtrimmer har selvslipende kniver og er designet for \u00e5 f\u00f8les glatt mot huden. Med 17 lengdeinnstillinger kan du justere lengden fra 0,4 mm til 18 mm. Lengdene er som f\u00f8lger, Uten kam: 0,4 mm, 10 trinn med 0,5 mm intervaller opp til 5 mm, 1 trinn [&hellip;]<\/p>\n","protected":false},"featured_media":410235,"comment_status":"open","ping_status":"closed","template":"","meta":{"_trash_the_other_posts":false},"product_brand":[],"product_cat":[604],"product_tag":[],"berocket_brand":[1272],"class_list":{"0":"post-410257","1":"product","2":"type-product","3":"status-publish","4":"has-post-thumbnail","6":"product_cat-skjeggtrimmer","7":"pa_brand-remington","8":"berocket_brand-remington","10":"first","11":"outofstock","12":"sale","13":"taxable","14":"shipping-taxable","15":"purchasable","16":"product-type-simple"},"_links":{"self":[{"href":"https:\/\/stylingagenten.com\/no\/wp-json\/wp\/v2\/product\/410257","targetHints":{"allow":["GET"]}}],"collection":[{"href":"https:\/\/stylingagenten.com\/no\/wp-json\/wp\/v2\/product"}],"about":[{"href":"https:\/\/stylingagenten.com\/no\/wp-json\/wp\/v2\/types\/product"}],"replies":[{"embeddable":true,"href":"https:\/\/stylingagenten.com\/no\/wp-json\/wp\/v2\/comments?post=410257"}],"version-history":[{"count":0,"href":"https:\/\/stylingagenten.com\/no\/wp-json\/wp\/v2\/product\/410257\/revisions"}],"wp:featuredmedia":[{"embeddable":true,"href":"https:\/\/stylingagenten.com\/no\/wp-json\/wp\/v2\/media\/410235"}],"wp:attachment":[{"href":"https:\/\/stylingagenten.com\/no\/wp-json\/wp\/v2\/media?parent=410257"}],"wp:term":[{"taxonomy":"product_brand","embeddable":true,"href":"https:\/\/stylingagenten.com\/no\/wp-json\/wp\/v2\/product_brand?post=410257"},{"taxonomy":"product_cat","embeddable":true,"href":"https:\/\/stylingagenten.com\/no\/wp-json\/wp\/v2\/product_cat?post=410257"},{"taxonomy":"product_tag","embeddable":true,"href":"https:\/\/stylingagenten.com\/no\/wp-json\/wp\/v2\/product_tag?post=410257"},{"taxonomy":"berocket_brand","embeddable":true,"href":"https:\/\/stylingagenten.com\/no\/wp-json\/wp\/v2\/berocket_brand?post=410257"}],"curies":[{"name":"wp","href":"https:\/\/api.w.org\/{rel}","templated":true}]}}