{"id":410256,"date":"2025-05-18T23:30:26","date_gmt":"2025-05-18T23:30:26","guid":{"rendered":"https:\/\/staging2.stylingagenten.com\/no\/produkt\/remington-omniblade-face\/"},"modified":"2026-03-31T10:11:32","modified_gmt":"2026-03-31T10:11:32","slug":"remington-omniblade-face","status":"publish","type":"product","link":"https:\/\/stylingagenten.com\/no\/produkt\/remington-omniblade-face\/","title":{"rendered":"Remington Omniblade Face"},"content":{"rendered":"<p>Remington Omniblade Face<br \/>Barber, form og style skjegget med Omniblade Face, som med et langvarig blad gir et hudn\u00e6rt resultat. Omniblade Face har et avtakbart hodedesign og 7 fester inkludert 4x faste kammer og vertikal trimmer for \u00f8re-, nese- og \u00f8yenbrynsomr\u00e5der. <br \/>Med et intuitivt design har Omniblade Face den velkjente formen til en barberh\u00f8vel med kraften, kontrollen og bekvemmeligheten til en elektrisk barbermaskin og stelleverkt\u00f8y kombinert. Med de 7 utskiftbare tilbeh\u00f8rene f\u00e5r du hjelp til \u00e5 skape den stilen som passer deg.<\/p>\n","protected":false},"excerpt":{"rendered":"<p>Remington Omniblade FaceBarber, form og style skjegget med Omniblade Face, som med et langvarig blad gir et hudn\u00e6rt resultat. Omniblade Face har et avtakbart hodedesign og 7 fester inkludert 4x faste kammer og vertikal trimmer for \u00f8re-, nese- og \u00f8yenbrynsomr\u00e5der. Med et intuitivt design har Omniblade Face den velkjente formen til en barberh\u00f8vel med kraften, [&hellip;]<\/p>\n","protected":false},"featured_media":410233,"comment_status":"open","ping_status":"closed","template":"","meta":{"_trash_the_other_posts":false},"product_brand":[],"product_cat":[687],"product_tag":[],"berocket_brand":[1272],"class_list":{"0":"post-410256","1":"product","2":"type-product","3":"status-publish","4":"has-post-thumbnail","6":"product_cat-skjeggverktoy","7":"pa_brand-remington","8":"berocket_brand-remington","10":"first","11":"instock","12":"sale","13":"taxable","14":"shipping-taxable","15":"purchasable","16":"product-type-simple"},"_links":{"self":[{"href":"https:\/\/stylingagenten.com\/no\/wp-json\/wp\/v2\/product\/410256","targetHints":{"allow":["GET"]}}],"collection":[{"href":"https:\/\/stylingagenten.com\/no\/wp-json\/wp\/v2\/product"}],"about":[{"href":"https:\/\/stylingagenten.com\/no\/wp-json\/wp\/v2\/types\/product"}],"replies":[{"embeddable":true,"href":"https:\/\/stylingagenten.com\/no\/wp-json\/wp\/v2\/comments?post=410256"}],"version-history":[{"count":0,"href":"https:\/\/stylingagenten.com\/no\/wp-json\/wp\/v2\/product\/410256\/revisions"}],"wp:featuredmedia":[{"embeddable":true,"href":"https:\/\/stylingagenten.com\/no\/wp-json\/wp\/v2\/media\/410233"}],"wp:attachment":[{"href":"https:\/\/stylingagenten.com\/no\/wp-json\/wp\/v2\/media?parent=410256"}],"wp:term":[{"taxonomy":"product_brand","embeddable":true,"href":"https:\/\/stylingagenten.com\/no\/wp-json\/wp\/v2\/product_brand?post=410256"},{"taxonomy":"product_cat","embeddable":true,"href":"https:\/\/stylingagenten.com\/no\/wp-json\/wp\/v2\/product_cat?post=410256"},{"taxonomy":"product_tag","embeddable":true,"href":"https:\/\/stylingagenten.com\/no\/wp-json\/wp\/v2\/product_tag?post=410256"},{"taxonomy":"berocket_brand","embeddable":true,"href":"https:\/\/stylingagenten.com\/no\/wp-json\/wp\/v2\/berocket_brand?post=410256"}],"curies":[{"name":"wp","href":"https:\/\/api.w.org\/{rel}","templated":true}]}}