{"id":410238,"date":"2025-05-18T23:30:24","date_gmt":"2025-05-18T23:30:24","guid":{"rendered":"https:\/\/staging2.stylingagenten.com\/no\/produkt\/remington-ultimate-series-rx5-head-shaver\/"},"modified":"2026-03-31T12:27:34","modified_gmt":"2026-03-31T12:27:34","slug":"remington-ultimate-series-rx5-head-shaver","status":"publish","type":"product","link":"https:\/\/stylingagenten.com\/no\/produkt\/remington-ultimate-series-rx5-head-shaver\/","title":{"rendered":"Remington Ultimate Series RX5 Head Shaver"},"content":{"rendered":"<p>Remington Ultimate Series RX5 hodebarbermaskin<br \/>Ultimate Series RX5 hodebarbermaskin gir en hudn\u00e6r skj\u00e6reytelse p\u00e5 0,2 mm. En full lading p\u00e5 50 minutter gir deg en m\u00e5neds bruk hvis du barberer deg annenhver dag i 3 minutter.<br \/>\u00c5 barbere hodet er b\u00e5de raskt og enkelt takket v\u00e6re de 5 skj\u00e6rehodene til RX5 barbermaskinen i Ultimate Series. Du dekker et 60 % st\u00f8rre omr\u00e5de sammenlignet med en tradisjonell barbermaskin med 3 skj\u00e6rehoder, noe som gir deg en raskere barberingsopplevelse. Du kan bruke den i b\u00e5de sirkul\u00e6re og line\u00e6re bevegelser og med de fleksible kutterne og det fleksible hodet tilpasser enheten seg til hodets konturer. Og med pop-up trimmeren kan du enkelt trimme eller forme h\u00e5ret.<\/p>\n<p>Ultimate Series RX5 barbermaskin er 100 % vanntett, noe som gj\u00f8r den ideell for b\u00e5de v\u00e5t og t\u00f8rr bruk og kan brukes med b\u00e5de barbergel og skum . Du kan ogs\u00e5 fjerne bladene fra enheten for enklere rengj\u00f8ring.<\/p>\n<p>50 min brukstid gir mange barberinger mellom ladingene og LED-indikatoren viser enkelt hvor mye str\u00f8m som er igjen i batteriet og en full lading tar kun 2 timer. Den kommer ogs\u00e5 med en oppbevaringspose.<\/p>\n<p>Funksjoner:<br \/>\u20225 skj\u00e6rehoder som barberer hele hodet p\u00e5 mindre enn to minutter *<br \/>\u202260 % mer dekning **<br \/>\u2022N\u00e6r til hudresultater p\u00e5 0,2 mm<br \/>\u2022Enkelt \u00e5 rengj\u00f8re<br \/>\u2022Opptil 50-minutters brukstid fra 2-timers lading<br \/>\u2022100 % vanntett<br \/>\u2022Fleksibel kutter og hode<br \/>\u2022Pop -Opp detalj trimmer<br \/>\u20222-trinns LED-indikator<br \/>\u2022Oppbevaringspose<\/p>\n","protected":false},"excerpt":{"rendered":"<p>Remington Ultimate Series RX5 hodebarbermaskinUltimate Series RX5 hodebarbermaskin gir en hudn\u00e6r skj\u00e6reytelse p\u00e5 0,2 mm. En full lading p\u00e5 50 minutter gir deg en m\u00e5neds bruk hvis du barberer deg annenhver dag i 3 minutter.\u00c5 barbere hodet er b\u00e5de raskt og enkelt takket v\u00e6re de 5 skj\u00e6rehodene til RX5 barbermaskinen i Ultimate Series. Du dekker [&hellip;]<\/p>\n","protected":false},"featured_media":410228,"comment_status":"open","ping_status":"closed","template":"","meta":{"_trash_the_other_posts":false},"product_brand":[],"product_cat":[687],"product_tag":[],"berocket_brand":[1272],"class_list":{"0":"post-410238","1":"product","2":"type-product","3":"status-publish","4":"has-post-thumbnail","6":"product_cat-skjeggverktoy","7":"pa_brand-remington","8":"berocket_brand-remington","10":"first","11":"instock","12":"sale","13":"taxable","14":"shipping-taxable","15":"purchasable","16":"product-type-simple"},"_links":{"self":[{"href":"https:\/\/stylingagenten.com\/no\/wp-json\/wp\/v2\/product\/410238","targetHints":{"allow":["GET"]}}],"collection":[{"href":"https:\/\/stylingagenten.com\/no\/wp-json\/wp\/v2\/product"}],"about":[{"href":"https:\/\/stylingagenten.com\/no\/wp-json\/wp\/v2\/types\/product"}],"replies":[{"embeddable":true,"href":"https:\/\/stylingagenten.com\/no\/wp-json\/wp\/v2\/comments?post=410238"}],"version-history":[{"count":0,"href":"https:\/\/stylingagenten.com\/no\/wp-json\/wp\/v2\/product\/410238\/revisions"}],"wp:featuredmedia":[{"embeddable":true,"href":"https:\/\/stylingagenten.com\/no\/wp-json\/wp\/v2\/media\/410228"}],"wp:attachment":[{"href":"https:\/\/stylingagenten.com\/no\/wp-json\/wp\/v2\/media?parent=410238"}],"wp:term":[{"taxonomy":"product_brand","embeddable":true,"href":"https:\/\/stylingagenten.com\/no\/wp-json\/wp\/v2\/product_brand?post=410238"},{"taxonomy":"product_cat","embeddable":true,"href":"https:\/\/stylingagenten.com\/no\/wp-json\/wp\/v2\/product_cat?post=410238"},{"taxonomy":"product_tag","embeddable":true,"href":"https:\/\/stylingagenten.com\/no\/wp-json\/wp\/v2\/product_tag?post=410238"},{"taxonomy":"berocket_brand","embeddable":true,"href":"https:\/\/stylingagenten.com\/no\/wp-json\/wp\/v2\/berocket_brand?post=410238"}],"curies":[{"name":"wp","href":"https:\/\/api.w.org\/{rel}","templated":true}]}}