{"id":410222,"date":"2025-05-18T23:30:20","date_gmt":"2025-05-18T23:30:20","guid":{"rendered":"https:\/\/staging2.stylingagenten.com\/no\/produkt\/remington-omniblade-precision\/"},"modified":"2026-03-11T21:59:48","modified_gmt":"2026-03-11T21:59:48","slug":"remington-omniblade-precision","status":"publish","type":"product","link":"https:\/\/stylingagenten.com\/no\/produkt\/remington-omniblade-precision\/","title":{"rendered":"Remington Omniblade Precision"},"content":{"rendered":"<p>Remington Omniblade Precision<br \/>Barber, form og style skjegget med Omniblade-presisjonen, som med et langvarig blad gir et hudn\u00e6rt resultat. Omniblade Precision har et avtakbart hodedesign med 4 fester, justerbar kam og en dobbel kam nese- og \u00f8reh\u00e5rtrimmer. Omniblade Precision har den velkjente formen til en barberh\u00f8vel med kraften, kontrollen og bekvemmeligheten til en elektrisk barbermaskin og trimmer kombinert. Med de 4 utskiftbare tilbeh\u00f8rene f\u00e5r du hjelp til \u00e5 skape den stilen som passer deg. <\/p>\n<p>Trim n\u00e6r huden<br \/>Omniblade Precision er designet for \u00e5 gi deg et resultat n\u00e6rt huden*. Bruk Omniblade helt uten kammer og i den retningen du \u00f8nsker. Uten kam kan du trimme ned til 0,15 mm* for et glattbarbert utseende. <br \/>Form skjegg og skjeggstubber<br \/>Med det 35 mm brede bladet kan du barbere og trimme. Med den justerbare kammen kan du velge mellom totalt 10 lengder mellom 0,5-5mm. <\/p>\n<p>H\u00e5rtrimmer for nese og \u00f8re<br \/>Bruk trimmeren til \u00e5 forme og trimme \u00f8yenbryn og kinnskjegg, de to medf\u00f8lgende kammene trimmer ned til 3 og 6 mm. <br \/>Skj\u00e6r med lang levetid<br \/>Det st\u00f8pte og slipte bladet vil vare i opptil 5 \u00e5r basert p\u00e5 2 minutters bruk, 7 dager i uken <br \/>60 minutter med tr\u00e5dl\u00f8s bruk<br \/>Opptil 60 minutter med tr\u00e5dl\u00f8s bruk p\u00e5 en full lading. Gjennom LED-batteriniv\u00e5indikatoren har du total kontroll over batterilevetiden og lades via USB-lading.<br \/>Funksjoner: <br \/>\u2022Avtakbart hode med tilbeh\u00f8r<br \/>\u202235 mm bredt skj\u00e6reblad<br \/>\u2022Trimmer ned til 0,15 mm*<br \/> \u2022Slitesterk skj\u00e6reblad, varer i opptil 5 \u00e5r*<br \/>\u2022Nese- og \u00f8retrimmer med 2 kammer: 3\/6 mm<br \/>\u2022Justerbar trimmerkam: 0,5-5 mm (10 lengder)<br \/>\u202260 minutters brukstid<br \/>\u2022USB-lading<br \/>\u2022LED-ladeindikator<br \/>\u2022100 % vanntett<br \/>\u2022Oppbevaringspose<br \/>\u20225 \u00e5rs garanti +1 \u00e5r ved registrering p\u00e5 nettet<\/p>\n<p>*Barberer seg ikke s\u00e5 n\u00e6rt som et tradisjonelt barberblad <br \/>** Basert p\u00e5 2 minutters bruk, 7 dager i uken<\/p>\n","protected":false},"excerpt":{"rendered":"<p>Remington Omniblade PrecisionBarber, form og style skjegget med Omniblade-presisjonen, som med et langvarig blad gir et hudn\u00e6rt resultat. Omniblade Precision har et avtakbart hodedesign med 4 fester, justerbar kam og en dobbel kam nese- og \u00f8reh\u00e5rtrimmer. Omniblade Precision har den velkjente formen til en barberh\u00f8vel med kraften, kontrollen og bekvemmeligheten til en elektrisk barbermaskin og [&hellip;]<\/p>\n","protected":false},"featured_media":410202,"comment_status":"open","ping_status":"closed","template":"","meta":{"_trash_the_other_posts":false},"product_brand":[],"product_cat":[687],"product_tag":[],"berocket_brand":[1272],"class_list":{"0":"post-410222","1":"product","2":"type-product","3":"status-publish","4":"has-post-thumbnail","6":"product_cat-skjeggverktoy","7":"pa_brand-remington","8":"berocket_brand-remington","10":"first","11":"instock","12":"sale","13":"taxable","14":"shipping-taxable","15":"purchasable","16":"product-type-simple"},"_links":{"self":[{"href":"https:\/\/stylingagenten.com\/no\/wp-json\/wp\/v2\/product\/410222","targetHints":{"allow":["GET"]}}],"collection":[{"href":"https:\/\/stylingagenten.com\/no\/wp-json\/wp\/v2\/product"}],"about":[{"href":"https:\/\/stylingagenten.com\/no\/wp-json\/wp\/v2\/types\/product"}],"replies":[{"embeddable":true,"href":"https:\/\/stylingagenten.com\/no\/wp-json\/wp\/v2\/comments?post=410222"}],"version-history":[{"count":0,"href":"https:\/\/stylingagenten.com\/no\/wp-json\/wp\/v2\/product\/410222\/revisions"}],"wp:featuredmedia":[{"embeddable":true,"href":"https:\/\/stylingagenten.com\/no\/wp-json\/wp\/v2\/media\/410202"}],"wp:attachment":[{"href":"https:\/\/stylingagenten.com\/no\/wp-json\/wp\/v2\/media?parent=410222"}],"wp:term":[{"taxonomy":"product_brand","embeddable":true,"href":"https:\/\/stylingagenten.com\/no\/wp-json\/wp\/v2\/product_brand?post=410222"},{"taxonomy":"product_cat","embeddable":true,"href":"https:\/\/stylingagenten.com\/no\/wp-json\/wp\/v2\/product_cat?post=410222"},{"taxonomy":"product_tag","embeddable":true,"href":"https:\/\/stylingagenten.com\/no\/wp-json\/wp\/v2\/product_tag?post=410222"},{"taxonomy":"berocket_brand","embeddable":true,"href":"https:\/\/stylingagenten.com\/no\/wp-json\/wp\/v2\/berocket_brand?post=410222"}],"curies":[{"name":"wp","href":"https:\/\/api.w.org\/{rel}","templated":true}]}}