{"id":410221,"date":"2025-05-18T23:30:20","date_gmt":"2025-05-18T23:30:20","guid":{"rendered":"https:\/\/staging2.stylingagenten.com\/no\/produkt\/remington-bodyguard-bht-with-shaving-and-grooming-head-refresh\/"},"modified":"2026-03-11T21:59:41","modified_gmt":"2026-03-11T21:59:41","slug":"remington-bodyguard-bht-with-shaving-and-grooming-head-refresh","status":"publish","type":"product","link":"https:\/\/stylingagenten.com\/no\/produkt\/remington-bodyguard-bht-with-shaving-and-grooming-head-refresh\/","title":{"rendered":"Remington Bodyguard &#8211; BHT with shaving and grooming head &#8211; refresh"},"content":{"rendered":"<p>Remington Bodyguard &#8211; BHT med barber- og stellehode &#8211; refresh<br \/>Remingtons BHT2000A har 5 forh\u00e5ndsinnstilte lengder som enkelt endres med zoomhjulet og i vinduet kan du enkelt se hvilken lengdeinnstilling du har. Bladene er selvslipende og titanbelagte og er derfor sv\u00e6rt slitesterke. <br \/>Bruk mini foliebarbermaskinen for et jevnt resultat. En spiss med fast blad forhindrer hakk og kutt. Den har en avtagbar kam for mer presis trimming og forming. <br \/>Det tar 14-16 timer \u00e5 lade og brukstiden er opptil 40 minutter tr\u00e5dl\u00f8s. Ladeindikatoren viser enkelt n\u00e5r den lader. <br \/>Den er 100 % vanntett og takket v\u00e6re sitt anti-skli grep p\u00e5 h\u00e5ndtaket har du kontroll og f\u00e5r et fast grep. <\/p>\n<p>\u2022Titanbelagte kniver<br \/>\u2022Selvslipende kniver<br \/>\u20225 forh\u00e5ndsinnstilte lengder<br \/>\u2022Minifoliebarbermaskin for jevne resultater<br \/>\u2022Avtakbar kam for presis trimming og forming <br \/>\u2022 Zoomhjul for lengdejustering<br \/>\u2022Komforttupp fast blad for \u00e5 forhindre kutt og s\u00e5r<br \/>\u2022Fullstendig kambeskyttelse<br \/>\u2022Synlig vindu viser lengdejustering<br \/>\u2022Oppladbart<br \/>\u2022Opptil 40 min brukstid<br \/>\u202214- 16 timers ladetid<br \/>\u2022Indikatorlampe<br \/>\u2022100 % vanntett<br \/>\u2022Antislisikkert grep<\/p>\n","protected":false},"excerpt":{"rendered":"<p>Remington Bodyguard &#8211; BHT med barber- og stellehode &#8211; refreshRemingtons BHT2000A har 5 forh\u00e5ndsinnstilte lengder som enkelt endres med zoomhjulet og i vinduet kan du enkelt se hvilken lengdeinnstilling du har. Bladene er selvslipende og titanbelagte og er derfor sv\u00e6rt slitesterke. Bruk mini foliebarbermaskinen for et jevnt resultat. En spiss med fast blad forhindrer hakk [&hellip;]<\/p>\n","protected":false},"featured_media":410199,"comment_status":"open","ping_status":"closed","template":"","meta":{"_trash_the_other_posts":false},"product_brand":[],"product_cat":[687],"product_tag":[],"berocket_brand":[1272],"class_list":{"0":"post-410221","1":"product","2":"type-product","3":"status-publish","4":"has-post-thumbnail","6":"product_cat-skjeggverktoy","7":"pa_brand-remington","8":"berocket_brand-remington","10":"first","11":"instock","12":"taxable","13":"shipping-taxable","14":"purchasable","15":"product-type-simple"},"_links":{"self":[{"href":"https:\/\/stylingagenten.com\/no\/wp-json\/wp\/v2\/product\/410221","targetHints":{"allow":["GET"]}}],"collection":[{"href":"https:\/\/stylingagenten.com\/no\/wp-json\/wp\/v2\/product"}],"about":[{"href":"https:\/\/stylingagenten.com\/no\/wp-json\/wp\/v2\/types\/product"}],"replies":[{"embeddable":true,"href":"https:\/\/stylingagenten.com\/no\/wp-json\/wp\/v2\/comments?post=410221"}],"version-history":[{"count":0,"href":"https:\/\/stylingagenten.com\/no\/wp-json\/wp\/v2\/product\/410221\/revisions"}],"wp:featuredmedia":[{"embeddable":true,"href":"https:\/\/stylingagenten.com\/no\/wp-json\/wp\/v2\/media\/410199"}],"wp:attachment":[{"href":"https:\/\/stylingagenten.com\/no\/wp-json\/wp\/v2\/media?parent=410221"}],"wp:term":[{"taxonomy":"product_brand","embeddable":true,"href":"https:\/\/stylingagenten.com\/no\/wp-json\/wp\/v2\/product_brand?post=410221"},{"taxonomy":"product_cat","embeddable":true,"href":"https:\/\/stylingagenten.com\/no\/wp-json\/wp\/v2\/product_cat?post=410221"},{"taxonomy":"product_tag","embeddable":true,"href":"https:\/\/stylingagenten.com\/no\/wp-json\/wp\/v2\/product_tag?post=410221"},{"taxonomy":"berocket_brand","embeddable":true,"href":"https:\/\/stylingagenten.com\/no\/wp-json\/wp\/v2\/berocket_brand?post=410221"}],"curies":[{"name":"wp","href":"https:\/\/api.w.org\/{rel}","templated":true}]}}