{"id":410215,"date":"2025-05-18T23:30:20","date_gmt":"2025-05-18T23:30:20","guid":{"rendered":"https:\/\/staging2.stylingagenten.com\/no\/produkt\/remington-heritage-personal-groomer\/"},"modified":"2026-03-23T08:28:29","modified_gmt":"2026-03-23T08:28:29","slug":"remington-heritage-personal-groomer","status":"publish","type":"product","link":"https:\/\/stylingagenten.com\/no\/produkt\/remington-heritage-personal-groomer\/","title":{"rendered":"Remington Heritage Personal Groomer"},"content":{"rendered":"<p>Heritage Personal Groomer<br \/>Heritage multitrimmer kombinerer en klassisk tidl\u00f8s design med den nyeste moderne teknologien.<\/p>\n<p>Remington lanserte verdens f\u00f8rste elektriske barbermaskin i 1937 og har siden lansert innovative produkter innen personlig pleie. Heritage multitrimmer i et elegant og sofistikert metallisk gr\u00e5tt hylster er en hyllest til fortiden, samtidig som den integrerer moderne teknologi med profesjonell skj\u00e6reytelse. T-bladene i rustfritt st\u00e5l er selvslipende, slik at du alltid kan nyte en skarp ytelse. Velg mellom 11 utskiftbare tilbeh\u00f8r for \u00e5 skape \u00f8nsket utseende.<\/p>\n<p>Med 60-minutters tr\u00e5dl\u00f8s brukstid gir deg god tid til \u00e5 style. Dens 2-trinns LED-indikator lar deg vite n\u00e5r trimmeren begynner \u00e5 g\u00e5 tom for batteri, slik at du kan lade den helt opp p\u00e5 4 timer eller bruke den med ledning for kontinuerlig str\u00f8m. Det er ogs\u00e5 en 5-minutters hurtigladingsfunksjon hvis du trenger den ekstra boosten med batteri for \u00e5 fullf\u00f8re resultatet.<br \/>Ditt alt-i-ett stylingsett har 11 utskiftbare tilbeh\u00f8r og alt du trenger for \u00e5 holde pleiebehovene dine fra topp til t\u00e5 . Den kommer ogs\u00e5 med en praktisk oppbevaringspose som du kan oppbevare trimmeren og alt tilbeh\u00f8r i.<br \/>\u2022T-Blade for presisjonsstyling<br \/>\u2022Folieskj\u00e6rhode i full st\u00f8rrelse<br \/>\u20227mm detaljtrimmer<br \/>\u2022Justerbar stubbkam (1-5 mm )<br \/>\u20227 faste kammer (1,5-25 mm)<\/p>\n<p>Produktegenskaper: <br \/>\u2022Rustfritt st\u00e5lblad<br \/>\u2022Premium Heritage Design<br \/>\u2022T -blader for presisjonsstyling<br \/>\u2022 Folieskj\u00e6rhode i full st\u00f8rrelse<br \/>\u20227 mm detaljtrimmerhode<br \/>\u2022Justerbar stubbkam (1-5 mm)<br \/>\u20227 faste kammer (1,5-25 mm)<br \/>\u2022Tr\u00e5dl\u00f8s\/tr\u00e5dl\u00f8s<br \/>\u2022Opptil 60-minutters tr\u00e5dl\u00f8s brukstid<br \/>\u20224-timers ladetid<br \/>\u2022Hurtigladefunksjon<br \/>\u20222-trinns LED-indikator<br \/>\u2022Oppbevaringspose<br \/>\u2022100 % vanntett<br \/>\u20225 \u00e5r + 1 garanti *<\/p>\n","protected":false},"excerpt":{"rendered":"<p>Heritage Personal GroomerHeritage multitrimmer kombinerer en klassisk tidl\u00f8s design med den nyeste moderne teknologien. Remington lanserte verdens f\u00f8rste elektriske barbermaskin i 1937 og har siden lansert innovative produkter innen personlig pleie. Heritage multitrimmer i et elegant og sofistikert metallisk gr\u00e5tt hylster er en hyllest til fortiden, samtidig som den integrerer moderne teknologi med profesjonell skj\u00e6reytelse. [&hellip;]<\/p>\n","protected":false},"featured_media":410195,"comment_status":"open","ping_status":"closed","template":"","meta":{"_trash_the_other_posts":false},"product_brand":[],"product_cat":[687],"product_tag":[],"berocket_brand":[1272],"class_list":{"0":"post-410215","1":"product","2":"type-product","3":"status-publish","4":"has-post-thumbnail","6":"product_cat-skjeggverktoy","7":"pa_brand-remington","8":"berocket_brand-remington","10":"first","11":"outofstock","12":"sale","13":"taxable","14":"shipping-taxable","15":"purchasable","16":"product-type-simple"},"_links":{"self":[{"href":"https:\/\/stylingagenten.com\/no\/wp-json\/wp\/v2\/product\/410215","targetHints":{"allow":["GET"]}}],"collection":[{"href":"https:\/\/stylingagenten.com\/no\/wp-json\/wp\/v2\/product"}],"about":[{"href":"https:\/\/stylingagenten.com\/no\/wp-json\/wp\/v2\/types\/product"}],"replies":[{"embeddable":true,"href":"https:\/\/stylingagenten.com\/no\/wp-json\/wp\/v2\/comments?post=410215"}],"version-history":[{"count":0,"href":"https:\/\/stylingagenten.com\/no\/wp-json\/wp\/v2\/product\/410215\/revisions"}],"wp:featuredmedia":[{"embeddable":true,"href":"https:\/\/stylingagenten.com\/no\/wp-json\/wp\/v2\/media\/410195"}],"wp:attachment":[{"href":"https:\/\/stylingagenten.com\/no\/wp-json\/wp\/v2\/media?parent=410215"}],"wp:term":[{"taxonomy":"product_brand","embeddable":true,"href":"https:\/\/stylingagenten.com\/no\/wp-json\/wp\/v2\/product_brand?post=410215"},{"taxonomy":"product_cat","embeddable":true,"href":"https:\/\/stylingagenten.com\/no\/wp-json\/wp\/v2\/product_cat?post=410215"},{"taxonomy":"product_tag","embeddable":true,"href":"https:\/\/stylingagenten.com\/no\/wp-json\/wp\/v2\/product_tag?post=410215"},{"taxonomy":"berocket_brand","embeddable":true,"href":"https:\/\/stylingagenten.com\/no\/wp-json\/wp\/v2\/berocket_brand?post=410215"}],"curies":[{"name":"wp","href":"https:\/\/api.w.org\/{rel}","templated":true}]}}