{"id":410175,"date":"2025-05-18T23:30:11","date_gmt":"2025-05-18T23:30:11","guid":{"rendered":"https:\/\/staging2.stylingagenten.com\/no\/produkt\/paul-mitchell-express-dry-wash-252ml\/"},"modified":"2026-03-11T21:51:08","modified_gmt":"2026-03-11T21:51:08","slug":"paul-mitchell-express-dry-wash-252ml","status":"publish","type":"product","link":"https:\/\/stylingagenten.com\/no\/produkt\/paul-mitchell-express-dry-wash-252ml\/","title":{"rendered":"Paul Mitchell Express Dry Wash 300ml"},"content":{"rendered":"<p>Paul Mitchell Express Dry Dry Wash Hairspray har en t\u00f8rr formel som umiddelbart etterlater h\u00e5ret med en frisk f\u00f8lelse og utseende med en ren duft.<br \/>Denne t\u00f8rrsjampoen etterlater ingen rester og er egnet for h\u00e5r for alle h\u00e5rtyper og h\u00e5rstiler . F\u00e5 et friskt utseende og f\u00f8lelse for h\u00e5ret ditt!<\/p>\n","protected":false},"excerpt":{"rendered":"<p>Paul Mitchell Express Dry Dry Wash Hairspray har en t\u00f8rr formel som umiddelbart etterlater h\u00e5ret med en frisk f\u00f8lelse og utseende med en ren duft.Denne t\u00f8rrsjampoen etterlater ingen rester og er egnet for h\u00e5r for alle h\u00e5rtyper og h\u00e5rstiler . F\u00e5 et friskt utseende og f\u00f8lelse for h\u00e5ret ditt!<\/p>\n","protected":false},"featured_media":462707,"comment_status":"open","ping_status":"closed","template":"","meta":{"_trash_the_other_posts":false},"product_brand":[],"product_cat":[575],"product_tag":[],"berocket_brand":[1053],"class_list":{"0":"post-410175","1":"product","2":"type-product","3":"status-publish","4":"has-post-thumbnail","6":"product_cat-torr-sjampo","7":"pa_brand-paul-mitchell","8":"berocket_brand-paul-mitchell","10":"first","11":"instock","12":"sale","13":"taxable","14":"shipping-taxable","15":"purchasable","16":"product-type-simple"},"_links":{"self":[{"href":"https:\/\/stylingagenten.com\/no\/wp-json\/wp\/v2\/product\/410175","targetHints":{"allow":["GET"]}}],"collection":[{"href":"https:\/\/stylingagenten.com\/no\/wp-json\/wp\/v2\/product"}],"about":[{"href":"https:\/\/stylingagenten.com\/no\/wp-json\/wp\/v2\/types\/product"}],"replies":[{"embeddable":true,"href":"https:\/\/stylingagenten.com\/no\/wp-json\/wp\/v2\/comments?post=410175"}],"version-history":[{"count":0,"href":"https:\/\/stylingagenten.com\/no\/wp-json\/wp\/v2\/product\/410175\/revisions"}],"wp:featuredmedia":[{"embeddable":true,"href":"https:\/\/stylingagenten.com\/no\/wp-json\/wp\/v2\/media\/462707"}],"wp:attachment":[{"href":"https:\/\/stylingagenten.com\/no\/wp-json\/wp\/v2\/media?parent=410175"}],"wp:term":[{"taxonomy":"product_brand","embeddable":true,"href":"https:\/\/stylingagenten.com\/no\/wp-json\/wp\/v2\/product_brand?post=410175"},{"taxonomy":"product_cat","embeddable":true,"href":"https:\/\/stylingagenten.com\/no\/wp-json\/wp\/v2\/product_cat?post=410175"},{"taxonomy":"product_tag","embeddable":true,"href":"https:\/\/stylingagenten.com\/no\/wp-json\/wp\/v2\/product_tag?post=410175"},{"taxonomy":"berocket_brand","embeddable":true,"href":"https:\/\/stylingagenten.com\/no\/wp-json\/wp\/v2\/berocket_brand?post=410175"}],"curies":[{"name":"wp","href":"https:\/\/api.w.org\/{rel}","templated":true}]}}