{"id":410142,"date":"2025-05-18T23:30:04","date_gmt":"2025-05-18T23:30:04","guid":{"rendered":"https:\/\/staging2.stylingagenten.com\/no\/produkt\/batiste-dry-shampoo-on-the-go-blush-50ml\/"},"modified":"2026-03-24T17:07:42","modified_gmt":"2026-03-24T17:07:42","slug":"batiste-dry-shampoo-on-the-go-blush-50ml","status":"publish","type":"product","link":"https:\/\/stylingagenten.com\/no\/produkt\/batiste-dry-shampoo-on-the-go-blush-50ml\/","title":{"rendered":"Batiste Dry Shampoo On The Go Blush 50ml"},"content":{"rendered":"<p>Batiste t\u00f8rrsjampo er det perfekte produktet som umiddelbart renser og frisker opp h\u00e5ret mellom vaskene. Batiste t\u00f8rrsjampo finnes i flere forskjellige varianter, er enkel \u00e5 p\u00e5f\u00f8re og gir h\u00e5ret et \u00abnyvasket\u00bb utseende. utseende.<\/p>\n<p>Batiste Dry Shampoo Blush er en floral og fl\u00f8rtende duft.<\/p>\n","protected":false},"excerpt":{"rendered":"<p>Batiste t\u00f8rrsjampo er det perfekte produktet som umiddelbart renser og frisker opp h\u00e5ret mellom vaskene. Batiste t\u00f8rrsjampo finnes i flere forskjellige varianter, er enkel \u00e5 p\u00e5f\u00f8re og gir h\u00e5ret et \u00abnyvasket\u00bb utseende. utseende. Batiste Dry Shampoo Blush er en floral og fl\u00f8rtende duft.<\/p>\n","protected":false},"featured_media":410141,"comment_status":"open","ping_status":"closed","template":"","meta":{"_trash_the_other_posts":false},"product_brand":[],"product_cat":[575],"product_tag":[],"berocket_brand":[1136],"class_list":{"0":"post-410142","1":"product","2":"type-product","3":"status-publish","4":"has-post-thumbnail","6":"product_cat-torr-sjampo","7":"pa_brand-batiste","8":"berocket_brand-batiste","10":"first","11":"instock","12":"sale","13":"taxable","14":"shipping-taxable","15":"purchasable","16":"product-type-simple"},"_links":{"self":[{"href":"https:\/\/stylingagenten.com\/no\/wp-json\/wp\/v2\/product\/410142","targetHints":{"allow":["GET"]}}],"collection":[{"href":"https:\/\/stylingagenten.com\/no\/wp-json\/wp\/v2\/product"}],"about":[{"href":"https:\/\/stylingagenten.com\/no\/wp-json\/wp\/v2\/types\/product"}],"replies":[{"embeddable":true,"href":"https:\/\/stylingagenten.com\/no\/wp-json\/wp\/v2\/comments?post=410142"}],"version-history":[{"count":0,"href":"https:\/\/stylingagenten.com\/no\/wp-json\/wp\/v2\/product\/410142\/revisions"}],"wp:featuredmedia":[{"embeddable":true,"href":"https:\/\/stylingagenten.com\/no\/wp-json\/wp\/v2\/media\/410141"}],"wp:attachment":[{"href":"https:\/\/stylingagenten.com\/no\/wp-json\/wp\/v2\/media?parent=410142"}],"wp:term":[{"taxonomy":"product_brand","embeddable":true,"href":"https:\/\/stylingagenten.com\/no\/wp-json\/wp\/v2\/product_brand?post=410142"},{"taxonomy":"product_cat","embeddable":true,"href":"https:\/\/stylingagenten.com\/no\/wp-json\/wp\/v2\/product_cat?post=410142"},{"taxonomy":"product_tag","embeddable":true,"href":"https:\/\/stylingagenten.com\/no\/wp-json\/wp\/v2\/product_tag?post=410142"},{"taxonomy":"berocket_brand","embeddable":true,"href":"https:\/\/stylingagenten.com\/no\/wp-json\/wp\/v2\/berocket_brand?post=410142"}],"curies":[{"name":"wp","href":"https:\/\/api.w.org\/{rel}","templated":true}]}}