{"id":410121,"date":"2025-05-18T23:30:00","date_gmt":"2025-05-18T23:30:00","guid":{"rendered":"https:\/\/staging2.stylingagenten.com\/no\/produkt\/2-pack-batiste-dry-shampoo-original-stor-200ml\/"},"modified":"2025-12-18T21:32:21","modified_gmt":"2025-12-18T21:32:21","slug":"2-pack-batiste-dry-shampoo-original-stor-200ml","status":"publish","type":"product","link":"https:\/\/stylingagenten.com\/no\/produkt\/2-pack-batiste-dry-shampoo-original-stor-200ml\/","title":{"rendered":"2-pack Batiste Dry Shampoo Original 200ml"},"content":{"rendered":"<p>Batiste t\u00f8rrsjampo er det perfekte produktet som umiddelbart renser og frisker opp h\u00e5ret mellom vaskene. Batiste t\u00f8rrsjampo finnes i flere forskjellige varianter, er enkel \u00e5 p\u00e5f\u00f8re og gir h\u00e5ret et \u00abnyvasket\u00bb utseende. utseende.<\/p>\n<p>Batiste Dry Shampoo Original har en klassisk frisk duft.<\/p>\n","protected":false},"excerpt":{"rendered":"<p>Batiste t\u00f8rrsjampo er det perfekte produktet som umiddelbart renser og frisker opp h\u00e5ret mellom vaskene. Batiste t\u00f8rrsjampo finnes i flere forskjellige varianter, er enkel \u00e5 p\u00e5f\u00f8re og gir h\u00e5ret et \u00abnyvasket\u00bb utseende. utseende. Batiste Dry Shampoo Original har en klassisk frisk duft.<\/p>\n","protected":false},"featured_media":410120,"comment_status":"open","ping_status":"closed","template":"","meta":{"_trash_the_other_posts":false},"product_brand":[],"product_cat":[672,575],"product_tag":[],"berocket_brand":[1136],"class_list":{"0":"post-410121","1":"product","2":"type-product","3":"status-publish","4":"has-post-thumbnail","6":"product_cat-multipakke-har","7":"product_cat-torr-sjampo","8":"pa_brand-batiste","9":"berocket_brand-batiste","11":"first","12":"instock","13":"taxable","14":"shipping-taxable","15":"purchasable","16":"product-type-simple"},"_links":{"self":[{"href":"https:\/\/stylingagenten.com\/no\/wp-json\/wp\/v2\/product\/410121","targetHints":{"allow":["GET"]}}],"collection":[{"href":"https:\/\/stylingagenten.com\/no\/wp-json\/wp\/v2\/product"}],"about":[{"href":"https:\/\/stylingagenten.com\/no\/wp-json\/wp\/v2\/types\/product"}],"replies":[{"embeddable":true,"href":"https:\/\/stylingagenten.com\/no\/wp-json\/wp\/v2\/comments?post=410121"}],"version-history":[{"count":0,"href":"https:\/\/stylingagenten.com\/no\/wp-json\/wp\/v2\/product\/410121\/revisions"}],"wp:featuredmedia":[{"embeddable":true,"href":"https:\/\/stylingagenten.com\/no\/wp-json\/wp\/v2\/media\/410120"}],"wp:attachment":[{"href":"https:\/\/stylingagenten.com\/no\/wp-json\/wp\/v2\/media?parent=410121"}],"wp:term":[{"taxonomy":"product_brand","embeddable":true,"href":"https:\/\/stylingagenten.com\/no\/wp-json\/wp\/v2\/product_brand?post=410121"},{"taxonomy":"product_cat","embeddable":true,"href":"https:\/\/stylingagenten.com\/no\/wp-json\/wp\/v2\/product_cat?post=410121"},{"taxonomy":"product_tag","embeddable":true,"href":"https:\/\/stylingagenten.com\/no\/wp-json\/wp\/v2\/product_tag?post=410121"},{"taxonomy":"berocket_brand","embeddable":true,"href":"https:\/\/stylingagenten.com\/no\/wp-json\/wp\/v2\/berocket_brand?post=410121"}],"curies":[{"name":"wp","href":"https:\/\/api.w.org\/{rel}","templated":true}]}}