{"id":410119,"date":"2025-05-18T23:29:59","date_gmt":"2025-05-18T23:29:59","guid":{"rendered":"https:\/\/staging2.stylingagenten.com\/no\/produkt\/ellwo-dry-shampoo-200ml\/"},"modified":"2026-04-03T15:17:07","modified_gmt":"2026-04-03T15:17:07","slug":"ellwo-dry-shampoo-200ml","status":"publish","type":"product","link":"https:\/\/stylingagenten.com\/no\/produkt\/ellwo-dry-shampoo-200ml\/","title":{"rendered":"Ellwo Dry Shampoo 200ml"},"content":{"rendered":"<p>Ellwo Dry Shampoo er en volumgivende og fargebevarende t\u00f8rrsjampo som fjerner og n\u00f8ytraliserer fett fra h\u00e5ret. <br \/>Gir hold og tekstur ved styling. Perfekt for de delene av h\u00e5ret som trenger ekstra volum eller en rask oppfriskning. <br \/>Passer alle h\u00e5r og lengder. Beriket med arganolje.<\/p>\n<p>Fri sulfat og parabener<br \/>vegansk<br \/>fargebevaring<\/p>\n","protected":false},"excerpt":{"rendered":"<p>Ellwo Dry Shampoo er en volumgivende og fargebevarende t\u00f8rrsjampo som fjerner og n\u00f8ytraliserer fett fra h\u00e5ret. Gir hold og tekstur ved styling. Perfekt for de delene av h\u00e5ret som trenger ekstra volum eller en rask oppfriskning. Passer alle h\u00e5r og lengder. Beriket med arganolje. Fri sulfat og parabenerveganskfargebevaring<\/p>\n","protected":false},"featured_media":410118,"comment_status":"open","ping_status":"closed","template":"","meta":{"_trash_the_other_posts":false},"product_brand":[],"product_cat":[575],"product_tag":[],"berocket_brand":[1305],"class_list":{"0":"post-410119","1":"product","2":"type-product","3":"status-publish","4":"has-post-thumbnail","6":"product_cat-torr-sjampo","7":"pa_brand-ellwo-professional","8":"berocket_brand-ellwo-professional","10":"first","11":"instock","12":"taxable","13":"shipping-taxable","14":"purchasable","15":"product-type-simple"},"_links":{"self":[{"href":"https:\/\/stylingagenten.com\/no\/wp-json\/wp\/v2\/product\/410119","targetHints":{"allow":["GET"]}}],"collection":[{"href":"https:\/\/stylingagenten.com\/no\/wp-json\/wp\/v2\/product"}],"about":[{"href":"https:\/\/stylingagenten.com\/no\/wp-json\/wp\/v2\/types\/product"}],"replies":[{"embeddable":true,"href":"https:\/\/stylingagenten.com\/no\/wp-json\/wp\/v2\/comments?post=410119"}],"version-history":[{"count":0,"href":"https:\/\/stylingagenten.com\/no\/wp-json\/wp\/v2\/product\/410119\/revisions"}],"wp:featuredmedia":[{"embeddable":true,"href":"https:\/\/stylingagenten.com\/no\/wp-json\/wp\/v2\/media\/410118"}],"wp:attachment":[{"href":"https:\/\/stylingagenten.com\/no\/wp-json\/wp\/v2\/media?parent=410119"}],"wp:term":[{"taxonomy":"product_brand","embeddable":true,"href":"https:\/\/stylingagenten.com\/no\/wp-json\/wp\/v2\/product_brand?post=410119"},{"taxonomy":"product_cat","embeddable":true,"href":"https:\/\/stylingagenten.com\/no\/wp-json\/wp\/v2\/product_cat?post=410119"},{"taxonomy":"product_tag","embeddable":true,"href":"https:\/\/stylingagenten.com\/no\/wp-json\/wp\/v2\/product_tag?post=410119"},{"taxonomy":"berocket_brand","embeddable":true,"href":"https:\/\/stylingagenten.com\/no\/wp-json\/wp\/v2\/berocket_brand?post=410119"}],"curies":[{"name":"wp","href":"https:\/\/api.w.org\/{rel}","templated":true}]}}