{"id":410080,"date":"2025-05-18T23:29:52","date_gmt":"2025-05-18T23:29:52","guid":{"rendered":"https:\/\/staging2.stylingagenten.com\/no\/produkt\/rco-death-valley-dry-shampoo-75ml\/"},"modified":"2025-11-19T09:08:37","modified_gmt":"2025-11-19T09:08:37","slug":"rco-death-valley-dry-shampoo-75ml","status":"publish","type":"product","link":"https:\/\/stylingagenten.com\/no\/produkt\/rco-death-valley-dry-shampoo-75ml\/","title":{"rendered":"R+Co Death Valley Dry Shampoo 75ml"},"content":{"rendered":"<p>Death Valley t\u00f8rrsjampo<br \/>Ikke direkte som en vanlig t\u00f8rrsjampo. Death Vally er den raskeste m\u00e5ten \u00e5 skape volum og fylde p\u00e5. <\/p>\n<p>Bra for: Stort, rotete Bardot- eller Bon Jovi-h\u00e5r.<\/p>\n<p>Slik bruker du:<br \/>Spray p\u00e5 h\u00e5ret n\u00e5r du f\u00f8ler for det, s\u00e5 blir det \u00f8yeblikkelig morsommere.<\/p>\n","protected":false},"excerpt":{"rendered":"<p>Death Valley t\u00f8rrsjampoIkke direkte som en vanlig t\u00f8rrsjampo. Death Vally er den raskeste m\u00e5ten \u00e5 skape volum og fylde p\u00e5. Bra for: Stort, rotete Bardot- eller Bon Jovi-h\u00e5r. Slik bruker du:Spray p\u00e5 h\u00e5ret n\u00e5r du f\u00f8ler for det, s\u00e5 blir det \u00f8yeblikkelig morsommere.<\/p>\n","protected":false},"featured_media":410079,"comment_status":"open","ping_status":"closed","template":"","meta":{"_trash_the_other_posts":false},"product_brand":[],"product_cat":[575],"product_tag":[],"berocket_brand":[1373],"class_list":{"0":"post-410080","1":"product","2":"type-product","3":"status-publish","4":"has-post-thumbnail","6":"product_cat-torr-sjampo","7":"pa_brand-rco","8":"berocket_brand-rco","10":"first","11":"outofstock","12":"sale","13":"taxable","14":"shipping-taxable","15":"purchasable","16":"product-type-simple"},"_links":{"self":[{"href":"https:\/\/stylingagenten.com\/no\/wp-json\/wp\/v2\/product\/410080","targetHints":{"allow":["GET"]}}],"collection":[{"href":"https:\/\/stylingagenten.com\/no\/wp-json\/wp\/v2\/product"}],"about":[{"href":"https:\/\/stylingagenten.com\/no\/wp-json\/wp\/v2\/types\/product"}],"replies":[{"embeddable":true,"href":"https:\/\/stylingagenten.com\/no\/wp-json\/wp\/v2\/comments?post=410080"}],"version-history":[{"count":0,"href":"https:\/\/stylingagenten.com\/no\/wp-json\/wp\/v2\/product\/410080\/revisions"}],"wp:featuredmedia":[{"embeddable":true,"href":"https:\/\/stylingagenten.com\/no\/wp-json\/wp\/v2\/media\/410079"}],"wp:attachment":[{"href":"https:\/\/stylingagenten.com\/no\/wp-json\/wp\/v2\/media?parent=410080"}],"wp:term":[{"taxonomy":"product_brand","embeddable":true,"href":"https:\/\/stylingagenten.com\/no\/wp-json\/wp\/v2\/product_brand?post=410080"},{"taxonomy":"product_cat","embeddable":true,"href":"https:\/\/stylingagenten.com\/no\/wp-json\/wp\/v2\/product_cat?post=410080"},{"taxonomy":"product_tag","embeddable":true,"href":"https:\/\/stylingagenten.com\/no\/wp-json\/wp\/v2\/product_tag?post=410080"},{"taxonomy":"berocket_brand","embeddable":true,"href":"https:\/\/stylingagenten.com\/no\/wp-json\/wp\/v2\/berocket_brand?post=410080"}],"curies":[{"name":"wp","href":"https:\/\/api.w.org\/{rel}","templated":true}]}}