{"id":410077,"date":"2025-05-18T23:29:51","date_gmt":"2025-05-18T23:29:51","guid":{"rendered":"https:\/\/staging2.stylingagenten.com\/no\/produkt\/balmain-dry-shampoo-300ml\/"},"modified":"2026-03-11T21:58:38","modified_gmt":"2026-03-11T21:58:38","slug":"balmain-dry-shampoo-300ml","status":"publish","type":"product","link":"https:\/\/stylingagenten.com\/no\/produkt\/balmain-dry-shampoo-300ml\/","title":{"rendered":"Balmain Dry Shampoo 300ml"},"content":{"rendered":"<p>Balmain Hair Couture t\u00f8rrsjampo er spesielt formulert for \u00e5 umiddelbart friske opp fett, fett h\u00e5r. Beriket med signaturblandingen av Argan Elixir og Silke Protein, renser dette allsidige produktet h\u00e5ret samtidig som det tilf\u00f8rer volum. Produktet absorberer smuss samtidig som det etterlater h\u00e5ret med en &laquo;nyvasket&raquo; f\u00f8lelse. Den lette formelen l\u00f8fter h\u00e5ret fra roten for \u00e5 skape det ultimate, glatte resultatet. Signaturduften fjerner u\u00f8nsket lukt og etterlater h\u00e5ret med en subtil forfriskende duft.<\/p>\n","protected":false},"excerpt":{"rendered":"<p>Balmain Hair Couture t\u00f8rrsjampo er spesielt formulert for \u00e5 umiddelbart friske opp fett, fett h\u00e5r. Beriket med signaturblandingen av Argan Elixir og Silke Protein, renser dette allsidige produktet h\u00e5ret samtidig som det tilf\u00f8rer volum. Produktet absorberer smuss samtidig som det etterlater h\u00e5ret med en &laquo;nyvasket&raquo; f\u00f8lelse. Den lette formelen l\u00f8fter h\u00e5ret fra roten for \u00e5 [&hellip;]<\/p>\n","protected":false},"featured_media":410076,"comment_status":"open","ping_status":"closed","template":"","meta":{"_trash_the_other_posts":false},"product_brand":[],"product_cat":[575],"product_tag":[2451],"berocket_brand":[1144],"class_list":{"0":"post-410077","1":"product","2":"type-product","3":"status-publish","4":"has-post-thumbnail","6":"product_cat-torr-sjampo","7":"product_tag-balmain-dry-shampoo","8":"pa_brand-balmain","9":"pa_variant-300ml","10":"berocket_brand-balmain","12":"first","13":"instock","14":"sale","15":"taxable","16":"shipping-taxable","17":"purchasable","18":"product-type-simple"},"_links":{"self":[{"href":"https:\/\/stylingagenten.com\/no\/wp-json\/wp\/v2\/product\/410077","targetHints":{"allow":["GET"]}}],"collection":[{"href":"https:\/\/stylingagenten.com\/no\/wp-json\/wp\/v2\/product"}],"about":[{"href":"https:\/\/stylingagenten.com\/no\/wp-json\/wp\/v2\/types\/product"}],"replies":[{"embeddable":true,"href":"https:\/\/stylingagenten.com\/no\/wp-json\/wp\/v2\/comments?post=410077"}],"version-history":[{"count":0,"href":"https:\/\/stylingagenten.com\/no\/wp-json\/wp\/v2\/product\/410077\/revisions"}],"wp:featuredmedia":[{"embeddable":true,"href":"https:\/\/stylingagenten.com\/no\/wp-json\/wp\/v2\/media\/410076"}],"wp:attachment":[{"href":"https:\/\/stylingagenten.com\/no\/wp-json\/wp\/v2\/media?parent=410077"}],"wp:term":[{"taxonomy":"product_brand","embeddable":true,"href":"https:\/\/stylingagenten.com\/no\/wp-json\/wp\/v2\/product_brand?post=410077"},{"taxonomy":"product_cat","embeddable":true,"href":"https:\/\/stylingagenten.com\/no\/wp-json\/wp\/v2\/product_cat?post=410077"},{"taxonomy":"product_tag","embeddable":true,"href":"https:\/\/stylingagenten.com\/no\/wp-json\/wp\/v2\/product_tag?post=410077"},{"taxonomy":"berocket_brand","embeddable":true,"href":"https:\/\/stylingagenten.com\/no\/wp-json\/wp\/v2\/berocket_brand?post=410077"}],"curies":[{"name":"wp","href":"https:\/\/api.w.org\/{rel}","templated":true}]}}