{"id":410069,"date":"2025-05-18T23:29:49","date_gmt":"2025-05-18T23:29:49","guid":{"rendered":"https:\/\/staging2.stylingagenten.com\/no\/produkt\/maria-nila-invisidry-shampoo-250ml\/"},"modified":"2025-11-19T09:19:10","modified_gmt":"2025-11-19T09:19:10","slug":"maria-nila-invisidry-shampoo-250ml","status":"publish","type":"product","link":"https:\/\/stylingagenten.com\/no\/produkt\/maria-nila-invisidry-shampoo-250ml\/","title":{"rendered":"Maria Nila Invisidry Shampoo 250ml"},"content":{"rendered":"<p>En lett t\u00f8rrsjampo i sprayform som raskt frisker opp h\u00e5r og hodebunn fra fett og smuss mellom vaskene. Invisidry Shampoo etterlater ingen synlige produkter i h\u00e5ret takket v\u00e6re sin innovative formel og er derfor perfekt for b\u00e5de blondt og m\u00f8rkt h\u00e5r. Produktet har en fruktig duft av pasjonsfrukt og eple.<br \/>Pris 1\/5<br \/>Frisker opp h\u00e5ret mellom vaskene<br \/>Passer b\u00e5de lyst og m\u00f8rkt h\u00e5r<br \/>100 % vegansk og dyrevennlig<\/p>\n","protected":false},"excerpt":{"rendered":"<p>En lett t\u00f8rrsjampo i sprayform som raskt frisker opp h\u00e5r og hodebunn fra fett og smuss mellom vaskene. Invisidry Shampoo etterlater ingen synlige produkter i h\u00e5ret takket v\u00e6re sin innovative formel og er derfor perfekt for b\u00e5de blondt og m\u00f8rkt h\u00e5r. Produktet har en fruktig duft av pasjonsfrukt og eple.Pris 1\/5Frisker opp h\u00e5ret mellom vaskenePasser [&hellip;]<\/p>\n","protected":false},"featured_media":410067,"comment_status":"open","ping_status":"closed","template":"","meta":{"_trash_the_other_posts":false},"product_brand":[],"product_cat":[575],"product_tag":[3407],"berocket_brand":[1388],"class_list":{"0":"post-410069","1":"product","2":"type-product","3":"status-publish","4":"has-post-thumbnail","6":"product_cat-torr-sjampo","7":"product_tag-maria-nila-invisidry-shampoo","8":"pa_brand-maria-nila","9":"pa_variant-250ml","10":"berocket_brand-maria-nila","12":"first","13":"outofstock","14":"taxable","15":"shipping-taxable","16":"purchasable","17":"product-type-simple"},"_links":{"self":[{"href":"https:\/\/stylingagenten.com\/no\/wp-json\/wp\/v2\/product\/410069","targetHints":{"allow":["GET"]}}],"collection":[{"href":"https:\/\/stylingagenten.com\/no\/wp-json\/wp\/v2\/product"}],"about":[{"href":"https:\/\/stylingagenten.com\/no\/wp-json\/wp\/v2\/types\/product"}],"replies":[{"embeddable":true,"href":"https:\/\/stylingagenten.com\/no\/wp-json\/wp\/v2\/comments?post=410069"}],"version-history":[{"count":0,"href":"https:\/\/stylingagenten.com\/no\/wp-json\/wp\/v2\/product\/410069\/revisions"}],"wp:featuredmedia":[{"embeddable":true,"href":"https:\/\/stylingagenten.com\/no\/wp-json\/wp\/v2\/media\/410067"}],"wp:attachment":[{"href":"https:\/\/stylingagenten.com\/no\/wp-json\/wp\/v2\/media?parent=410069"}],"wp:term":[{"taxonomy":"product_brand","embeddable":true,"href":"https:\/\/stylingagenten.com\/no\/wp-json\/wp\/v2\/product_brand?post=410069"},{"taxonomy":"product_cat","embeddable":true,"href":"https:\/\/stylingagenten.com\/no\/wp-json\/wp\/v2\/product_cat?post=410069"},{"taxonomy":"product_tag","embeddable":true,"href":"https:\/\/stylingagenten.com\/no\/wp-json\/wp\/v2\/product_tag?post=410069"},{"taxonomy":"berocket_brand","embeddable":true,"href":"https:\/\/stylingagenten.com\/no\/wp-json\/wp\/v2\/berocket_brand?post=410069"}],"curies":[{"name":"wp","href":"https:\/\/api.w.org\/{rel}","templated":true}]}}