{"id":410043,"date":"2025-05-18T23:29:46","date_gmt":"2025-05-18T23:29:46","guid":{"rendered":"https:\/\/staging2.stylingagenten.com\/no\/produkt\/eleven-australia-give-me-clean-hair-dry-shampoo-130g\/"},"modified":"2026-03-11T21:49:25","modified_gmt":"2026-03-11T21:49:25","slug":"eleven-australia-give-me-clean-hair-dry-shampoo-130g","status":"publish","type":"product","link":"https:\/\/stylingagenten.com\/no\/produkt\/eleven-australia-give-me-clean-hair-dry-shampoo-130g\/","title":{"rendered":"Eleven Australia Give Me Clean Hair Dry Shampoo 130g"},"content":{"rendered":"<p>Vi g\u00e5r lenger enn noen gang mellom vask. Give Me Clean Hair Dry Shampoo er en hurtigl\u00f8sning for en umiddelbar frisk f\u00f8lelse uten \u00e5 fukte h\u00e5ret. Den er enkel \u00e5 p\u00e5f\u00f8re og den n\u00f8ytraliserer oljer og lukt samtidig som den opprettholder h\u00e5rets naturlige tekstur og volum. Rist godt f\u00f8r bruk og spray fra en avstand p\u00e5 25 cm inn i t\u00f8rt h\u00e5r p\u00e5 fete deler. B\u00f8rst ut eller spre med fingrene.<\/p>\n","protected":false},"excerpt":{"rendered":"<p>Vi g\u00e5r lenger enn noen gang mellom vask. Give Me Clean Hair Dry Shampoo er en hurtigl\u00f8sning for en umiddelbar frisk f\u00f8lelse uten \u00e5 fukte h\u00e5ret. Den er enkel \u00e5 p\u00e5f\u00f8re og den n\u00f8ytraliserer oljer og lukt samtidig som den opprettholder h\u00e5rets naturlige tekstur og volum. Rist godt f\u00f8r bruk og spray fra en avstand [&hellip;]<\/p>\n","protected":false},"featured_media":410035,"comment_status":"open","ping_status":"closed","template":"","meta":{"_trash_the_other_posts":false},"product_brand":[],"product_cat":[575],"product_tag":[],"berocket_brand":[1386],"class_list":{"0":"post-410043","1":"product","2":"type-product","3":"status-publish","4":"has-post-thumbnail","6":"product_cat-torr-sjampo","7":"pa_brand-eleven-australia","8":"berocket_brand-eleven-australia","10":"first","11":"instock","12":"sale","13":"taxable","14":"shipping-taxable","15":"purchasable","16":"product-type-simple"},"_links":{"self":[{"href":"https:\/\/stylingagenten.com\/no\/wp-json\/wp\/v2\/product\/410043","targetHints":{"allow":["GET"]}}],"collection":[{"href":"https:\/\/stylingagenten.com\/no\/wp-json\/wp\/v2\/product"}],"about":[{"href":"https:\/\/stylingagenten.com\/no\/wp-json\/wp\/v2\/types\/product"}],"replies":[{"embeddable":true,"href":"https:\/\/stylingagenten.com\/no\/wp-json\/wp\/v2\/comments?post=410043"}],"version-history":[{"count":0,"href":"https:\/\/stylingagenten.com\/no\/wp-json\/wp\/v2\/product\/410043\/revisions"}],"wp:featuredmedia":[{"embeddable":true,"href":"https:\/\/stylingagenten.com\/no\/wp-json\/wp\/v2\/media\/410035"}],"wp:attachment":[{"href":"https:\/\/stylingagenten.com\/no\/wp-json\/wp\/v2\/media?parent=410043"}],"wp:term":[{"taxonomy":"product_brand","embeddable":true,"href":"https:\/\/stylingagenten.com\/no\/wp-json\/wp\/v2\/product_brand?post=410043"},{"taxonomy":"product_cat","embeddable":true,"href":"https:\/\/stylingagenten.com\/no\/wp-json\/wp\/v2\/product_cat?post=410043"},{"taxonomy":"product_tag","embeddable":true,"href":"https:\/\/stylingagenten.com\/no\/wp-json\/wp\/v2\/product_tag?post=410043"},{"taxonomy":"berocket_brand","embeddable":true,"href":"https:\/\/stylingagenten.com\/no\/wp-json\/wp\/v2\/berocket_brand?post=410043"}],"curies":[{"name":"wp","href":"https:\/\/api.w.org\/{rel}","templated":true}]}}