{"id":410031,"date":"2025-05-18T23:29:43","date_gmt":"2025-05-18T23:29:43","guid":{"rendered":"https:\/\/staging2.stylingagenten.com\/no\/produkt\/maria-nila-soothing-dry-shampoo-250ml\/"},"modified":"2026-03-11T21:53:59","modified_gmt":"2026-03-11T21:53:59","slug":"maria-nila-soothing-dry-shampoo-250ml","status":"publish","type":"product","link":"https:\/\/stylingagenten.com\/no\/produkt\/maria-nila-soothing-dry-shampoo-250ml\/","title":{"rendered":"Maria Nila Soothing Dry Shampoo 250ml"},"content":{"rendered":"<p>Soothing Dry Shampoo er en kj\u00f8lende t\u00f8rrsjampo som frisker opp h\u00e5ret fra fett og smuss p\u00e5 sekunder og lindrer en kl\u00f8ende hodebunn. Inneholder aktive beroligende ingredienser som Aloe Vera og Niacinamid som fremmer hodebunnens helse. Gir et lett hold for en luftig og ren f\u00f8lelse. Soothing Dry Shampoo har en frisk blomsterduft av iris, hvit sjasmin og ambra.<\/p>\n<p>Med sine milde og n\u00f8ye utvalgte ingredienser er Soothing Dry Shampoo det perfekte produktet for deg som er p\u00e5 farten og ikke vil g\u00e5 p\u00e5 akkord med \u00e5 ta vare p\u00e5 hodebunnen.<\/p>\n<p>Soothing Dry Shampoo inneholder 250 ml.<\/p>\n","protected":false},"excerpt":{"rendered":"<p>Soothing Dry Shampoo er en kj\u00f8lende t\u00f8rrsjampo som frisker opp h\u00e5ret fra fett og smuss p\u00e5 sekunder og lindrer en kl\u00f8ende hodebunn. Inneholder aktive beroligende ingredienser som Aloe Vera og Niacinamid som fremmer hodebunnens helse. Gir et lett hold for en luftig og ren f\u00f8lelse. Soothing Dry Shampoo har en frisk blomsterduft av iris, hvit [&hellip;]<\/p>\n","protected":false},"featured_media":410026,"comment_status":"open","ping_status":"closed","template":"","meta":{"_trash_the_other_posts":false},"product_brand":[],"product_cat":[575],"product_tag":[],"berocket_brand":[1388],"class_list":{"0":"post-410031","1":"product","2":"type-product","3":"status-publish","4":"has-post-thumbnail","6":"product_cat-torr-sjampo","7":"pa_brand-maria-nila","8":"berocket_brand-maria-nila","10":"first","11":"instock","12":"taxable","13":"shipping-taxable","14":"purchasable","15":"product-type-simple"},"_links":{"self":[{"href":"https:\/\/stylingagenten.com\/no\/wp-json\/wp\/v2\/product\/410031","targetHints":{"allow":["GET"]}}],"collection":[{"href":"https:\/\/stylingagenten.com\/no\/wp-json\/wp\/v2\/product"}],"about":[{"href":"https:\/\/stylingagenten.com\/no\/wp-json\/wp\/v2\/types\/product"}],"replies":[{"embeddable":true,"href":"https:\/\/stylingagenten.com\/no\/wp-json\/wp\/v2\/comments?post=410031"}],"version-history":[{"count":0,"href":"https:\/\/stylingagenten.com\/no\/wp-json\/wp\/v2\/product\/410031\/revisions"}],"wp:featuredmedia":[{"embeddable":true,"href":"https:\/\/stylingagenten.com\/no\/wp-json\/wp\/v2\/media\/410026"}],"wp:attachment":[{"href":"https:\/\/stylingagenten.com\/no\/wp-json\/wp\/v2\/media?parent=410031"}],"wp:term":[{"taxonomy":"product_brand","embeddable":true,"href":"https:\/\/stylingagenten.com\/no\/wp-json\/wp\/v2\/product_brand?post=410031"},{"taxonomy":"product_cat","embeddable":true,"href":"https:\/\/stylingagenten.com\/no\/wp-json\/wp\/v2\/product_cat?post=410031"},{"taxonomy":"product_tag","embeddable":true,"href":"https:\/\/stylingagenten.com\/no\/wp-json\/wp\/v2\/product_tag?post=410031"},{"taxonomy":"berocket_brand","embeddable":true,"href":"https:\/\/stylingagenten.com\/no\/wp-json\/wp\/v2\/berocket_brand?post=410031"}],"curies":[{"name":"wp","href":"https:\/\/api.w.org\/{rel}","templated":true}]}}