{"id":410017,"date":"2025-05-18T23:29:41","date_gmt":"2025-05-18T23:29:41","guid":{"rendered":"https:\/\/staging2.stylingagenten.com\/no\/produkt\/balmain-dry-shampoo-75ml\/"},"modified":"2026-03-11T21:47:39","modified_gmt":"2026-03-11T21:47:39","slug":"balmain-dry-shampoo-75ml","status":"publish","type":"product","link":"https:\/\/stylingagenten.com\/no\/produkt\/balmain-dry-shampoo-75ml\/","title":{"rendered":"Balmain Dry Shampoo 75ml"},"content":{"rendered":"<p>Umiddelbart oppfriskende t\u00f8rrsjampo-spray. T\u00f8rrsjampoen absorberer oljer og overfl\u00f8dig talg samtidig som den l\u00f8fter r\u00f8ttene og gir volum. Forlenger holdbarheten p\u00e5 frisyren og gir en matt tekstur og fyldig h\u00e5r.<\/p>\n<p>75 ml<\/p>\n","protected":false},"excerpt":{"rendered":"<p>Umiddelbart oppfriskende t\u00f8rrsjampo-spray. T\u00f8rrsjampoen absorberer oljer og overfl\u00f8dig talg samtidig som den l\u00f8fter r\u00f8ttene og gir volum. Forlenger holdbarheten p\u00e5 frisyren og gir en matt tekstur og fyldig h\u00e5r. 75 ml<\/p>\n","protected":false},"featured_media":410012,"comment_status":"open","ping_status":"closed","template":"","meta":{"_trash_the_other_posts":false},"product_brand":[],"product_cat":[575],"product_tag":[2451],"berocket_brand":[1144],"class_list":{"0":"post-410017","1":"product","2":"type-product","3":"status-publish","4":"has-post-thumbnail","6":"product_cat-torr-sjampo","7":"product_tag-balmain-dry-shampoo","8":"pa_brand-balmain","9":"pa_variant-75ml","10":"berocket_brand-balmain","12":"first","13":"instock","14":"sale","15":"taxable","16":"shipping-taxable","17":"purchasable","18":"product-type-simple"},"_links":{"self":[{"href":"https:\/\/stylingagenten.com\/no\/wp-json\/wp\/v2\/product\/410017","targetHints":{"allow":["GET"]}}],"collection":[{"href":"https:\/\/stylingagenten.com\/no\/wp-json\/wp\/v2\/product"}],"about":[{"href":"https:\/\/stylingagenten.com\/no\/wp-json\/wp\/v2\/types\/product"}],"replies":[{"embeddable":true,"href":"https:\/\/stylingagenten.com\/no\/wp-json\/wp\/v2\/comments?post=410017"}],"version-history":[{"count":0,"href":"https:\/\/stylingagenten.com\/no\/wp-json\/wp\/v2\/product\/410017\/revisions"}],"wp:featuredmedia":[{"embeddable":true,"href":"https:\/\/stylingagenten.com\/no\/wp-json\/wp\/v2\/media\/410012"}],"wp:attachment":[{"href":"https:\/\/stylingagenten.com\/no\/wp-json\/wp\/v2\/media?parent=410017"}],"wp:term":[{"taxonomy":"product_brand","embeddable":true,"href":"https:\/\/stylingagenten.com\/no\/wp-json\/wp\/v2\/product_brand?post=410017"},{"taxonomy":"product_cat","embeddable":true,"href":"https:\/\/stylingagenten.com\/no\/wp-json\/wp\/v2\/product_cat?post=410017"},{"taxonomy":"product_tag","embeddable":true,"href":"https:\/\/stylingagenten.com\/no\/wp-json\/wp\/v2\/product_tag?post=410017"},{"taxonomy":"berocket_brand","embeddable":true,"href":"https:\/\/stylingagenten.com\/no\/wp-json\/wp\/v2\/berocket_brand?post=410017"}],"curies":[{"name":"wp","href":"https:\/\/api.w.org\/{rel}","templated":true}]}}