{"id":410010,"date":"2025-05-18T23:29:39","date_gmt":"2025-05-18T23:29:39","guid":{"rendered":"https:\/\/staging2.stylingagenten.com\/no\/produkt\/bjork-skydda-torr-dry-heat-protection-100ml\/"},"modified":"2026-03-16T09:30:04","modified_gmt":"2026-03-16T09:30:04","slug":"bjork-skydda-torr-dry-heat-protection-100ml","status":"publish","type":"product","link":"https:\/\/stylingagenten.com\/no\/produkt\/bjork-skydda-torr-dry-heat-protection-100ml\/","title":{"rendered":"Bj\u00f6rk SKYDDA TORR Dry Heat Protection 100ml"},"content":{"rendered":"<p>Bj\u00f6rk SKYDDA TORR Dry Heat Protection er en varmebeskyttelse i t\u00f8rr sprayform for alle h\u00e5rtyper. Den n\u00e6rende formelen med rose- og bl\u00e5b\u00e6rekstrakt beskytter og gir naturlig glans. Fargebevarende, motvirker frizz og gir lett hold. Beskytter h\u00e5ret mot fuktighet og varmeslitasje opp til 210 grader.<\/p>\n<p>Duft: Luksuri\u00f8s og frisk duft med hint av fersken.<\/p>\n<p>100ml<\/p>\n","protected":false},"excerpt":{"rendered":"<p>Bj\u00f6rk SKYDDA TORR Dry Heat Protection er en varmebeskyttelse i t\u00f8rr sprayform for alle h\u00e5rtyper. Den n\u00e6rende formelen med rose- og bl\u00e5b\u00e6rekstrakt beskytter og gir naturlig glans. Fargebevarende, motvirker frizz og gir lett hold. Beskytter h\u00e5ret mot fuktighet og varmeslitasje opp til 210 grader. Duft: Luksuri\u00f8s og frisk duft med hint av fersken. 100ml<\/p>\n","protected":false},"featured_media":410009,"comment_status":"open","ping_status":"closed","template":"","meta":{"_trash_the_other_posts":false},"product_brand":[],"product_cat":[624],"product_tag":[2566],"berocket_brand":[1418],"class_list":{"0":"post-410010","1":"product","2":"type-product","3":"status-publish","4":"has-post-thumbnail","6":"product_cat-varmebeskyttelse","7":"product_tag-bjork-skydda-torr-dry-heat-protection","8":"pa_brand-bjork","9":"pa_variant-100ml","10":"berocket_brand-bjork","12":"first","13":"instock","14":"sale","15":"taxable","16":"shipping-taxable","17":"purchasable","18":"product-type-simple"},"_links":{"self":[{"href":"https:\/\/stylingagenten.com\/no\/wp-json\/wp\/v2\/product\/410010","targetHints":{"allow":["GET"]}}],"collection":[{"href":"https:\/\/stylingagenten.com\/no\/wp-json\/wp\/v2\/product"}],"about":[{"href":"https:\/\/stylingagenten.com\/no\/wp-json\/wp\/v2\/types\/product"}],"replies":[{"embeddable":true,"href":"https:\/\/stylingagenten.com\/no\/wp-json\/wp\/v2\/comments?post=410010"}],"version-history":[{"count":0,"href":"https:\/\/stylingagenten.com\/no\/wp-json\/wp\/v2\/product\/410010\/revisions"}],"wp:featuredmedia":[{"embeddable":true,"href":"https:\/\/stylingagenten.com\/no\/wp-json\/wp\/v2\/media\/410009"}],"wp:attachment":[{"href":"https:\/\/stylingagenten.com\/no\/wp-json\/wp\/v2\/media?parent=410010"}],"wp:term":[{"taxonomy":"product_brand","embeddable":true,"href":"https:\/\/stylingagenten.com\/no\/wp-json\/wp\/v2\/product_brand?post=410010"},{"taxonomy":"product_cat","embeddable":true,"href":"https:\/\/stylingagenten.com\/no\/wp-json\/wp\/v2\/product_cat?post=410010"},{"taxonomy":"product_tag","embeddable":true,"href":"https:\/\/stylingagenten.com\/no\/wp-json\/wp\/v2\/product_tag?post=410010"},{"taxonomy":"berocket_brand","embeddable":true,"href":"https:\/\/stylingagenten.com\/no\/wp-json\/wp\/v2\/berocket_brand?post=410010"}],"curies":[{"name":"wp","href":"https:\/\/api.w.org\/{rel}","templated":true}]}}