{"id":410007,"date":"2025-05-18T23:29:39","date_gmt":"2025-05-18T23:29:39","guid":{"rendered":"https:\/\/staging2.stylingagenten.com\/no\/produkt\/bjork-forma-torr-dry-shampoo-200ml\/"},"modified":"2026-03-16T09:30:25","modified_gmt":"2026-03-16T09:30:25","slug":"bjork-forma-torr-dry-shampoo-200ml","status":"publish","type":"product","link":"https:\/\/stylingagenten.com\/no\/produkt\/bjork-forma-torr-dry-shampoo-200ml\/","title":{"rendered":"Bj\u00f6rk FORMA TORR Dry Shampoo 200ml"},"content":{"rendered":"<p>Bj\u00f6rk FORMA TORR T\u00f8rrsjampo er en t\u00f8rrsjampo som frisker opp h\u00e5ret samtidig som den gir tekstur og volum. Den h\u00f8yt absorberende formelen fjerner overfl\u00f8dig olje og n\u00f8ytraliserer u\u00f8nskede lukter. H\u00e5ret ser, f\u00f8les og dufter friskt p\u00e5 et blunk.<\/p>\n<p>Duft: Frisk og fruktig duft med hint av vannmelon.<\/p>\n<p>200 ml<\/p>\n","protected":false},"excerpt":{"rendered":"<p>Bj\u00f6rk FORMA TORR T\u00f8rrsjampo er en t\u00f8rrsjampo som frisker opp h\u00e5ret samtidig som den gir tekstur og volum. Den h\u00f8yt absorberende formelen fjerner overfl\u00f8dig olje og n\u00f8ytraliserer u\u00f8nskede lukter. H\u00e5ret ser, f\u00f8les og dufter friskt p\u00e5 et blunk. Duft: Frisk og fruktig duft med hint av vannmelon. 200 ml<\/p>\n","protected":false},"featured_media":410005,"comment_status":"open","ping_status":"closed","template":"","meta":{"_trash_the_other_posts":false},"product_brand":[],"product_cat":[575],"product_tag":[],"berocket_brand":[1418],"class_list":{"0":"post-410007","1":"product","2":"type-product","3":"status-publish","4":"has-post-thumbnail","6":"product_cat-torr-sjampo","7":"pa_brand-bjork","8":"berocket_brand-bjork","10":"first","11":"instock","12":"taxable","13":"shipping-taxable","14":"purchasable","15":"product-type-simple"},"_links":{"self":[{"href":"https:\/\/stylingagenten.com\/no\/wp-json\/wp\/v2\/product\/410007","targetHints":{"allow":["GET"]}}],"collection":[{"href":"https:\/\/stylingagenten.com\/no\/wp-json\/wp\/v2\/product"}],"about":[{"href":"https:\/\/stylingagenten.com\/no\/wp-json\/wp\/v2\/types\/product"}],"replies":[{"embeddable":true,"href":"https:\/\/stylingagenten.com\/no\/wp-json\/wp\/v2\/comments?post=410007"}],"version-history":[{"count":0,"href":"https:\/\/stylingagenten.com\/no\/wp-json\/wp\/v2\/product\/410007\/revisions"}],"wp:featuredmedia":[{"embeddable":true,"href":"https:\/\/stylingagenten.com\/no\/wp-json\/wp\/v2\/media\/410005"}],"wp:attachment":[{"href":"https:\/\/stylingagenten.com\/no\/wp-json\/wp\/v2\/media?parent=410007"}],"wp:term":[{"taxonomy":"product_brand","embeddable":true,"href":"https:\/\/stylingagenten.com\/no\/wp-json\/wp\/v2\/product_brand?post=410007"},{"taxonomy":"product_cat","embeddable":true,"href":"https:\/\/stylingagenten.com\/no\/wp-json\/wp\/v2\/product_cat?post=410007"},{"taxonomy":"product_tag","embeddable":true,"href":"https:\/\/stylingagenten.com\/no\/wp-json\/wp\/v2\/product_tag?post=410007"},{"taxonomy":"berocket_brand","embeddable":true,"href":"https:\/\/stylingagenten.com\/no\/wp-json\/wp\/v2\/berocket_brand?post=410007"}],"curies":[{"name":"wp","href":"https:\/\/api.w.org\/{rel}","templated":true}]}}