{"id":409998,"date":"2025-05-18T23:29:38","date_gmt":"2025-05-18T23:29:38","guid":{"rendered":"https:\/\/staging2.stylingagenten.com\/no\/produkt\/bjork-forma-torr-brown-dry-shampoo-200ml\/"},"modified":"2026-03-16T09:30:23","modified_gmt":"2026-03-16T09:30:23","slug":"bjork-forma-torr-brown-dry-shampoo-200ml","status":"publish","type":"product","link":"https:\/\/stylingagenten.com\/no\/produkt\/bjork-forma-torr-brown-dry-shampoo-200ml\/","title":{"rendered":"Bj\u00f6rk FORMA TORR Brown Dry Shampoo 200ml"},"content":{"rendered":"<p>Bj\u00f6rk FORMA TORR Brown Dry Shampoo er et t\u00f8rrsjampo med brune pigmenter som frisker opp h\u00e5ret p\u00e5 et blunk. H\u00f8yt absorberende formel fjerner overfl\u00f8dige oljer og n\u00f8ytraliserer u\u00f8nskede lukter. Gir en lett volumiserende og teksturerende effekt. Inneholder r\u00e5varer fra bj\u00f8rk som virker beroligende og vitaliserende for hodebunnen. F\u00e5r h\u00e5ret til \u00e5 se, f\u00f8les og lukte rent. Frisk og fruktig duft med hint av vannmelon.<\/p>\n<p>Duft: Frisk og fruktig duft med hint av vannmelon.<\/p>\n<p>200 ml<\/p>\n","protected":false},"excerpt":{"rendered":"<p>Bj\u00f6rk FORMA TORR Brown Dry Shampoo er et t\u00f8rrsjampo med brune pigmenter som frisker opp h\u00e5ret p\u00e5 et blunk. H\u00f8yt absorberende formel fjerner overfl\u00f8dige oljer og n\u00f8ytraliserer u\u00f8nskede lukter. Gir en lett volumiserende og teksturerende effekt. Inneholder r\u00e5varer fra bj\u00f8rk som virker beroligende og vitaliserende for hodebunnen. F\u00e5r h\u00e5ret til \u00e5 se, f\u00f8les og lukte [&hellip;]<\/p>\n","protected":false},"featured_media":409997,"comment_status":"open","ping_status":"closed","template":"","meta":{"_trash_the_other_posts":false},"product_brand":[],"product_cat":[575],"product_tag":[],"berocket_brand":[1418],"class_list":{"0":"post-409998","1":"product","2":"type-product","3":"status-publish","4":"has-post-thumbnail","6":"product_cat-torr-sjampo","7":"pa_brand-bjork","8":"berocket_brand-bjork","10":"first","11":"instock","12":"taxable","13":"shipping-taxable","14":"purchasable","15":"product-type-simple"},"_links":{"self":[{"href":"https:\/\/stylingagenten.com\/no\/wp-json\/wp\/v2\/product\/409998","targetHints":{"allow":["GET"]}}],"collection":[{"href":"https:\/\/stylingagenten.com\/no\/wp-json\/wp\/v2\/product"}],"about":[{"href":"https:\/\/stylingagenten.com\/no\/wp-json\/wp\/v2\/types\/product"}],"replies":[{"embeddable":true,"href":"https:\/\/stylingagenten.com\/no\/wp-json\/wp\/v2\/comments?post=409998"}],"version-history":[{"count":0,"href":"https:\/\/stylingagenten.com\/no\/wp-json\/wp\/v2\/product\/409998\/revisions"}],"wp:featuredmedia":[{"embeddable":true,"href":"https:\/\/stylingagenten.com\/no\/wp-json\/wp\/v2\/media\/409997"}],"wp:attachment":[{"href":"https:\/\/stylingagenten.com\/no\/wp-json\/wp\/v2\/media?parent=409998"}],"wp:term":[{"taxonomy":"product_brand","embeddable":true,"href":"https:\/\/stylingagenten.com\/no\/wp-json\/wp\/v2\/product_brand?post=409998"},{"taxonomy":"product_cat","embeddable":true,"href":"https:\/\/stylingagenten.com\/no\/wp-json\/wp\/v2\/product_cat?post=409998"},{"taxonomy":"product_tag","embeddable":true,"href":"https:\/\/stylingagenten.com\/no\/wp-json\/wp\/v2\/product_tag?post=409998"},{"taxonomy":"berocket_brand","embeddable":true,"href":"https:\/\/stylingagenten.com\/no\/wp-json\/wp\/v2\/berocket_brand?post=409998"}],"curies":[{"name":"wp","href":"https:\/\/api.w.org\/{rel}","templated":true}]}}