{"id":409957,"date":"2025-05-18T23:29:30","date_gmt":"2025-05-18T23:29:30","guid":{"rendered":"https:\/\/staging2.stylingagenten.com\/no\/produkt\/elizabeth-arden-white-tea-skin-solutions-bi-phase-toning-lotion-200-ml\/"},"modified":"2025-11-19T09:24:25","modified_gmt":"2025-11-19T09:24:25","slug":"elizabeth-arden-white-tea-skin-solutions-bi-phase-toning-lotion-200-ml","status":"publish","type":"product","link":"https:\/\/stylingagenten.com\/no\/produkt\/elizabeth-arden-white-tea-skin-solutions-bi-phase-toning-lotion-200-ml\/","title":{"rendered":"Elizabeth Arden White Tea Skin Solutions Bi-Phase Toning Lotion 200 ml"},"content":{"rendered":"<p>Elizabeth Arden White Tea Skin Solutions Bi-Phase Toning Lotion 200 ml<br \/>White Tea Skin Solutions er en vegansk hudpleieserie fra Elizabeth Arden laget med naturens potente antioksidant EGCG som finnes i hvit te, for \u00e5 gi huden ungdommelig vitalitet og for \u00e5 styrke huden hudens forsvarskraft. Hver formel er n\u00f8ye designet med EGCG, bioteknologi for \u00e5 styrke det naturlige kollagenet i huden p\u00e5 bare 6 timer. Opplev sensoriske teksturer og rene formler med b\u00e6rekraftig produserte ingredienser og emballasje. Sk\u00e5nsom hudpleie som passer alle \u2013 ogs\u00e5 de med sensitiv hud. Beriket med EGCG*, White Tea Skin Solutions Moisture Infusing Bi-Phase Toning Lotion er en beroligende, alkoholfri toningslotion som fyller p\u00e5 tapt fuktighet i huden for \u00e5 jevne ut, myke og jevne ut huden.<br \/>&#8211;<br \/> Denne toneren. er beriket med en blanding av vannmelon, linser og epleekstrakter som renser og gir sk\u00e5nsom n\u00e6ring. Opplev synlig forbedret hud med en sunn, str\u00e5lende gl\u00f8d p\u00e5 bare 7 dager. Sk\u00e5nsom nok for alle hudtyper, ogs\u00e5 sensitiv hud**. 100 % vegansk 1) Epigallocatechin gallate glucoside, et aktivt molekyl i hvit te. 2) Selvopplevd.<\/p>\n","protected":false},"excerpt":{"rendered":"<p>Elizabeth Arden White Tea Skin Solutions Bi-Phase Toning Lotion 200 mlWhite Tea Skin Solutions er en vegansk hudpleieserie fra Elizabeth Arden laget med naturens potente antioksidant EGCG som finnes i hvit te, for \u00e5 gi huden ungdommelig vitalitet og for \u00e5 styrke huden hudens forsvarskraft. Hver formel er n\u00f8ye designet med EGCG, bioteknologi for \u00e5 [&hellip;]<\/p>\n","protected":false},"featured_media":409942,"comment_status":"open","ping_status":"closed","template":"","meta":{"_trash_the_other_posts":false},"product_brand":[],"product_cat":[654],"product_tag":[],"berocket_brand":[1303],"class_list":{"0":"post-409957","1":"product","2":"type-product","3":"status-publish","4":"has-post-thumbnail","6":"product_cat-toner","7":"pa_brand-elizabeth-arden","8":"berocket_brand-elizabeth-arden","10":"first","11":"instock","12":"sale","13":"taxable","14":"shipping-taxable","15":"purchasable","16":"product-type-simple"},"_links":{"self":[{"href":"https:\/\/stylingagenten.com\/no\/wp-json\/wp\/v2\/product\/409957","targetHints":{"allow":["GET"]}}],"collection":[{"href":"https:\/\/stylingagenten.com\/no\/wp-json\/wp\/v2\/product"}],"about":[{"href":"https:\/\/stylingagenten.com\/no\/wp-json\/wp\/v2\/types\/product"}],"replies":[{"embeddable":true,"href":"https:\/\/stylingagenten.com\/no\/wp-json\/wp\/v2\/comments?post=409957"}],"version-history":[{"count":0,"href":"https:\/\/stylingagenten.com\/no\/wp-json\/wp\/v2\/product\/409957\/revisions"}],"wp:featuredmedia":[{"embeddable":true,"href":"https:\/\/stylingagenten.com\/no\/wp-json\/wp\/v2\/media\/409942"}],"wp:attachment":[{"href":"https:\/\/stylingagenten.com\/no\/wp-json\/wp\/v2\/media?parent=409957"}],"wp:term":[{"taxonomy":"product_brand","embeddable":true,"href":"https:\/\/stylingagenten.com\/no\/wp-json\/wp\/v2\/product_brand?post=409957"},{"taxonomy":"product_cat","embeddable":true,"href":"https:\/\/stylingagenten.com\/no\/wp-json\/wp\/v2\/product_cat?post=409957"},{"taxonomy":"product_tag","embeddable":true,"href":"https:\/\/stylingagenten.com\/no\/wp-json\/wp\/v2\/product_tag?post=409957"},{"taxonomy":"berocket_brand","embeddable":true,"href":"https:\/\/stylingagenten.com\/no\/wp-json\/wp\/v2\/berocket_brand?post=409957"}],"curies":[{"name":"wp","href":"https:\/\/api.w.org\/{rel}","templated":true}]}}