{"id":409954,"date":"2025-05-18T23:29:30","date_gmt":"2025-05-18T23:29:30","guid":{"rendered":"https:\/\/staging2.stylingagenten.com\/no\/produkt\/filorga-ncef-essence-150ml\/"},"modified":"2026-04-13T07:10:29","modified_gmt":"2026-04-13T07:10:29","slug":"filorga-ncef-essence-150ml","status":"publish","type":"product","link":"https:\/\/stylingagenten.com\/no\/produkt\/filorga-ncef-essence-150ml\/","title":{"rendered":"Filorga NCEF Essence 150ml"},"content":{"rendered":"<p>Overlegen revitaliserende essens &#8211; en fuktighetsl\u00e5s for vakker hud<br \/>Revitaliserende essens med h\u00f8y fuktighet og konsentrasjon av NCEF. Et pre-serum som forbereder huden og forsterker effekten av p\u00e5f\u00f8lgende anti-aldring hudpleieprodukter. Gir umiddelbart huden glans og en beskyttende effekt, samt bevarer fuktigheten i huden. Passer for alle hudtyper.<\/p>\n<p>-Forbereder huden og \u00f8ker effekten av p\u00e5f\u00f8lgende produkter<br \/>-Beskytter og bevarer fuktigheten i huden<br \/>-Gir glans og beskytter mot forurensning<\/p>\n<p>NCEF: Et polyrevitaliserende kompleks for forbedret hudkvalitet med en konsentrasjon som tilsvarer en injiserbar NCEF-behandling mot aldring. For en fullstendig anti-aldringseffekt p\u00e5 rynker, fasthet, hudtone, porer, fuktighet.<br \/>AQUA-MX-teknologi: Et fuktighetsgivende konsentrat som gir b\u00e5de umiddelbar og langvarig fuktighet og forbedrer egenskapene til p\u00e5f\u00f8lgende produkter.<br \/> Salvia urteekstrakt: Motvirker vanntap i huden og har en betennelsesdempende effekt.<\/p>\n<p>Skj\u00f8nnhetstips!<br \/>P\u00e5f\u00f8r essensen etter rensingen, deretter serum og krem, for \u00e5 optimalisere absorpsjonen og \u00f8ke effektene. <\/p>\n<p>Bruk: Bruk morgen og kveld p\u00e5 renset hud og f\u00f8r serum\/krem. P\u00e5f\u00f8r produktet p\u00e5 hendene og klapp deretter formelen forsiktig inn med fingrene. Ikke skyll av.<\/p>\n","protected":false},"excerpt":{"rendered":"<p>Overlegen revitaliserende essens &#8211; en fuktighetsl\u00e5s for vakker hudRevitaliserende essens med h\u00f8y fuktighet og konsentrasjon av NCEF. Et pre-serum som forbereder huden og forsterker effekten av p\u00e5f\u00f8lgende anti-aldring hudpleieprodukter. Gir umiddelbart huden glans og en beskyttende effekt, samt bevarer fuktigheten i huden. Passer for alle hudtyper. -Forbereder huden og \u00f8ker effekten av p\u00e5f\u00f8lgende produkter-Beskytter og [&hellip;]<\/p>\n","protected":false},"featured_media":409940,"comment_status":"open","ping_status":"closed","template":"","meta":{"_trash_the_other_posts":false},"product_brand":[],"product_cat":[546],"product_tag":[],"berocket_brand":[1317],"class_list":{"0":"post-409954","1":"product","2":"type-product","3":"status-publish","4":"has-post-thumbnail","6":"product_cat-harstyling","7":"pa_brand-filorga","8":"berocket_brand-filorga","10":"first","11":"instock","12":"sale","13":"taxable","14":"shipping-taxable","15":"purchasable","16":"product-type-simple"},"_links":{"self":[{"href":"https:\/\/stylingagenten.com\/no\/wp-json\/wp\/v2\/product\/409954","targetHints":{"allow":["GET"]}}],"collection":[{"href":"https:\/\/stylingagenten.com\/no\/wp-json\/wp\/v2\/product"}],"about":[{"href":"https:\/\/stylingagenten.com\/no\/wp-json\/wp\/v2\/types\/product"}],"replies":[{"embeddable":true,"href":"https:\/\/stylingagenten.com\/no\/wp-json\/wp\/v2\/comments?post=409954"}],"version-history":[{"count":0,"href":"https:\/\/stylingagenten.com\/no\/wp-json\/wp\/v2\/product\/409954\/revisions"}],"wp:featuredmedia":[{"embeddable":true,"href":"https:\/\/stylingagenten.com\/no\/wp-json\/wp\/v2\/media\/409940"}],"wp:attachment":[{"href":"https:\/\/stylingagenten.com\/no\/wp-json\/wp\/v2\/media?parent=409954"}],"wp:term":[{"taxonomy":"product_brand","embeddable":true,"href":"https:\/\/stylingagenten.com\/no\/wp-json\/wp\/v2\/product_brand?post=409954"},{"taxonomy":"product_cat","embeddable":true,"href":"https:\/\/stylingagenten.com\/no\/wp-json\/wp\/v2\/product_cat?post=409954"},{"taxonomy":"product_tag","embeddable":true,"href":"https:\/\/stylingagenten.com\/no\/wp-json\/wp\/v2\/product_tag?post=409954"},{"taxonomy":"berocket_brand","embeddable":true,"href":"https:\/\/stylingagenten.com\/no\/wp-json\/wp\/v2\/berocket_brand?post=409954"}],"curies":[{"name":"wp","href":"https:\/\/api.w.org\/{rel}","templated":true}]}}