{"id":409911,"date":"2025-05-18T23:29:22","date_gmt":"2025-05-18T23:29:22","guid":{"rendered":"https:\/\/staging2.stylingagenten.com\/no\/produkt\/neutrogena-clear-soothe-toning-mist-125ml\/"},"modified":"2026-03-10T15:49:33","modified_gmt":"2026-03-10T15:49:33","slug":"neutrogena-clear-soothe-toning-mist-125ml","status":"publish","type":"product","link":"https:\/\/stylingagenten.com\/no\/produkt\/neutrogena-clear-soothe-toning-mist-125ml\/","title":{"rendered":"Neutrogena Clear &amp; Soothe Toning Mist 125ml"},"content":{"rendered":"<p>Neutrogena Clear &amp; Soothe Toning Mist 125ml<br \/>Neutrogena Clear &amp; Soothe Toning Mist er en lett spray for ansiktet som frisker opp, fukter og lindrer akne-utsatt eller stresset hud.<br \/>Sprayen gir huden en rask fuktboost. Kan brukes p\u00e5 slutten av morgen- eller kveldsrutinen, eller n\u00e5r som helst p\u00e5 dagen.<\/p>\n","protected":false},"excerpt":{"rendered":"<p>Neutrogena Clear &amp; Soothe Toning Mist 125mlNeutrogena Clear &amp; Soothe Toning Mist er en lett spray for ansiktet som frisker opp, fukter og lindrer akne-utsatt eller stresset hud.Sprayen gir huden en rask fuktboost. Kan brukes p\u00e5 slutten av morgen- eller kveldsrutinen, eller n\u00e5r som helst p\u00e5 dagen.<\/p>\n","protected":false},"featured_media":409908,"comment_status":"open","ping_status":"closed","template":"","meta":{"_trash_the_other_posts":false},"product_brand":[],"product_cat":[571],"product_tag":[],"berocket_brand":[1262],"class_list":{"0":"post-409911","1":"product","2":"type-product","3":"status-publish","4":"has-post-thumbnail","6":"product_cat-ansiktsvann","7":"pa_brand-neutrogena","8":"berocket_brand-neutrogena","10":"first","11":"instock","12":"sale","13":"taxable","14":"shipping-taxable","15":"purchasable","16":"product-type-simple"},"_links":{"self":[{"href":"https:\/\/stylingagenten.com\/no\/wp-json\/wp\/v2\/product\/409911","targetHints":{"allow":["GET"]}}],"collection":[{"href":"https:\/\/stylingagenten.com\/no\/wp-json\/wp\/v2\/product"}],"about":[{"href":"https:\/\/stylingagenten.com\/no\/wp-json\/wp\/v2\/types\/product"}],"replies":[{"embeddable":true,"href":"https:\/\/stylingagenten.com\/no\/wp-json\/wp\/v2\/comments?post=409911"}],"version-history":[{"count":0,"href":"https:\/\/stylingagenten.com\/no\/wp-json\/wp\/v2\/product\/409911\/revisions"}],"wp:featuredmedia":[{"embeddable":true,"href":"https:\/\/stylingagenten.com\/no\/wp-json\/wp\/v2\/media\/409908"}],"wp:attachment":[{"href":"https:\/\/stylingagenten.com\/no\/wp-json\/wp\/v2\/media?parent=409911"}],"wp:term":[{"taxonomy":"product_brand","embeddable":true,"href":"https:\/\/stylingagenten.com\/no\/wp-json\/wp\/v2\/product_brand?post=409911"},{"taxonomy":"product_cat","embeddable":true,"href":"https:\/\/stylingagenten.com\/no\/wp-json\/wp\/v2\/product_cat?post=409911"},{"taxonomy":"product_tag","embeddable":true,"href":"https:\/\/stylingagenten.com\/no\/wp-json\/wp\/v2\/product_tag?post=409911"},{"taxonomy":"berocket_brand","embeddable":true,"href":"https:\/\/stylingagenten.com\/no\/wp-json\/wp\/v2\/berocket_brand?post=409911"}],"curies":[{"name":"wp","href":"https:\/\/api.w.org\/{rel}","templated":true}]}}