{"id":409892,"date":"2025-05-18T23:29:19","date_gmt":"2025-05-18T23:29:19","guid":{"rendered":"https:\/\/staging2.stylingagenten.com\/no\/produkt\/cosrx-ac-collection-calming-liquid-intensive-toner-125ml\/"},"modified":"2025-12-18T21:39:50","modified_gmt":"2025-12-18T21:39:50","slug":"cosrx-ac-collection-calming-liquid-intensive-toner-125ml","status":"publish","type":"product","link":"https:\/\/stylingagenten.com\/no\/produkt\/cosrx-ac-collection-calming-liquid-intensive-toner-125ml\/","title":{"rendered":"COSRX AC Collection Calming Liquid Intensive Toner 125ml"},"content":{"rendered":"<p>COSRX AC Collection Calming Liquid Intensive Toner 125ml<br \/>AC Collection Calming Liquid Intensive er en intens, hurtigvirkende v\u00e6ske som frisker opp og renser akne-utsatt hud. Den gir en fin, kj\u00f8lende effekt og er spesielt egnet for urolig hud.<\/p>\n<p>Inneholder CentellAC-Rx-kompleks.<br \/>Dette er en formel som effektivt behandler akne og ogs\u00e5 hjelper til med \u00e5 gjenopprette og revitalisere huden, helt uten irritasjon takket v\u00e6re COSRX Centella AC-Rx Complex. Den beroligende formelen inneholder tre legendariske helbredende ingredienser &#8211; Madecassic acid, Asiaticoside og Asiatic acid.<\/p>\n<p>Den er ogs\u00e5 beriket med over 60 % propolisekstrakt som bidrar til \u00e5 opprettholde hudens fuktighetsbalanse gjennom dagen. Sink-PCA bidrar til \u00e5 redusere risikoen for infeksjon og lindre cystisk akne. I tillegg inneholder den b\u00e5de BHA og AHA-syre for \u00e5 fjerne overfl\u00f8dig olje og arbeide for en jevn og klarere hudtone.<br \/>Passer alle hudtyper, spesielt egnet for urolig, irritert akne-utsatt hud.<\/p>\n","protected":false},"excerpt":{"rendered":"<p>COSRX AC Collection Calming Liquid Intensive Toner 125mlAC Collection Calming Liquid Intensive er en intens, hurtigvirkende v\u00e6ske som frisker opp og renser akne-utsatt hud. Den gir en fin, kj\u00f8lende effekt og er spesielt egnet for urolig hud. Inneholder CentellAC-Rx-kompleks.Dette er en formel som effektivt behandler akne og ogs\u00e5 hjelper til med \u00e5 gjenopprette og revitalisere [&hellip;]<\/p>\n","protected":false},"featured_media":409872,"comment_status":"open","ping_status":"closed","template":"","meta":{"_trash_the_other_posts":false},"product_brand":[],"product_cat":[1001,1005,654],"product_tag":[],"berocket_brand":[1396],"class_list":{"0":"post-409892","1":"product","2":"type-product","3":"status-publish","4":"has-post-thumbnail","6":"product_cat-k-beauty","7":"product_cat-outlet","8":"product_cat-toner","9":"pa_brand-cosrx","10":"berocket_brand-cosrx","12":"first","13":"instock","14":"sale","15":"taxable","16":"shipping-taxable","17":"purchasable","18":"product-type-simple"},"_links":{"self":[{"href":"https:\/\/stylingagenten.com\/no\/wp-json\/wp\/v2\/product\/409892","targetHints":{"allow":["GET"]}}],"collection":[{"href":"https:\/\/stylingagenten.com\/no\/wp-json\/wp\/v2\/product"}],"about":[{"href":"https:\/\/stylingagenten.com\/no\/wp-json\/wp\/v2\/types\/product"}],"replies":[{"embeddable":true,"href":"https:\/\/stylingagenten.com\/no\/wp-json\/wp\/v2\/comments?post=409892"}],"version-history":[{"count":0,"href":"https:\/\/stylingagenten.com\/no\/wp-json\/wp\/v2\/product\/409892\/revisions"}],"wp:featuredmedia":[{"embeddable":true,"href":"https:\/\/stylingagenten.com\/no\/wp-json\/wp\/v2\/media\/409872"}],"wp:attachment":[{"href":"https:\/\/stylingagenten.com\/no\/wp-json\/wp\/v2\/media?parent=409892"}],"wp:term":[{"taxonomy":"product_brand","embeddable":true,"href":"https:\/\/stylingagenten.com\/no\/wp-json\/wp\/v2\/product_brand?post=409892"},{"taxonomy":"product_cat","embeddable":true,"href":"https:\/\/stylingagenten.com\/no\/wp-json\/wp\/v2\/product_cat?post=409892"},{"taxonomy":"product_tag","embeddable":true,"href":"https:\/\/stylingagenten.com\/no\/wp-json\/wp\/v2\/product_tag?post=409892"},{"taxonomy":"berocket_brand","embeddable":true,"href":"https:\/\/stylingagenten.com\/no\/wp-json\/wp\/v2\/berocket_brand?post=409892"}],"curies":[{"name":"wp","href":"https:\/\/api.w.org\/{rel}","templated":true}]}}