{"id":409878,"date":"2025-05-18T23:29:16","date_gmt":"2025-05-18T23:29:16","guid":{"rendered":"https:\/\/staging2.stylingagenten.com\/no\/produkt\/anua-peach-77-niacin-essence-toner-250ml\/"},"modified":"2025-11-19T09:47:44","modified_gmt":"2025-11-19T09:47:44","slug":"anua-peach-77-niacin-essence-toner-250ml","status":"publish","type":"product","link":"https:\/\/stylingagenten.com\/no\/produkt\/anua-peach-77-niacin-essence-toner-250ml\/","title":{"rendered":"Anua Peach 77% Niacin Essence Toner 250ml"},"content":{"rendered":"<p>ANUA Peach 77% Niacin Essence Toner er et lett og fuktighetsgivende ansiktsvann og essens som lysner huden og reduserer ujevnheter.<\/p>\n<p>Dette ansiktsvannet er et multifunksjonelt produkt som fungerer som b\u00e5de ansiktsvann og essens. Denne lette og fuktighetsgivende formelen er egnet for alle hudtyper, spesielt de med en matt hudtone og ujevn hudstruktur. Ansiktsvannet inneholder 77 % persikkoekstrakt (Prunus persica), som er rik p\u00e5 vitaminer, mineraler og antioksidanter. Det bidrar til \u00e5 fukte huden, gi den gl\u00f8d og redusere r\u00f8dhet. Niacinamid (Vitamin B3) p\u00e5 2 % gj\u00f8r hyperpigmentering og m\u00f8rke flekker mindre fremtredende og jevner ut hudtonen, samtidig som det bidrar til \u00e5 kontrollere talgproduksjonen og minimere store porer. Hyaluronsyre holder huden fuktig og elastisk, mens Alpha Arbutin lyser opp huden og reduserer hyperpigmentering. Centella Asiatica beroliger irritert hud og styrker hudbarrieren.<\/p>\n<p>250ml<\/p>\n<p><\/p>\n","protected":false},"excerpt":{"rendered":"<p>ANUA Peach 77% Niacin Essence Toner er et lett og fuktighetsgivende ansiktsvann og essens som lysner huden og reduserer ujevnheter. Dette ansiktsvannet er et multifunksjonelt produkt som fungerer som b\u00e5de ansiktsvann og essens. Denne lette og fuktighetsgivende formelen er egnet for alle hudtyper, spesielt de med en matt hudtone og ujevn hudstruktur. Ansiktsvannet inneholder 77 [&hellip;]<\/p>\n","protected":false},"featured_media":409842,"comment_status":"open","ping_status":"closed","template":"","meta":{"_trash_the_other_posts":false},"product_brand":[],"product_cat":[654],"product_tag":[],"berocket_brand":[1421],"class_list":{"0":"post-409878","1":"product","2":"type-product","3":"status-publish","4":"has-post-thumbnail","6":"product_cat-toner","7":"pa_brand-anua","8":"berocket_brand-anua","10":"first","11":"instock","12":"sale","13":"taxable","14":"shipping-taxable","15":"purchasable","16":"product-type-simple"},"_links":{"self":[{"href":"https:\/\/stylingagenten.com\/no\/wp-json\/wp\/v2\/product\/409878","targetHints":{"allow":["GET"]}}],"collection":[{"href":"https:\/\/stylingagenten.com\/no\/wp-json\/wp\/v2\/product"}],"about":[{"href":"https:\/\/stylingagenten.com\/no\/wp-json\/wp\/v2\/types\/product"}],"replies":[{"embeddable":true,"href":"https:\/\/stylingagenten.com\/no\/wp-json\/wp\/v2\/comments?post=409878"}],"version-history":[{"count":0,"href":"https:\/\/stylingagenten.com\/no\/wp-json\/wp\/v2\/product\/409878\/revisions"}],"wp:featuredmedia":[{"embeddable":true,"href":"https:\/\/stylingagenten.com\/no\/wp-json\/wp\/v2\/media\/409842"}],"wp:attachment":[{"href":"https:\/\/stylingagenten.com\/no\/wp-json\/wp\/v2\/media?parent=409878"}],"wp:term":[{"taxonomy":"product_brand","embeddable":true,"href":"https:\/\/stylingagenten.com\/no\/wp-json\/wp\/v2\/product_brand?post=409878"},{"taxonomy":"product_cat","embeddable":true,"href":"https:\/\/stylingagenten.com\/no\/wp-json\/wp\/v2\/product_cat?post=409878"},{"taxonomy":"product_tag","embeddable":true,"href":"https:\/\/stylingagenten.com\/no\/wp-json\/wp\/v2\/product_tag?post=409878"},{"taxonomy":"berocket_brand","embeddable":true,"href":"https:\/\/stylingagenten.com\/no\/wp-json\/wp\/v2\/berocket_brand?post=409878"}],"curies":[{"name":"wp","href":"https:\/\/api.w.org\/{rel}","templated":true}]}}