{"id":409852,"date":"2025-05-18T23:29:12","date_gmt":"2025-05-18T23:29:12","guid":{"rendered":"https:\/\/staging2.stylingagenten.com\/no\/produkt\/anua-peach-77-niacin-conditioning-milk-150ml\/"},"modified":"2025-12-18T21:28:13","modified_gmt":"2025-12-18T21:28:13","slug":"anua-peach-77-niacin-conditioning-milk-150ml","status":"publish","type":"product","link":"https:\/\/stylingagenten.com\/no\/produkt\/anua-peach-77-niacin-conditioning-milk-150ml\/","title":{"rendered":"Anua Peach 77% Niacin Conditioning Milk 150ml"},"content":{"rendered":"<p>Peach 77% Niacin Conditioning Milk fra det prisbel\u00f8nte merket Anua er en styrkende, lysnende og dypt fuktighetsgivende essens\/lotion for alle hudtyper, inkludert sensitiv hud. Den er spesielt perfekt for deg som \u00f8nsker \u00e5 oppn\u00e5 glass-skin-effekt og en ferskensmyk base for sminke.<\/p>\n<p>Essensen inneholder 77% n\u00e6rende ferskenekstrakt, ceramider, adenosin og trippel hyaluronsyre, som sammen styrker hudens beskyttelsesbarriere mot ytre irritanter (f.eks. kulde og t\u00f8rr luft) samtidig som den gir huden langvarig dyp fuktighet. Peach Melting Peel\u2122-komplekset, som inneholder salisylsyre og fuktighetsgivende betain, hjelper med \u00e5 eksfoliere d\u00f8de hudceller som har dannet seg p\u00e5 hudens overflate i l\u00f8pet av dagen.<\/p>\n<p>Essensen er beriket med 2% niacinamid og vitamin B12 for \u00e5 minimere synligheten av hyperpigmentering, lysne hudens helhetsinntrykk og gi huden en frisk gl\u00f8d. Panthenol og melkesyrebakterier hjelper til med \u00e5 berolige hudirritasjon og r\u00f8dhet, noe som gj\u00f8r huden rolig og balansert. Formelen, som har en myk ferskenduft, er rik som en emulsjon, sprer seg lett og fungerer veldig bra under sminke \u2013 slutresultatet er balansert, ferskensmyk og glassaktig hud.<\/p>\n<p>150ml<\/p>\n","protected":false},"excerpt":{"rendered":"<p>Peach 77% Niacin Conditioning Milk fra det prisbel\u00f8nte merket Anua er en styrkende, lysnende og dypt fuktighetsgivende essens\/lotion for alle hudtyper, inkludert sensitiv hud. Den er spesielt perfekt for deg som \u00f8nsker \u00e5 oppn\u00e5 glass-skin-effekt og en ferskensmyk base for sminke. Essensen inneholder 77% n\u00e6rende ferskenekstrakt, ceramider, adenosin og trippel hyaluronsyre, som sammen styrker hudens [&hellip;]<\/p>\n","protected":false},"featured_media":409836,"comment_status":"open","ping_status":"closed","template":"","meta":{"_trash_the_other_posts":false},"product_brand":[],"product_cat":[654],"product_tag":[],"berocket_brand":[1421],"class_list":{"0":"post-409852","1":"product","2":"type-product","3":"status-publish","4":"has-post-thumbnail","6":"product_cat-toner","7":"pa_brand-anua","8":"berocket_brand-anua","10":"first","11":"instock","12":"taxable","13":"shipping-taxable","14":"purchasable","15":"product-type-simple"},"_links":{"self":[{"href":"https:\/\/stylingagenten.com\/no\/wp-json\/wp\/v2\/product\/409852","targetHints":{"allow":["GET"]}}],"collection":[{"href":"https:\/\/stylingagenten.com\/no\/wp-json\/wp\/v2\/product"}],"about":[{"href":"https:\/\/stylingagenten.com\/no\/wp-json\/wp\/v2\/types\/product"}],"replies":[{"embeddable":true,"href":"https:\/\/stylingagenten.com\/no\/wp-json\/wp\/v2\/comments?post=409852"}],"version-history":[{"count":0,"href":"https:\/\/stylingagenten.com\/no\/wp-json\/wp\/v2\/product\/409852\/revisions"}],"wp:featuredmedia":[{"embeddable":true,"href":"https:\/\/stylingagenten.com\/no\/wp-json\/wp\/v2\/media\/409836"}],"wp:attachment":[{"href":"https:\/\/stylingagenten.com\/no\/wp-json\/wp\/v2\/media?parent=409852"}],"wp:term":[{"taxonomy":"product_brand","embeddable":true,"href":"https:\/\/stylingagenten.com\/no\/wp-json\/wp\/v2\/product_brand?post=409852"},{"taxonomy":"product_cat","embeddable":true,"href":"https:\/\/stylingagenten.com\/no\/wp-json\/wp\/v2\/product_cat?post=409852"},{"taxonomy":"product_tag","embeddable":true,"href":"https:\/\/stylingagenten.com\/no\/wp-json\/wp\/v2\/product_tag?post=409852"},{"taxonomy":"berocket_brand","embeddable":true,"href":"https:\/\/stylingagenten.com\/no\/wp-json\/wp\/v2\/berocket_brand?post=409852"}],"curies":[{"name":"wp","href":"https:\/\/api.w.org\/{rel}","templated":true}]}}