{"id":409738,"date":"2025-05-18T23:28:44","date_gmt":"2025-05-18T23:28:44","guid":{"rendered":"https:\/\/staging2.stylingagenten.com\/no\/produkt\/nuxe-sun-delicious-cream-high-protection-spf30-50ml\/"},"modified":"2026-03-29T20:28:40","modified_gmt":"2026-03-29T20:28:40","slug":"nuxe-sun-delicious-cream-high-protection-spf30-50ml","status":"publish","type":"product","link":"https:\/\/stylingagenten.com\/no\/produkt\/nuxe-sun-delicious-cream-high-protection-spf30-50ml\/","title":{"rendered":"Nuxe Sun Delicious Cream High Protection SPF30 50ml"},"content":{"rendered":"<p>Nuxe Sun Delicious Cream High Protection SPF 30 er en solkrem med sol og vannblomster som beskytter og motvirker tegn p\u00e5 for tidlig aldring av huden fra solen og hjelper deg \u00e5 oppn\u00e5 en perfekt brunfarge. Spesielt designet for den sensitive huden ansiktet, absorberes det lett og etterlater ikke en hvit film. <br \/>En fortryllende duft med toner av s\u00f8t appelsin, tiareblomst og vanilje.<\/p>\n","protected":false},"excerpt":{"rendered":"<p>Nuxe Sun Delicious Cream High Protection SPF 30 er en solkrem med sol og vannblomster som beskytter og motvirker tegn p\u00e5 for tidlig aldring av huden fra solen og hjelper deg \u00e5 oppn\u00e5 en perfekt brunfarge. Spesielt designet for den sensitive huden ansiktet, absorberes det lett og etterlater ikke en hvit film. En fortryllende duft [&hellip;]<\/p>\n","protected":false},"featured_media":409736,"comment_status":"open","ping_status":"closed","template":"","meta":{"_trash_the_other_posts":false},"product_brand":[],"product_cat":[573],"product_tag":[],"berocket_brand":[1024],"class_list":{"0":"post-409738","1":"product","2":"type-product","3":"status-publish","4":"has-post-thumbnail","6":"product_cat-solkrem","7":"pa_brand-nuxe","8":"berocket_brand-nuxe","10":"first","11":"instock","12":"sale","13":"taxable","14":"shipping-taxable","15":"purchasable","16":"product-type-simple"},"_links":{"self":[{"href":"https:\/\/stylingagenten.com\/no\/wp-json\/wp\/v2\/product\/409738","targetHints":{"allow":["GET"]}}],"collection":[{"href":"https:\/\/stylingagenten.com\/no\/wp-json\/wp\/v2\/product"}],"about":[{"href":"https:\/\/stylingagenten.com\/no\/wp-json\/wp\/v2\/types\/product"}],"replies":[{"embeddable":true,"href":"https:\/\/stylingagenten.com\/no\/wp-json\/wp\/v2\/comments?post=409738"}],"version-history":[{"count":0,"href":"https:\/\/stylingagenten.com\/no\/wp-json\/wp\/v2\/product\/409738\/revisions"}],"wp:featuredmedia":[{"embeddable":true,"href":"https:\/\/stylingagenten.com\/no\/wp-json\/wp\/v2\/media\/409736"}],"wp:attachment":[{"href":"https:\/\/stylingagenten.com\/no\/wp-json\/wp\/v2\/media?parent=409738"}],"wp:term":[{"taxonomy":"product_brand","embeddable":true,"href":"https:\/\/stylingagenten.com\/no\/wp-json\/wp\/v2\/product_brand?post=409738"},{"taxonomy":"product_cat","embeddable":true,"href":"https:\/\/stylingagenten.com\/no\/wp-json\/wp\/v2\/product_cat?post=409738"},{"taxonomy":"product_tag","embeddable":true,"href":"https:\/\/stylingagenten.com\/no\/wp-json\/wp\/v2\/product_tag?post=409738"},{"taxonomy":"berocket_brand","embeddable":true,"href":"https:\/\/stylingagenten.com\/no\/wp-json\/wp\/v2\/berocket_brand?post=409738"}],"curies":[{"name":"wp","href":"https:\/\/api.w.org\/{rel}","templated":true}]}}