{"id":409716,"date":"2025-05-18T23:28:38","date_gmt":"2025-05-18T23:28:38","guid":{"rendered":"https:\/\/staging2.stylingagenten.com\/no\/produkt\/nuxe-sun-light-fluid-high-protection-spf50-50ml\/"},"modified":"2025-12-18T21:55:07","modified_gmt":"2025-12-18T21:55:07","slug":"nuxe-sun-light-fluid-high-protection-spf50-50ml","status":"publish","type":"product","link":"https:\/\/stylingagenten.com\/no\/produkt\/nuxe-sun-light-fluid-high-protection-spf50-50ml\/","title":{"rendered":"Nuxe Sun Light Fluid High Protection SPF50 50ml"},"content":{"rendered":"<p>NUXE Sun Light Fluid High Protection SPF50 beskytter huden mot solens str\u00e5ler og forhindrer aldringstegn. Den vannavst\u00f8tende formelen er beriket med vannhyasintekstrakt for \u00e5 styrke hudbarrieren, beskytte huden mot dehydrering og forbedre soling. Har en ikke-klebrig, lett formel som raskt absorberes inn i huden og etterlater den ren og frisk. Duftende toner av tiare og vanilje. Egnet for normal til kombinert hud.<\/p>\n","protected":false},"excerpt":{"rendered":"<p>NUXE Sun Light Fluid High Protection SPF50 beskytter huden mot solens str\u00e5ler og forhindrer aldringstegn. Den vannavst\u00f8tende formelen er beriket med vannhyasintekstrakt for \u00e5 styrke hudbarrieren, beskytte huden mot dehydrering og forbedre soling. Har en ikke-klebrig, lett formel som raskt absorberes inn i huden og etterlater den ren og frisk. Duftende toner av tiare og [&hellip;]<\/p>\n","protected":false},"featured_media":409712,"comment_status":"open","ping_status":"closed","template":"","meta":{"_trash_the_other_posts":false},"product_brand":[],"product_cat":[573],"product_tag":[],"berocket_brand":[1024],"class_list":{"0":"post-409716","1":"product","2":"type-product","3":"status-publish","4":"has-post-thumbnail","6":"product_cat-solkrem","7":"pa_brand-nuxe","8":"berocket_brand-nuxe","10":"first","11":"instock","12":"sale","13":"taxable","14":"shipping-taxable","15":"purchasable","16":"product-type-simple"},"_links":{"self":[{"href":"https:\/\/stylingagenten.com\/no\/wp-json\/wp\/v2\/product\/409716","targetHints":{"allow":["GET"]}}],"collection":[{"href":"https:\/\/stylingagenten.com\/no\/wp-json\/wp\/v2\/product"}],"about":[{"href":"https:\/\/stylingagenten.com\/no\/wp-json\/wp\/v2\/types\/product"}],"replies":[{"embeddable":true,"href":"https:\/\/stylingagenten.com\/no\/wp-json\/wp\/v2\/comments?post=409716"}],"version-history":[{"count":0,"href":"https:\/\/stylingagenten.com\/no\/wp-json\/wp\/v2\/product\/409716\/revisions"}],"wp:featuredmedia":[{"embeddable":true,"href":"https:\/\/stylingagenten.com\/no\/wp-json\/wp\/v2\/media\/409712"}],"wp:attachment":[{"href":"https:\/\/stylingagenten.com\/no\/wp-json\/wp\/v2\/media?parent=409716"}],"wp:term":[{"taxonomy":"product_brand","embeddable":true,"href":"https:\/\/stylingagenten.com\/no\/wp-json\/wp\/v2\/product_brand?post=409716"},{"taxonomy":"product_cat","embeddable":true,"href":"https:\/\/stylingagenten.com\/no\/wp-json\/wp\/v2\/product_cat?post=409716"},{"taxonomy":"product_tag","embeddable":true,"href":"https:\/\/stylingagenten.com\/no\/wp-json\/wp\/v2\/product_tag?post=409716"},{"taxonomy":"berocket_brand","embeddable":true,"href":"https:\/\/stylingagenten.com\/no\/wp-json\/wp\/v2\/berocket_brand?post=409716"}],"curies":[{"name":"wp","href":"https:\/\/api.w.org\/{rel}","templated":true}]}}