{"id":409701,"date":"2025-05-18T23:28:35","date_gmt":"2025-05-18T23:28:35","guid":{"rendered":"https:\/\/staging2.stylingagenten.com\/no\/produkt\/nuxe-sun-tanning-oil-high-protection-spf30-150ml\/"},"modified":"2025-12-18T21:55:07","modified_gmt":"2025-12-18T21:55:07","slug":"nuxe-sun-tanning-oil-high-protection-spf30-150ml","status":"publish","type":"product","link":"https:\/\/stylingagenten.com\/no\/produkt\/nuxe-sun-tanning-oil-high-protection-spf30-150ml\/","title":{"rendered":"Nuxe Sun Tanning Oil High Protection SPF30 150ml"},"content":{"rendered":"<p>Nuxe Sun Tanning Oil High Protection SPF30 beskytter huden mot solens str\u00e5ler, forhindrer aldringstegn og hjelper deg \u00e5 oppn\u00e5 den perfekte brunfargen. Absorberes lett og etterlater huden fl\u00f8yelsmyk uten flekker. Gir n\u00e6ring og fuktighet til huden og er fri for silikon, alkohol og mineralolje.<\/p>\n","protected":false},"excerpt":{"rendered":"<p>Nuxe Sun Tanning Oil High Protection SPF30 beskytter huden mot solens str\u00e5ler, forhindrer aldringstegn og hjelper deg \u00e5 oppn\u00e5 den perfekte brunfargen. Absorberes lett og etterlater huden fl\u00f8yelsmyk uten flekker. Gir n\u00e6ring og fuktighet til huden og er fri for silikon, alkohol og mineralolje.<\/p>\n","protected":false},"featured_media":409696,"comment_status":"open","ping_status":"closed","template":"","meta":{"_trash_the_other_posts":false},"product_brand":[],"product_cat":[573],"product_tag":[],"berocket_brand":[1024],"class_list":{"0":"post-409701","1":"product","2":"type-product","3":"status-publish","4":"has-post-thumbnail","6":"product_cat-solkrem","7":"pa_brand-nuxe","8":"berocket_brand-nuxe","10":"first","11":"instock","12":"sale","13":"taxable","14":"shipping-taxable","15":"purchasable","16":"product-type-simple"},"_links":{"self":[{"href":"https:\/\/stylingagenten.com\/no\/wp-json\/wp\/v2\/product\/409701","targetHints":{"allow":["GET"]}}],"collection":[{"href":"https:\/\/stylingagenten.com\/no\/wp-json\/wp\/v2\/product"}],"about":[{"href":"https:\/\/stylingagenten.com\/no\/wp-json\/wp\/v2\/types\/product"}],"replies":[{"embeddable":true,"href":"https:\/\/stylingagenten.com\/no\/wp-json\/wp\/v2\/comments?post=409701"}],"version-history":[{"count":0,"href":"https:\/\/stylingagenten.com\/no\/wp-json\/wp\/v2\/product\/409701\/revisions"}],"wp:featuredmedia":[{"embeddable":true,"href":"https:\/\/stylingagenten.com\/no\/wp-json\/wp\/v2\/media\/409696"}],"wp:attachment":[{"href":"https:\/\/stylingagenten.com\/no\/wp-json\/wp\/v2\/media?parent=409701"}],"wp:term":[{"taxonomy":"product_brand","embeddable":true,"href":"https:\/\/stylingagenten.com\/no\/wp-json\/wp\/v2\/product_brand?post=409701"},{"taxonomy":"product_cat","embeddable":true,"href":"https:\/\/stylingagenten.com\/no\/wp-json\/wp\/v2\/product_cat?post=409701"},{"taxonomy":"product_tag","embeddable":true,"href":"https:\/\/stylingagenten.com\/no\/wp-json\/wp\/v2\/product_tag?post=409701"},{"taxonomy":"berocket_brand","embeddable":true,"href":"https:\/\/stylingagenten.com\/no\/wp-json\/wp\/v2\/berocket_brand?post=409701"}],"curies":[{"name":"wp","href":"https:\/\/api.w.org\/{rel}","templated":true}]}}