{"id":409635,"date":"2025-05-18T23:28:19","date_gmt":"2025-05-18T23:28:19","guid":{"rendered":"https:\/\/staging2.stylingagenten.com\/no\/produkt\/malibu-fast-tanning-oil-with-beta-carotene-200ml\/"},"modified":"2026-04-12T17:37:38","modified_gmt":"2026-04-12T17:37:38","slug":"malibu-fast-tanning-oil-with-beta-carotene-200ml","status":"publish","type":"product","link":"https:\/\/stylingagenten.com\/no\/produkt\/malibu-fast-tanning-oil-with-beta-carotene-200ml\/","title":{"rendered":"Malibu Fast Tanning Oil with Beta Carotene 200ml"},"content":{"rendered":"<p>Malibu Fast Tanning Oil med Beta-Carotene er en sololje som ikke inneholder noen solkrem. Den er perfekt for personer med h\u00f8ye niv\u00e5er av melanin i huden og som aldri brenner seg i solen. Dette produktet gj\u00f8r huden din glatt og fuktig, men gir ingen beskyttelse mot solen.<\/p>\n","protected":false},"excerpt":{"rendered":"<p>Malibu Fast Tanning Oil med Beta-Carotene er en sololje som ikke inneholder noen solkrem. Den er perfekt for personer med h\u00f8ye niv\u00e5er av melanin i huden og som aldri brenner seg i solen. Dette produktet gj\u00f8r huden din glatt og fuktig, men gir ingen beskyttelse mot solen.<\/p>\n","protected":false},"featured_media":409633,"comment_status":"open","ping_status":"closed","template":"","meta":{"_trash_the_other_posts":false},"product_brand":[],"product_cat":[1003,573],"product_tag":[3360],"berocket_brand":[1241],"class_list":{"0":"post-409635","1":"product","2":"type-product","3":"status-publish","4":"has-post-thumbnail","6":"product_cat-bestselgere","7":"product_cat-solkrem","8":"product_tag-malibu-fast-tanning-oil-with-beta-carotene","9":"pa_brand-malibu","10":"pa_variant-200ml","11":"berocket_brand-malibu","13":"first","14":"instock","15":"sale","16":"taxable","17":"shipping-taxable","18":"purchasable","19":"product-type-simple"},"_links":{"self":[{"href":"https:\/\/stylingagenten.com\/no\/wp-json\/wp\/v2\/product\/409635","targetHints":{"allow":["GET"]}}],"collection":[{"href":"https:\/\/stylingagenten.com\/no\/wp-json\/wp\/v2\/product"}],"about":[{"href":"https:\/\/stylingagenten.com\/no\/wp-json\/wp\/v2\/types\/product"}],"replies":[{"embeddable":true,"href":"https:\/\/stylingagenten.com\/no\/wp-json\/wp\/v2\/comments?post=409635"}],"version-history":[{"count":0,"href":"https:\/\/stylingagenten.com\/no\/wp-json\/wp\/v2\/product\/409635\/revisions"}],"wp:featuredmedia":[{"embeddable":true,"href":"https:\/\/stylingagenten.com\/no\/wp-json\/wp\/v2\/media\/409633"}],"wp:attachment":[{"href":"https:\/\/stylingagenten.com\/no\/wp-json\/wp\/v2\/media?parent=409635"}],"wp:term":[{"taxonomy":"product_brand","embeddable":true,"href":"https:\/\/stylingagenten.com\/no\/wp-json\/wp\/v2\/product_brand?post=409635"},{"taxonomy":"product_cat","embeddable":true,"href":"https:\/\/stylingagenten.com\/no\/wp-json\/wp\/v2\/product_cat?post=409635"},{"taxonomy":"product_tag","embeddable":true,"href":"https:\/\/stylingagenten.com\/no\/wp-json\/wp\/v2\/product_tag?post=409635"},{"taxonomy":"berocket_brand","embeddable":true,"href":"https:\/\/stylingagenten.com\/no\/wp-json\/wp\/v2\/berocket_brand?post=409635"}],"curies":[{"name":"wp","href":"https:\/\/api.w.org\/{rel}","templated":true}]}}