{"id":409630,"date":"2025-05-18T23:28:19","date_gmt":"2025-05-18T23:28:19","guid":{"rendered":"https:\/\/staging2.stylingagenten.com\/no\/produkt\/malibu-continuous-dry-oil-spray-spf15-175ml\/"},"modified":"2026-04-11T19:58:35","modified_gmt":"2026-04-11T19:58:35","slug":"malibu-continuous-dry-oil-spray-spf15-175ml","status":"publish","type":"product","link":"https:\/\/stylingagenten.com\/no\/produkt\/malibu-continuous-dry-oil-spray-spf15-175ml\/","title":{"rendered":"Malibu Continuous Dry Oil Spray SPF15 175ml"},"content":{"rendered":"<p>Malibu Continuous Dry Oil Spray SPF 15 gir middels beskyttelse mot UVA- og UVB-str\u00e5ler. Det er en fotostabil oljespray som er klinisk bevist \u00e5 v\u00e6re snill mot alle hudtyper. Videre er den vitaminanriket, vannl\u00f8selig og ikke-fettete i formelen. Det er en lett \u00e5 p\u00e5f\u00f8re solkrem som er perfekt for stranden og ferien.<\/p>\n","protected":false},"excerpt":{"rendered":"<p>Malibu Continuous Dry Oil Spray SPF 15 gir middels beskyttelse mot UVA- og UVB-str\u00e5ler. Det er en fotostabil oljespray som er klinisk bevist \u00e5 v\u00e6re snill mot alle hudtyper. Videre er den vitaminanriket, vannl\u00f8selig og ikke-fettete i formelen. Det er en lett \u00e5 p\u00e5f\u00f8re solkrem som er perfekt for stranden og ferien.<\/p>\n","protected":false},"featured_media":409629,"comment_status":"open","ping_status":"closed","template":"","meta":{"_trash_the_other_posts":false},"product_brand":[],"product_cat":[573],"product_tag":[],"berocket_brand":[1241],"class_list":{"0":"post-409630","1":"product","2":"type-product","3":"status-publish","4":"has-post-thumbnail","6":"product_cat-solkrem","7":"pa_brand-malibu","8":"berocket_brand-malibu","10":"first","11":"instock","12":"sale","13":"taxable","14":"shipping-taxable","15":"purchasable","16":"product-type-simple"},"_links":{"self":[{"href":"https:\/\/stylingagenten.com\/no\/wp-json\/wp\/v2\/product\/409630","targetHints":{"allow":["GET"]}}],"collection":[{"href":"https:\/\/stylingagenten.com\/no\/wp-json\/wp\/v2\/product"}],"about":[{"href":"https:\/\/stylingagenten.com\/no\/wp-json\/wp\/v2\/types\/product"}],"replies":[{"embeddable":true,"href":"https:\/\/stylingagenten.com\/no\/wp-json\/wp\/v2\/comments?post=409630"}],"version-history":[{"count":0,"href":"https:\/\/stylingagenten.com\/no\/wp-json\/wp\/v2\/product\/409630\/revisions"}],"wp:featuredmedia":[{"embeddable":true,"href":"https:\/\/stylingagenten.com\/no\/wp-json\/wp\/v2\/media\/409629"}],"wp:attachment":[{"href":"https:\/\/stylingagenten.com\/no\/wp-json\/wp\/v2\/media?parent=409630"}],"wp:term":[{"taxonomy":"product_brand","embeddable":true,"href":"https:\/\/stylingagenten.com\/no\/wp-json\/wp\/v2\/product_brand?post=409630"},{"taxonomy":"product_cat","embeddable":true,"href":"https:\/\/stylingagenten.com\/no\/wp-json\/wp\/v2\/product_cat?post=409630"},{"taxonomy":"product_tag","embeddable":true,"href":"https:\/\/stylingagenten.com\/no\/wp-json\/wp\/v2\/product_tag?post=409630"},{"taxonomy":"berocket_brand","embeddable":true,"href":"https:\/\/stylingagenten.com\/no\/wp-json\/wp\/v2\/berocket_brand?post=409630"}],"curies":[{"name":"wp","href":"https:\/\/api.w.org\/{rel}","templated":true}]}}