{"id":409624,"date":"2025-05-18T23:28:16","date_gmt":"2025-05-18T23:28:16","guid":{"rendered":"https:\/\/staging2.stylingagenten.com\/no\/produkt\/malibu-fast-tanning-bronzing-butter-with-beta-carotene-300ml\/"},"modified":"2026-04-14T12:58:39","modified_gmt":"2026-04-14T12:58:39","slug":"malibu-fast-tanning-bronzing-butter-with-beta-carotene-300ml","status":"publish","type":"product","link":"https:\/\/stylingagenten.com\/no\/produkt\/malibu-fast-tanning-bronzing-butter-with-beta-carotene-300ml\/","title":{"rendered":"Malibu Fast Tanning Bronzing Butter with Beta Carotene 300ml"},"content":{"rendered":"<p>Malibu Fast Tanning Bronzing Butter with Beta-Carotene er et kroppssm\u00f8r som ikke beskytter mot UV-str\u00e5ler. Den er perfekt for personer med h\u00f8ye niv\u00e5er av melanin i huden som er tilb\u00f8yelige til \u00e5 farge og som aldri blir brune. Dette produktet gj\u00f8r huden din glatt og inneholder betakaroten og vitamin E. Det er vanntett og klinisk bevist \u00e5 v\u00e6re snill mot huden.<\/p>\n","protected":false},"excerpt":{"rendered":"<p>Malibu Fast Tanning Bronzing Butter with Beta-Carotene er et kroppssm\u00f8r som ikke beskytter mot UV-str\u00e5ler. Den er perfekt for personer med h\u00f8ye niv\u00e5er av melanin i huden som er tilb\u00f8yelige til \u00e5 farge og som aldri blir brune. Dette produktet gj\u00f8r huden din glatt og inneholder betakaroten og vitamin E. Det er vanntett og klinisk [&hellip;]<\/p>\n","protected":false},"featured_media":409623,"comment_status":"open","ping_status":"closed","template":"","meta":{"_trash_the_other_posts":false},"product_brand":[],"product_cat":[1003,573],"product_tag":[],"berocket_brand":[1241],"class_list":{"0":"post-409624","1":"product","2":"type-product","3":"status-publish","4":"has-post-thumbnail","6":"product_cat-bestselgere","7":"product_cat-solkrem","8":"pa_brand-malibu","9":"berocket_brand-malibu","11":"first","12":"instock","13":"sale","14":"taxable","15":"shipping-taxable","16":"purchasable","17":"product-type-simple"},"_links":{"self":[{"href":"https:\/\/stylingagenten.com\/no\/wp-json\/wp\/v2\/product\/409624","targetHints":{"allow":["GET"]}}],"collection":[{"href":"https:\/\/stylingagenten.com\/no\/wp-json\/wp\/v2\/product"}],"about":[{"href":"https:\/\/stylingagenten.com\/no\/wp-json\/wp\/v2\/types\/product"}],"replies":[{"embeddable":true,"href":"https:\/\/stylingagenten.com\/no\/wp-json\/wp\/v2\/comments?post=409624"}],"version-history":[{"count":0,"href":"https:\/\/stylingagenten.com\/no\/wp-json\/wp\/v2\/product\/409624\/revisions"}],"wp:featuredmedia":[{"embeddable":true,"href":"https:\/\/stylingagenten.com\/no\/wp-json\/wp\/v2\/media\/409623"}],"wp:attachment":[{"href":"https:\/\/stylingagenten.com\/no\/wp-json\/wp\/v2\/media?parent=409624"}],"wp:term":[{"taxonomy":"product_brand","embeddable":true,"href":"https:\/\/stylingagenten.com\/no\/wp-json\/wp\/v2\/product_brand?post=409624"},{"taxonomy":"product_cat","embeddable":true,"href":"https:\/\/stylingagenten.com\/no\/wp-json\/wp\/v2\/product_cat?post=409624"},{"taxonomy":"product_tag","embeddable":true,"href":"https:\/\/stylingagenten.com\/no\/wp-json\/wp\/v2\/product_tag?post=409624"},{"taxonomy":"berocket_brand","embeddable":true,"href":"https:\/\/stylingagenten.com\/no\/wp-json\/wp\/v2\/berocket_brand?post=409624"}],"curies":[{"name":"wp","href":"https:\/\/api.w.org\/{rel}","templated":true}]}}