{"id":409621,"date":"2025-05-18T23:28:16","date_gmt":"2025-05-18T23:28:16","guid":{"rendered":"https:\/\/staging2.stylingagenten.com\/no\/produkt\/malibu-lip-care-balm-spf30-3x5g-2\/"},"modified":"2026-04-13T07:10:12","modified_gmt":"2026-04-13T07:10:12","slug":"malibu-lip-care-balm-spf30-3x5g-2","status":"publish","type":"product","link":"https:\/\/stylingagenten.com\/no\/produkt\/malibu-lip-care-balm-spf30-3x5g-2\/","title":{"rendered":"Malibu Lip Care Balm SPF30 3x5g"},"content":{"rendered":"<p>Malibu SPF30 Moisturizing Lip Protection kommer i en pakke med tre og er laget for \u00e5 beskytte leppene dine mot sol, vind og kulde. En utvalgt pakke med 3 smaker: vannmelon, mynte og vanilje. Balsamformelen er spesiallaget for \u00e5 t\u00e5le og motst\u00e5; sol, svette og vann. Perfekt for en solrik dag stranden, lange turer eller en shoppingdag i byen.<\/p>\n","protected":false},"excerpt":{"rendered":"<p>Malibu SPF30 Moisturizing Lip Protection kommer i en pakke med tre og er laget for \u00e5 beskytte leppene dine mot sol, vind og kulde. En utvalgt pakke med 3 smaker: vannmelon, mynte og vanilje. Balsamformelen er spesiallaget for \u00e5 t\u00e5le og motst\u00e5; sol, svette og vann. Perfekt for en solrik dag stranden, lange turer eller [&hellip;]<\/p>\n","protected":false},"featured_media":409618,"comment_status":"open","ping_status":"closed","template":"","meta":{"_trash_the_other_posts":false},"product_brand":[],"product_cat":[580,573],"product_tag":[],"berocket_brand":[1241],"class_list":{"0":"post-409621","1":"product","2":"type-product","3":"status-publish","4":"has-post-thumbnail","6":"product_cat-leppebalsam","7":"product_cat-solkrem","8":"pa_brand-malibu","9":"berocket_brand-malibu","11":"first","12":"instock","13":"sale","14":"taxable","15":"shipping-taxable","16":"purchasable","17":"product-type-simple"},"_links":{"self":[{"href":"https:\/\/stylingagenten.com\/no\/wp-json\/wp\/v2\/product\/409621","targetHints":{"allow":["GET"]}}],"collection":[{"href":"https:\/\/stylingagenten.com\/no\/wp-json\/wp\/v2\/product"}],"about":[{"href":"https:\/\/stylingagenten.com\/no\/wp-json\/wp\/v2\/types\/product"}],"replies":[{"embeddable":true,"href":"https:\/\/stylingagenten.com\/no\/wp-json\/wp\/v2\/comments?post=409621"}],"version-history":[{"count":0,"href":"https:\/\/stylingagenten.com\/no\/wp-json\/wp\/v2\/product\/409621\/revisions"}],"wp:featuredmedia":[{"embeddable":true,"href":"https:\/\/stylingagenten.com\/no\/wp-json\/wp\/v2\/media\/409618"}],"wp:attachment":[{"href":"https:\/\/stylingagenten.com\/no\/wp-json\/wp\/v2\/media?parent=409621"}],"wp:term":[{"taxonomy":"product_brand","embeddable":true,"href":"https:\/\/stylingagenten.com\/no\/wp-json\/wp\/v2\/product_brand?post=409621"},{"taxonomy":"product_cat","embeddable":true,"href":"https:\/\/stylingagenten.com\/no\/wp-json\/wp\/v2\/product_cat?post=409621"},{"taxonomy":"product_tag","embeddable":true,"href":"https:\/\/stylingagenten.com\/no\/wp-json\/wp\/v2\/product_tag?post=409621"},{"taxonomy":"berocket_brand","embeddable":true,"href":"https:\/\/stylingagenten.com\/no\/wp-json\/wp\/v2\/berocket_brand?post=409621"}],"curies":[{"name":"wp","href":"https:\/\/api.w.org\/{rel}","templated":true}]}}