{"id":409610,"date":"2025-05-18T23:28:13","date_gmt":"2025-05-18T23:28:13","guid":{"rendered":"https:\/\/staging2.stylingagenten.com\/no\/produkt\/malibu-dry-oil-spray-spf20-200ml\/"},"modified":"2026-03-25T09:38:56","modified_gmt":"2026-03-25T09:38:56","slug":"malibu-dry-oil-spray-spf20-200ml","status":"publish","type":"product","link":"https:\/\/stylingagenten.com\/no\/produkt\/malibu-dry-oil-spray-spf20-200ml\/","title":{"rendered":"Malibu Dry Oil Spray SPF20 200ml"},"content":{"rendered":"<p>Malibu Dry Oil Spray SPF 20 gir mellom h\u00f8y beskyttelse mot UVA- og UVB-str\u00e5ler. Det er en fotostabil olje som er klinisk bevist \u00e5 v\u00e6re snill mot de fleste hudtyper. Videre er den vitaminanriket, vannavst\u00f8tende, t\u00f8rr i teksturen og lett \u00e5 p\u00e5f\u00f8re over hele kroppen.<\/p>\n","protected":false},"excerpt":{"rendered":"<p>Malibu Dry Oil Spray SPF 20 gir mellom h\u00f8y beskyttelse mot UVA- og UVB-str\u00e5ler. Det er en fotostabil olje som er klinisk bevist \u00e5 v\u00e6re snill mot de fleste hudtyper. Videre er den vitaminanriket, vannavst\u00f8tende, t\u00f8rr i teksturen og lett \u00e5 p\u00e5f\u00f8re over hele kroppen.<\/p>\n","protected":false},"featured_media":409607,"comment_status":"open","ping_status":"closed","template":"","meta":{"_trash_the_other_posts":false},"product_brand":[],"product_cat":[573],"product_tag":[3357],"berocket_brand":[1241],"class_list":{"0":"post-409610","1":"product","2":"type-product","3":"status-publish","4":"has-post-thumbnail","6":"product_cat-solkrem","7":"product_tag-malibu-dry-oil-spray-spf20","8":"pa_brand-malibu","9":"pa_variant-200ml","10":"berocket_brand-malibu","12":"first","13":"instock","14":"sale","15":"taxable","16":"shipping-taxable","17":"purchasable","18":"product-type-simple"},"_links":{"self":[{"href":"https:\/\/stylingagenten.com\/no\/wp-json\/wp\/v2\/product\/409610","targetHints":{"allow":["GET"]}}],"collection":[{"href":"https:\/\/stylingagenten.com\/no\/wp-json\/wp\/v2\/product"}],"about":[{"href":"https:\/\/stylingagenten.com\/no\/wp-json\/wp\/v2\/types\/product"}],"replies":[{"embeddable":true,"href":"https:\/\/stylingagenten.com\/no\/wp-json\/wp\/v2\/comments?post=409610"}],"version-history":[{"count":0,"href":"https:\/\/stylingagenten.com\/no\/wp-json\/wp\/v2\/product\/409610\/revisions"}],"wp:featuredmedia":[{"embeddable":true,"href":"https:\/\/stylingagenten.com\/no\/wp-json\/wp\/v2\/media\/409607"}],"wp:attachment":[{"href":"https:\/\/stylingagenten.com\/no\/wp-json\/wp\/v2\/media?parent=409610"}],"wp:term":[{"taxonomy":"product_brand","embeddable":true,"href":"https:\/\/stylingagenten.com\/no\/wp-json\/wp\/v2\/product_brand?post=409610"},{"taxonomy":"product_cat","embeddable":true,"href":"https:\/\/stylingagenten.com\/no\/wp-json\/wp\/v2\/product_cat?post=409610"},{"taxonomy":"product_tag","embeddable":true,"href":"https:\/\/stylingagenten.com\/no\/wp-json\/wp\/v2\/product_tag?post=409610"},{"taxonomy":"berocket_brand","embeddable":true,"href":"https:\/\/stylingagenten.com\/no\/wp-json\/wp\/v2\/berocket_brand?post=409610"}],"curies":[{"name":"wp","href":"https:\/\/api.w.org\/{rel}","templated":true}]}}