{"id":409599,"date":"2025-05-18T23:28:10","date_gmt":"2025-05-18T23:28:10","guid":{"rendered":"https:\/\/staging2.stylingagenten.com\/no\/produkt\/malibu-sun-lotion-spf10-200ml\/"},"modified":"2026-04-05T10:38:50","modified_gmt":"2026-04-05T10:38:50","slug":"malibu-sun-lotion-spf10-200ml","status":"publish","type":"product","link":"https:\/\/stylingagenten.com\/no\/produkt\/malibu-sun-lotion-spf10-200ml\/","title":{"rendered":"Malibu Sun Lotion SPF10 200ml"},"content":{"rendered":"<p>Malibu SPF10 Protective Lotion gir lav beskyttelse mot UVA- og UVB-str\u00e5ler. Det er en fotostabil lotion som er klinisk bevist \u00e5 v\u00e6re snill mot de fleste hudtyper. Videre er det vitaminanriket og vannl\u00f8selig. Solkremen er enkel \u00e5 p\u00e5f\u00f8re og er perfekt for stranden og ferier.<\/p>\n","protected":false},"excerpt":{"rendered":"<p>Malibu SPF10 Protective Lotion gir lav beskyttelse mot UVA- og UVB-str\u00e5ler. Det er en fotostabil lotion som er klinisk bevist \u00e5 v\u00e6re snill mot de fleste hudtyper. Videre er det vitaminanriket og vannl\u00f8selig. Solkremen er enkel \u00e5 p\u00e5f\u00f8re og er perfekt for stranden og ferier.<\/p>\n","protected":false},"featured_media":409597,"comment_status":"open","ping_status":"closed","template":"","meta":{"_trash_the_other_posts":false},"product_brand":[],"product_cat":[573],"product_tag":[3363],"berocket_brand":[1241],"class_list":{"0":"post-409599","1":"product","2":"type-product","3":"status-publish","4":"has-post-thumbnail","6":"product_cat-solkrem","7":"product_tag-malibu-sun-lotion-spf10","8":"pa_brand-malibu","9":"pa_variant-200ml","10":"berocket_brand-malibu","12":"first","13":"outofstock","14":"sale","15":"taxable","16":"shipping-taxable","17":"purchasable","18":"product-type-simple"},"_links":{"self":[{"href":"https:\/\/stylingagenten.com\/no\/wp-json\/wp\/v2\/product\/409599","targetHints":{"allow":["GET"]}}],"collection":[{"href":"https:\/\/stylingagenten.com\/no\/wp-json\/wp\/v2\/product"}],"about":[{"href":"https:\/\/stylingagenten.com\/no\/wp-json\/wp\/v2\/types\/product"}],"replies":[{"embeddable":true,"href":"https:\/\/stylingagenten.com\/no\/wp-json\/wp\/v2\/comments?post=409599"}],"version-history":[{"count":0,"href":"https:\/\/stylingagenten.com\/no\/wp-json\/wp\/v2\/product\/409599\/revisions"}],"wp:featuredmedia":[{"embeddable":true,"href":"https:\/\/stylingagenten.com\/no\/wp-json\/wp\/v2\/media\/409597"}],"wp:attachment":[{"href":"https:\/\/stylingagenten.com\/no\/wp-json\/wp\/v2\/media?parent=409599"}],"wp:term":[{"taxonomy":"product_brand","embeddable":true,"href":"https:\/\/stylingagenten.com\/no\/wp-json\/wp\/v2\/product_brand?post=409599"},{"taxonomy":"product_cat","embeddable":true,"href":"https:\/\/stylingagenten.com\/no\/wp-json\/wp\/v2\/product_cat?post=409599"},{"taxonomy":"product_tag","embeddable":true,"href":"https:\/\/stylingagenten.com\/no\/wp-json\/wp\/v2\/product_tag?post=409599"},{"taxonomy":"berocket_brand","embeddable":true,"href":"https:\/\/stylingagenten.com\/no\/wp-json\/wp\/v2\/berocket_brand?post=409599"}],"curies":[{"name":"wp","href":"https:\/\/api.w.org\/{rel}","templated":true}]}}