{"id":409514,"date":"2025-05-18T23:27:48","date_gmt":"2025-05-18T23:27:48","guid":{"rendered":"https:\/\/staging2.stylingagenten.com\/no\/produkt\/shiseido-sun-expert-pro-face-body-lotion-spf30-150ml\/"},"modified":"2026-02-20T09:06:32","modified_gmt":"2026-02-20T09:06:32","slug":"shiseido-sun-expert-pro-face-body-lotion-spf30-150ml","status":"publish","type":"product","link":"https:\/\/stylingagenten.com\/no\/produkt\/shiseido-sun-expert-pro-face-body-lotion-spf30-150ml\/","title":{"rendered":"Shiseido Sun Expert Pro Face &amp; Body Lotion SPF30 150ml"},"content":{"rendered":"<p>SHISEIDO solkrem gir beskyttelse mot UVA- og UVB-str\u00e5ler, urban forurensning ** og t\u00f8rrhet.<\/p>\n<p>Med SynchroShield Technology &trade;rme, svette eller vann, blir den sterkere. * Beriket med hudpleieingredienser, hjelper det \u00e5 forhindre opptreden av fine linjer, rynker og ujevn hudtone for\u00e5rsaket av UV-str\u00e5ler. *<\/p>\n<p>Lett og absorberes raskt, det f\u00f8les som hudpleie. Den smarte duften synkroniserer med svette: blander den med komplement\u00e6re duftingredienser for \u00e5 skape en tiltalende \u2013 og personlig \u2013 duft.<\/p>\n<p>&nbsp;<\/p>\n<p>&#8211; Krem etterlater ingen fett eller hvite rester<\/p>\n<p>&#8211; Fjernes enkelt med vanlig s\u00e5pe eller ansiktsrens<\/p>\n<p>&#8211; Sv\u00e6rt vannbestandig<\/p>\n<p>&nbsp;<\/p>\n<p>* In vitro.<\/p>\n<p>&lt;p ** St\u00f8v og sot<\/p>\n","protected":false},"excerpt":{"rendered":"<p>SHISEIDO solkrem gir beskyttelse mot UVA- og UVB-str\u00e5ler, urban forurensning ** og t\u00f8rrhet. Med SynchroShield Technology &trade;rme, svette eller vann, blir den sterkere. * Beriket med hudpleieingredienser, hjelper det \u00e5 forhindre opptreden av fine linjer, rynker og ujevn hudtone for\u00e5rsaket av UV-str\u00e5ler. * Lett og absorberes raskt, det f\u00f8les som hudpleie. Den smarte duften synkroniserer [&hellip;]<\/p>\n","protected":false},"featured_media":461406,"comment_status":"open","ping_status":"closed","template":"","meta":{"_trash_the_other_posts":false},"product_brand":[],"product_cat":[573],"product_tag":[],"berocket_brand":[1193],"class_list":{"0":"post-409514","1":"product","2":"type-product","3":"status-publish","4":"has-post-thumbnail","6":"product_cat-solkrem","7":"pa_brand-shiseido","8":"berocket_brand-shiseido","10":"first","11":"instock","12":"sale","13":"taxable","14":"shipping-taxable","15":"purchasable","16":"product-type-simple"},"_links":{"self":[{"href":"https:\/\/stylingagenten.com\/no\/wp-json\/wp\/v2\/product\/409514","targetHints":{"allow":["GET"]}}],"collection":[{"href":"https:\/\/stylingagenten.com\/no\/wp-json\/wp\/v2\/product"}],"about":[{"href":"https:\/\/stylingagenten.com\/no\/wp-json\/wp\/v2\/types\/product"}],"replies":[{"embeddable":true,"href":"https:\/\/stylingagenten.com\/no\/wp-json\/wp\/v2\/comments?post=409514"}],"version-history":[{"count":0,"href":"https:\/\/stylingagenten.com\/no\/wp-json\/wp\/v2\/product\/409514\/revisions"}],"wp:featuredmedia":[{"embeddable":true,"href":"https:\/\/stylingagenten.com\/no\/wp-json\/wp\/v2\/media\/461406"}],"wp:attachment":[{"href":"https:\/\/stylingagenten.com\/no\/wp-json\/wp\/v2\/media?parent=409514"}],"wp:term":[{"taxonomy":"product_brand","embeddable":true,"href":"https:\/\/stylingagenten.com\/no\/wp-json\/wp\/v2\/product_brand?post=409514"},{"taxonomy":"product_cat","embeddable":true,"href":"https:\/\/stylingagenten.com\/no\/wp-json\/wp\/v2\/product_cat?post=409514"},{"taxonomy":"product_tag","embeddable":true,"href":"https:\/\/stylingagenten.com\/no\/wp-json\/wp\/v2\/product_tag?post=409514"},{"taxonomy":"berocket_brand","embeddable":true,"href":"https:\/\/stylingagenten.com\/no\/wp-json\/wp\/v2\/berocket_brand?post=409514"}],"curies":[{"name":"wp","href":"https:\/\/api.w.org\/{rel}","templated":true}]}}