{"id":409504,"date":"2025-05-18T23:27:45","date_gmt":"2025-05-18T23:27:45","guid":{"rendered":"https:\/\/staging2.stylingagenten.com\/no\/produkt\/shiseido-sports-invisible-protective-mist-spf50-150ml\/"},"modified":"2026-04-14T13:07:31","modified_gmt":"2026-04-14T13:07:31","slug":"shiseido-sports-invisible-protective-mist-spf50-150ml","status":"publish","type":"product","link":"https:\/\/stylingagenten.com\/no\/produkt\/shiseido-sports-invisible-protective-mist-spf50-150ml\/","title":{"rendered":"Shiseido Sports Invisible Protective Mist SPF50+ 150ml"},"content":{"rendered":"<p><span data-contrast=\"auto\" lang=\"NO\">En usynlig beskyttende t\u00e5ke for ansikt og kropp, ikke-klebrig og umiddelbart absorbert, ideell for utend\u00f8rsaktiviteter og sport. Med den ultimate UV-beskyttelsen t\u00e5ler den selv sterke trenings\u00f8kter, samtidig som den gir huden din en jevn, silkeaktig finish uten \u00e5 f\u00f8les fet. den.<\/span>&nbsp;<br \/><span data-contrast=\"auto\" lang=\"SV\">Formelen&nbsp;gir en avkj\u00f8lende og forfriskende brus p&aring; huden ved p\u00e5f\u00f8ring.<\/span>&nbsp;<br \/>&nbsp;<br \/><span data-contrast=\"auto\" lang=\"EN\">Shiseidos&nbsp;nye&nbsp;Invisible&nbsp;Feel-teknologi gir rask penetrasjon uten fett eller hvitt papir p&aring; huden.<\/span>&nbsp;<br \/><span data-contrast=\"auto\" lang=\"EN\">&nbsp;<\/span>&nbsp;<br \/><span data-contrast=\"auto\" lang=\" NO \">Shiseidos&nbsp;ikoniske&nbsp;WetForce&nbsp;TEKNOLOGI styrker et beskyttende lag n\u00e5r det kommer i kontakt med svette eller vann.<\/span>&nbsp;<br \/><span data-contrast=\"auto\" lang=\" EN\">&nbsp; <\/span>&nbsp;<br \/><span data-contrast=\"auto\" lang=\"EN\">Inneholder&nbsp;Shiseido&nbsp;frisk luktharmoniserende duft som fanger svetteduften og synkroniserer med den, og endrer den oppfattede duften til en behagelig duft. Uansett hvor aktiv du er eller hvor mye du svetter under solen, kan du bruke tid uten \u00e5 bekymre deg for svettelukten.&quot;<\/span><span data-ccp-props='{\"201341983\": 0,\" 335559739\":160,\"335559740\":259}'>&nbsp;<\/span> <\/p>\n","protected":false},"excerpt":{"rendered":"<p>En usynlig beskyttende t\u00e5ke for ansikt og kropp, ikke-klebrig og umiddelbart absorbert, ideell for utend\u00f8rsaktiviteter og sport. Med den ultimate UV-beskyttelsen t\u00e5ler den selv sterke trenings\u00f8kter, samtidig som den gir huden din en jevn, silkeaktig finish uten \u00e5 f\u00f8les fet. den.&nbsp;Formelen&nbsp;gir en avkj\u00f8lende og forfriskende brus p&aring; huden ved p\u00e5f\u00f8ring.&nbsp;&nbsp;Shiseidos&nbsp;nye&nbsp;Invisible&nbsp;Feel-teknologi gir rask penetrasjon uten fett [&hellip;]<\/p>\n","protected":false},"featured_media":409503,"comment_status":"open","ping_status":"closed","template":"","meta":{"_trash_the_other_posts":false},"product_brand":[],"product_cat":[573],"product_tag":[],"berocket_brand":[1193],"class_list":{"0":"post-409504","1":"product","2":"type-product","3":"status-publish","4":"has-post-thumbnail","6":"product_cat-solkrem","7":"pa_brand-shiseido","8":"berocket_brand-shiseido","10":"first","11":"outofstock","12":"sale","13":"taxable","14":"shipping-taxable","15":"purchasable","16":"product-type-simple"},"_links":{"self":[{"href":"https:\/\/stylingagenten.com\/no\/wp-json\/wp\/v2\/product\/409504","targetHints":{"allow":["GET"]}}],"collection":[{"href":"https:\/\/stylingagenten.com\/no\/wp-json\/wp\/v2\/product"}],"about":[{"href":"https:\/\/stylingagenten.com\/no\/wp-json\/wp\/v2\/types\/product"}],"replies":[{"embeddable":true,"href":"https:\/\/stylingagenten.com\/no\/wp-json\/wp\/v2\/comments?post=409504"}],"version-history":[{"count":1,"href":"https:\/\/stylingagenten.com\/no\/wp-json\/wp\/v2\/product\/409504\/revisions"}],"predecessor-version":[{"id":469824,"href":"https:\/\/stylingagenten.com\/no\/wp-json\/wp\/v2\/product\/409504\/revisions\/469824"}],"wp:featuredmedia":[{"embeddable":true,"href":"https:\/\/stylingagenten.com\/no\/wp-json\/wp\/v2\/media\/409503"}],"wp:attachment":[{"href":"https:\/\/stylingagenten.com\/no\/wp-json\/wp\/v2\/media?parent=409504"}],"wp:term":[{"taxonomy":"product_brand","embeddable":true,"href":"https:\/\/stylingagenten.com\/no\/wp-json\/wp\/v2\/product_brand?post=409504"},{"taxonomy":"product_cat","embeddable":true,"href":"https:\/\/stylingagenten.com\/no\/wp-json\/wp\/v2\/product_cat?post=409504"},{"taxonomy":"product_tag","embeddable":true,"href":"https:\/\/stylingagenten.com\/no\/wp-json\/wp\/v2\/product_tag?post=409504"},{"taxonomy":"berocket_brand","embeddable":true,"href":"https:\/\/stylingagenten.com\/no\/wp-json\/wp\/v2\/berocket_brand?post=409504"}],"curies":[{"name":"wp","href":"https:\/\/api.w.org\/{rel}","templated":true}]}}