{"id":409476,"date":"2025-05-18T23:27:38","date_gmt":"2025-05-18T23:27:38","guid":{"rendered":"https:\/\/staging2.stylingagenten.com\/no\/produkt\/malibu-lotion-spray-spf15-200ml\/"},"modified":"2026-04-10T20:38:53","modified_gmt":"2026-04-10T20:38:53","slug":"malibu-lotion-spray-spf15-200ml","status":"publish","type":"product","link":"https:\/\/stylingagenten.com\/no\/produkt\/malibu-lotion-spray-spf15-200ml\/","title":{"rendered":"Malibu Lotion Spray SPF15 200ml"},"content":{"rendered":"<p>Malibu SPF15 Lotion Spray gir beskyttelse mot UVA- og UVB-str\u00e5ler. Det er en fotostabil lotion som er klinisk bevist \u00e5 v\u00e6re snill mot de fleste hudtyper. Videre er det vitaminanriket og vannl\u00f8selig. Solkremen er enkel \u00e5 p\u00e5f\u00f8re og er perfekt for stranden og ferier.<\/p>\n","protected":false},"excerpt":{"rendered":"<p>Malibu SPF15 Lotion Spray gir beskyttelse mot UVA- og UVB-str\u00e5ler. Det er en fotostabil lotion som er klinisk bevist \u00e5 v\u00e6re snill mot de fleste hudtyper. Videre er det vitaminanriket og vannl\u00f8selig. Solkremen er enkel \u00e5 p\u00e5f\u00f8re og er perfekt for stranden og ferier.<\/p>\n","protected":false},"featured_media":409475,"comment_status":"open","ping_status":"closed","template":"","meta":{"_trash_the_other_posts":false},"product_brand":[],"product_cat":[573],"product_tag":[],"berocket_brand":[1241],"class_list":{"0":"post-409476","1":"product","2":"type-product","3":"status-publish","4":"has-post-thumbnail","6":"product_cat-solkrem","7":"pa_brand-malibu","8":"berocket_brand-malibu","10":"first","11":"instock","12":"sale","13":"taxable","14":"shipping-taxable","15":"purchasable","16":"product-type-simple"},"_links":{"self":[{"href":"https:\/\/stylingagenten.com\/no\/wp-json\/wp\/v2\/product\/409476","targetHints":{"allow":["GET"]}}],"collection":[{"href":"https:\/\/stylingagenten.com\/no\/wp-json\/wp\/v2\/product"}],"about":[{"href":"https:\/\/stylingagenten.com\/no\/wp-json\/wp\/v2\/types\/product"}],"replies":[{"embeddable":true,"href":"https:\/\/stylingagenten.com\/no\/wp-json\/wp\/v2\/comments?post=409476"}],"version-history":[{"count":0,"href":"https:\/\/stylingagenten.com\/no\/wp-json\/wp\/v2\/product\/409476\/revisions"}],"wp:featuredmedia":[{"embeddable":true,"href":"https:\/\/stylingagenten.com\/no\/wp-json\/wp\/v2\/media\/409475"}],"wp:attachment":[{"href":"https:\/\/stylingagenten.com\/no\/wp-json\/wp\/v2\/media?parent=409476"}],"wp:term":[{"taxonomy":"product_brand","embeddable":true,"href":"https:\/\/stylingagenten.com\/no\/wp-json\/wp\/v2\/product_brand?post=409476"},{"taxonomy":"product_cat","embeddable":true,"href":"https:\/\/stylingagenten.com\/no\/wp-json\/wp\/v2\/product_cat?post=409476"},{"taxonomy":"product_tag","embeddable":true,"href":"https:\/\/stylingagenten.com\/no\/wp-json\/wp\/v2\/product_tag?post=409476"},{"taxonomy":"berocket_brand","embeddable":true,"href":"https:\/\/stylingagenten.com\/no\/wp-json\/wp\/v2\/berocket_brand?post=409476"}],"curies":[{"name":"wp","href":"https:\/\/api.w.org\/{rel}","templated":true}]}}