{"id":409453,"date":"2025-05-18T23:27:32","date_gmt":"2025-05-18T23:27:32","guid":{"rendered":"https:\/\/staging2.stylingagenten.com\/no\/produkt\/malibu-clear-protection-spray-spf30-250ml\/"},"modified":"2026-03-10T15:45:44","modified_gmt":"2026-03-10T15:45:44","slug":"malibu-clear-protection-spray-spf30-250ml","status":"publish","type":"product","link":"https:\/\/stylingagenten.com\/no\/produkt\/malibu-clear-protection-spray-spf30-250ml\/","title":{"rendered":"Malibu Clear Protection Spray SPF30 250ml"},"content":{"rendered":"<p>Malibu Clear Protection Spray 250ml gir beskyttelse mot UVA- og UVB-str\u00e5ler. Enkel \u00e5 p\u00e5f\u00f8re og etterlater ingen rester, det er den perfekte solkremen \u00e5 ta med p\u00e5 stranden eller parken p\u00e5 solrike sommerdager.<\/p>\n","protected":false},"excerpt":{"rendered":"<p>Malibu Clear Protection Spray 250ml gir beskyttelse mot UVA- og UVB-str\u00e5ler. Enkel \u00e5 p\u00e5f\u00f8re og etterlater ingen rester, det er den perfekte solkremen \u00e5 ta med p\u00e5 stranden eller parken p\u00e5 solrike sommerdager.<\/p>\n","protected":false},"featured_media":409451,"comment_status":"open","ping_status":"closed","template":"","meta":{"_trash_the_other_posts":false},"product_brand":[],"product_cat":[573],"product_tag":[],"berocket_brand":[1241],"class_list":{"0":"post-409453","1":"product","2":"type-product","3":"status-publish","4":"has-post-thumbnail","6":"product_cat-solkrem","7":"pa_brand-malibu","8":"berocket_brand-malibu","10":"first","11":"instock","12":"sale","13":"taxable","14":"shipping-taxable","15":"purchasable","16":"product-type-simple"},"_links":{"self":[{"href":"https:\/\/stylingagenten.com\/no\/wp-json\/wp\/v2\/product\/409453","targetHints":{"allow":["GET"]}}],"collection":[{"href":"https:\/\/stylingagenten.com\/no\/wp-json\/wp\/v2\/product"}],"about":[{"href":"https:\/\/stylingagenten.com\/no\/wp-json\/wp\/v2\/types\/product"}],"replies":[{"embeddable":true,"href":"https:\/\/stylingagenten.com\/no\/wp-json\/wp\/v2\/comments?post=409453"}],"version-history":[{"count":0,"href":"https:\/\/stylingagenten.com\/no\/wp-json\/wp\/v2\/product\/409453\/revisions"}],"wp:featuredmedia":[{"embeddable":true,"href":"https:\/\/stylingagenten.com\/no\/wp-json\/wp\/v2\/media\/409451"}],"wp:attachment":[{"href":"https:\/\/stylingagenten.com\/no\/wp-json\/wp\/v2\/media?parent=409453"}],"wp:term":[{"taxonomy":"product_brand","embeddable":true,"href":"https:\/\/stylingagenten.com\/no\/wp-json\/wp\/v2\/product_brand?post=409453"},{"taxonomy":"product_cat","embeddable":true,"href":"https:\/\/stylingagenten.com\/no\/wp-json\/wp\/v2\/product_cat?post=409453"},{"taxonomy":"product_tag","embeddable":true,"href":"https:\/\/stylingagenten.com\/no\/wp-json\/wp\/v2\/product_tag?post=409453"},{"taxonomy":"berocket_brand","embeddable":true,"href":"https:\/\/stylingagenten.com\/no\/wp-json\/wp\/v2\/berocket_brand?post=409453"}],"curies":[{"name":"wp","href":"https:\/\/api.w.org\/{rel}","templated":true}]}}