{"id":409400,"date":"2025-05-18T23:27:17","date_gmt":"2025-05-18T23:27:17","guid":{"rendered":"https:\/\/staging2.stylingagenten.com\/no\/produkt\/shiseido-clear-suncare-stick-spf50-20g\/"},"modified":"2026-04-14T10:20:35","modified_gmt":"2026-04-14T10:20:35","slug":"shiseido-clear-suncare-stick-spf50-20g","status":"publish","type":"product","link":"https:\/\/stylingagenten.com\/no\/produkt\/shiseido-clear-suncare-stick-spf50-20g\/","title":{"rendered":"Shiseido Clear Suncare Stick Spf50+ 20g"},"content":{"rendered":"<p>Shiseido Clear Suncare Stick SPF50+ er en gjennomsiktig solkremstift som p\u00e5f\u00f8res jevnt direkte p\u00e5 huden der du vil ha den uten \u00e5 sm\u00f8re eller synlige rester. Med Shiseido sin innovasjonsteknologi innen solbeskyttelse, mer effektiv og gir bedre beskyttelse n\u00e5r den kommer i kontakt med varme, vann eller svette. Perfekt for en aktiv hverdag hvor solkremen m\u00e5 holde seg p\u00e5 plass og har en mykgj\u00f8rende effekt. <\/p>\n<p>Bruk <br \/>Blyanten p\u00e5f\u00f8res rett over huden og kan brukes p\u00e5 b\u00e5de ansikt og kropp. P\u00e5f\u00f8r om morgenen f\u00f8r sminken for en primende effekt, og p\u00e5f\u00f8r deretter p\u00e5 nytt hele dagen over sminken for \u00e5 sikre maksimal beskyttelse. <\/p>\n<p>20 g<\/p>\n","protected":false},"excerpt":{"rendered":"<p>Shiseido Clear Suncare Stick SPF50+ er en gjennomsiktig solkremstift som p\u00e5f\u00f8res jevnt direkte p\u00e5 huden der du vil ha den uten \u00e5 sm\u00f8re eller synlige rester. Med Shiseido sin innovasjonsteknologi innen solbeskyttelse, mer effektiv og gir bedre beskyttelse n\u00e5r den kommer i kontakt med varme, vann eller svette. Perfekt for en aktiv hverdag hvor solkremen [&hellip;]<\/p>\n","protected":false},"featured_media":409398,"comment_status":"open","ping_status":"closed","template":"","meta":{"_trash_the_other_posts":false},"product_brand":[],"product_cat":[573],"product_tag":[],"berocket_brand":[1193],"class_list":{"0":"post-409400","1":"product","2":"type-product","3":"status-publish","4":"has-post-thumbnail","6":"product_cat-solkrem","7":"pa_brand-shiseido","8":"berocket_brand-shiseido","10":"first","11":"instock","12":"sale","13":"taxable","14":"shipping-taxable","15":"purchasable","16":"product-type-simple"},"_links":{"self":[{"href":"https:\/\/stylingagenten.com\/no\/wp-json\/wp\/v2\/product\/409400","targetHints":{"allow":["GET"]}}],"collection":[{"href":"https:\/\/stylingagenten.com\/no\/wp-json\/wp\/v2\/product"}],"about":[{"href":"https:\/\/stylingagenten.com\/no\/wp-json\/wp\/v2\/types\/product"}],"replies":[{"embeddable":true,"href":"https:\/\/stylingagenten.com\/no\/wp-json\/wp\/v2\/comments?post=409400"}],"version-history":[{"count":0,"href":"https:\/\/stylingagenten.com\/no\/wp-json\/wp\/v2\/product\/409400\/revisions"}],"wp:featuredmedia":[{"embeddable":true,"href":"https:\/\/stylingagenten.com\/no\/wp-json\/wp\/v2\/media\/409398"}],"wp:attachment":[{"href":"https:\/\/stylingagenten.com\/no\/wp-json\/wp\/v2\/media?parent=409400"}],"wp:term":[{"taxonomy":"product_brand","embeddable":true,"href":"https:\/\/stylingagenten.com\/no\/wp-json\/wp\/v2\/product_brand?post=409400"},{"taxonomy":"product_cat","embeddable":true,"href":"https:\/\/stylingagenten.com\/no\/wp-json\/wp\/v2\/product_cat?post=409400"},{"taxonomy":"product_tag","embeddable":true,"href":"https:\/\/stylingagenten.com\/no\/wp-json\/wp\/v2\/product_tag?post=409400"},{"taxonomy":"berocket_brand","embeddable":true,"href":"https:\/\/stylingagenten.com\/no\/wp-json\/wp\/v2\/berocket_brand?post=409400"}],"curies":[{"name":"wp","href":"https:\/\/api.w.org\/{rel}","templated":true}]}}