{"id":409396,"date":"2025-05-18T23:27:16","date_gmt":"2025-05-18T23:27:16","guid":{"rendered":"https:\/\/staging2.stylingagenten.com\/no\/produkt\/malibu-kids-sun-lotion-spf30-100ml\/"},"modified":"2026-04-01T08:48:52","modified_gmt":"2026-04-01T08:48:52","slug":"malibu-kids-sun-lotion-spf30-100ml","status":"publish","type":"product","link":"https:\/\/stylingagenten.com\/no\/produkt\/malibu-kids-sun-lotion-spf30-100ml\/","title":{"rendered":"Malibu Kids Sun Lotion SPF30 100ml"},"content":{"rendered":"<p>Malibu Kids SPF30 Protective Lotion gir h\u00f8y beskyttelse mot UVA- og UVB-str\u00e5ler og er spesielt formulert for \u00e5 t\u00e5le alle barneaktiviteter p\u00e5 stranden. Det er en fotostabil lotion som er klinisk bevist \u00e5 v\u00e6re snill mot de fleste hudtyper. Videre er den beriket med vitaminer, inneholder Aloe Vera og er vannavst\u00f8tende. Solkremen er enkel \u00e5 p\u00e5f\u00f8re og er perfekt for stranden og ferier.<\/p>\n","protected":false},"excerpt":{"rendered":"<p>Malibu Kids SPF30 Protective Lotion gir h\u00f8y beskyttelse mot UVA- og UVB-str\u00e5ler og er spesielt formulert for \u00e5 t\u00e5le alle barneaktiviteter p\u00e5 stranden. Det er en fotostabil lotion som er klinisk bevist \u00e5 v\u00e6re snill mot de fleste hudtyper. Videre er den beriket med vitaminer, inneholder Aloe Vera og er vannavst\u00f8tende. Solkremen er enkel \u00e5 [&hellip;]<\/p>\n","protected":false},"featured_media":409395,"comment_status":"open","ping_status":"closed","template":"","meta":{"_trash_the_other_posts":false},"product_brand":[],"product_cat":[1011,573],"product_tag":[3361],"berocket_brand":[1241],"class_list":{"0":"post-409396","1":"product","2":"type-product","3":"status-publish","4":"has-post-thumbnail","6":"product_cat-solbeskyttelse-barn","7":"product_cat-solkrem","8":"product_tag-malibu-kids-sun-lotion-spf30","9":"pa_brand-malibu","10":"pa_variant-100ml","11":"berocket_brand-malibu","13":"first","14":"instock","15":"sale","16":"taxable","17":"shipping-taxable","18":"purchasable","19":"product-type-simple"},"_links":{"self":[{"href":"https:\/\/stylingagenten.com\/no\/wp-json\/wp\/v2\/product\/409396","targetHints":{"allow":["GET"]}}],"collection":[{"href":"https:\/\/stylingagenten.com\/no\/wp-json\/wp\/v2\/product"}],"about":[{"href":"https:\/\/stylingagenten.com\/no\/wp-json\/wp\/v2\/types\/product"}],"replies":[{"embeddable":true,"href":"https:\/\/stylingagenten.com\/no\/wp-json\/wp\/v2\/comments?post=409396"}],"version-history":[{"count":0,"href":"https:\/\/stylingagenten.com\/no\/wp-json\/wp\/v2\/product\/409396\/revisions"}],"wp:featuredmedia":[{"embeddable":true,"href":"https:\/\/stylingagenten.com\/no\/wp-json\/wp\/v2\/media\/409395"}],"wp:attachment":[{"href":"https:\/\/stylingagenten.com\/no\/wp-json\/wp\/v2\/media?parent=409396"}],"wp:term":[{"taxonomy":"product_brand","embeddable":true,"href":"https:\/\/stylingagenten.com\/no\/wp-json\/wp\/v2\/product_brand?post=409396"},{"taxonomy":"product_cat","embeddable":true,"href":"https:\/\/stylingagenten.com\/no\/wp-json\/wp\/v2\/product_cat?post=409396"},{"taxonomy":"product_tag","embeddable":true,"href":"https:\/\/stylingagenten.com\/no\/wp-json\/wp\/v2\/product_tag?post=409396"},{"taxonomy":"berocket_brand","embeddable":true,"href":"https:\/\/stylingagenten.com\/no\/wp-json\/wp\/v2\/berocket_brand?post=409396"}],"curies":[{"name":"wp","href":"https:\/\/api.w.org\/{rel}","templated":true}]}}